{"id":43299,"date":"2025-02-10T11:21:16","date_gmt":"2025-02-10T11:21:16","guid":{"rendered":"https:\/\/www.lacala.com\/the-resort\/awards\/"},"modified":"2025-04-11T09:04:27","modified_gmt":"2025-04-11T09:04:27","slug":"awards","status":"publish","type":"page","link":"https:\/\/www.lacala.com\/es\/el-resort\/awards\/","title":{"rendered":"Premios"},"content":{"rendered":"<!--blockstudio\/banner\/banner-gallery--><section class=\"main-banner-section half-height\">\r\n    <div class=\"main-banner\">\r\n\r\n        <img loading=\"lazy\" decoding=\"async\" width=\"1920\" height=\"624\" src=\"https:\/\/www.lacala.com\/wp-content\/uploads\/2025\/02\/Panoramic_View_Asia_Hotel-1-1920x624.jpg\" class=\"main-banner-file desktop\" alt=\"\">\r\n        <div class=\"banner-overlay\"><\/div>\r\n        <div class=\"main-banner-content\">            \r\n            <h2 class=\"main-banner-title\">Premios<\/h2>   \r\n             \r\n        <\/div>\r\n       \r\n    <\/div>\r\n<\/section><!--blockstudio\/primary-content-inside\/primary-content-inside--><div class=\"primary-content-wrap\">\r\n    <section class=\"breadcrumb-container\">\r\n        <div class=\"breadcrumbs\" xmlns:v=\"http:\/\/rdf.data-vocabulary.org\/#\"><a href=\"https:\/\/www.lacala.com\/es\/\" rel=\"v:url\" property=\"v:title\">Home<\/a> \/ <span class=\"current\">P&aacute;gina<\/span><\/div><!-- .breadcrumbs -->    <\/section>\r\n    \r\n    <section class=\"primary-content-section \">\r\n        <div class=\"primary-content no-image\">\r\n                        <div class=\"primary-text main-cont-txt\"><p><strong>Un testimonio de excelencia en hospitalidad y golf<\/strong><\/p><p>En La Cala Resort, nos comprometemos a ofrecer una hospitalidad excepcional, experiencias de golf de primera clase y mejoras continuas para garantizar que cada hu&eacute;sped disfrute de lo mejor. A lo largo de los a&ntilde;os, esta dedicaci&oacute;n ha sido reconocida por los principales expertos del sector, lo que nos ha hecho merecedores de prestigiosos premios que destacan nuestra calidad, servicio y compromiso con la sostenibilidad. <\/p>                <div class=\"table-wrapper\"><\/div>\r\n            <\/div>\r\n            \r\n            \r\n\r\n\r\n            \r\n        <\/div>\r\n            <\/section>\r\n<\/div>\n<div class=\"wp-block-group is-content-justification-center is-layout-flex wp-container-core-group-is-layout-268fb458 wp-block-group-is-layout-flex\" style=\"padding-right:0;padding-left:0\">\n<figure class=\"wp-block-image aligncenter size-full is-resized\"><img loading=\"lazy\" decoding=\"async\" width=\"150\" height=\"169\" src=\"https:\/\/www.lacala.com\/wp-content\/uploads\/2025\/03\/TOP_100_RESORTS_CONTINENTAL_EUROPE-1.png\" alt=\"\" class=\"wp-image-44717\" style=\"width:135px\"\/><\/figure>\n\n\n\n<figure class=\"wp-block-image aligncenter size-full is-resized\"><img loading=\"lazy\" decoding=\"async\" width=\"150\" height=\"67\" src=\"https:\/\/www.lacala.com\/wp-content\/uploads\/2025\/03\/INTERNATIONAL_HOTEL_AWARDS-1.png\" alt=\"\" class=\"wp-image-44713\" style=\"width:180px;height:auto\"\/><\/figure>\n\n\n\n<figure class=\"wp-block-image size-full\"><img loading=\"lazy\" decoding=\"async\" width=\"150\" height=\"174\" src=\"https:\/\/www.lacala.com\/wp-content\/uploads\/2025\/03\/TOP_100_WORLD_RESORTS-1.png\" alt=\"\" class=\"wp-image-44719\"\/><\/figure>\n\n\n\n<figure class=\"wp-block-image aligncenter size-full is-resized\"><img loading=\"lazy\" decoding=\"async\" width=\"150\" height=\"165\" src=\"https:\/\/www.lacala.com\/wp-content\/uploads\/2025\/03\/Trip_Advisor_BOTB_2024.png\" alt=\"\" class=\"wp-image-44707\" style=\"width:118px;height:auto\"\/><\/figure>\n\n\n\n<figure class=\"wp-block-image aligncenter size-full is-resized\"><img loading=\"lazy\" decoding=\"async\" width=\"150\" height=\"183\" src=\"https:\/\/www.lacala.com\/wp-content\/uploads\/2025\/03\/IAGTO-Awards-2024-PNG-1.png\" alt=\"\" class=\"wp-image-44711\" style=\"width:136px;height:auto\"\/><\/figure>\n\n\n\n<figure class=\"wp-block-image aligncenter size-full is-resized\"><img loading=\"lazy\" decoding=\"async\" width=\"150\" height=\"93\" src=\"https:\/\/www.lacala.com\/wp-content\/uploads\/2025\/03\/INTERNATIONAL_TRAVEL_AWARDS-1.png\" alt=\"\" class=\"wp-image-44715\" style=\"width:131px;height:auto\"\/><\/figure>\n\n\n\n<figure class=\"wp-block-image aligncenter size-full is-resized\"><img loading=\"lazy\" decoding=\"async\" width=\"150\" height=\"156\" src=\"https:\/\/www.lacala.com\/wp-content\/uploads\/2025\/03\/Final_Certified_Logo_Green-1.png\" alt=\"\" class=\"wp-image-44709\" style=\"width:154px;height:auto\"\/><\/figure>\n<\/div>\n<!--blockstudio\/secondary-content\/secondary-content--><section class=\"secondary-content\">\r\n<div class=\"secondary-content-wrap\">    \r\n    <div class=\"secondary-content-content\">\r\n                    <h3 class=\"secondary-content-title\">Nuestros logros<\/h3>\r\n                <div class=\"secondary-content-text\">\r\n            <p>Nuestros logros incluyen:<\/p><ul><li><p><strong>Mejor Hotel de 4*, Europa y Espa\u00f1a<\/strong> &#8211; International Hotel Awards<\/p><\/li><li><p><strong>Top 100 Resorts en Europa Continental &amp; Top 100 Resorts en el Mundo<\/strong> &#8211; Golf World<\/p><\/li><li><p><strong>Mejor de los Mejores 2024<\/strong> &#8211; Premio Tripadvisor Travelers&#8217; Choice<\/p><\/li><li><p><strong>Complejo de Golf del A\u00f1o 2024 &#8211; Espa\u00f1a<\/strong> &#8211; IAGTO<\/p><\/li><li><p><strong>GEO Certified\u00ae<\/strong> &#8211; Reconoce nuestro compromiso con las pr\u00e1cticas medioambientales y sostenibles<\/p><\/li><\/ul><p>Estos galardones reflejan no solo nuestra b\u00fasqueda de la excelencia, sino tambi\u00e9n la confianza y el aprecio de nuestros hu\u00e9spedes. En La Cala Resort, seguimos comprometidos con la mejora de nuestras instalaciones, servicios y experiencias, asegur\u00e1ndonos de seguir marcando la pauta en hospitalidad y golf en Espa\u00f1a y el extranjero. <\/p>                    <\/div>\r\n    <\/div>\r\n    <div class=\"secondary-content-image\">\r\n        <img loading=\"lazy\" decoding=\"async\" width=\"713\" height=\"500\" src=\"https:\/\/www.lacala.com\/wp-content\/uploads\/2025\/01\/Panoramic_View_Asia_Hotel-Custom-3-713x500.jpg\" class=\"secondary-content-img\" alt=\"\" \/>    <\/div>\r\n<\/div>\r\n<\/section><!--blockstudio\/full-width\/location--><section class=\"fullwidth-two-section\">\r\n    <div class=\"fullwidth-two-image-wrap\">\r\n        <img loading=\"lazy\" decoding=\"async\" width=\"1920\" height=\"455\" src=\"https:\/\/www.lacala.com\/wp-content\/uploads\/2024\/12\/map_desktop_lcr_full-1920x455.png\" class=\"fullwidth-two-image\" alt=\"\" srcset=\"https:\/\/www.lacala.com\/wp-content\/uploads\/2024\/12\/map_desktop_lcr_full-1920x455.png 1920w, https:\/\/www.lacala.com\/wp-content\/uploads\/2024\/12\/map_desktop_lcr_full-300x71.png 300w, https:\/\/www.lacala.com\/wp-content\/uploads\/2024\/12\/map_desktop_lcr_full-1024x243.png 1024w, https:\/\/www.lacala.com\/wp-content\/uploads\/2024\/12\/map_desktop_lcr_full-768x182.png 768w, https:\/\/www.lacala.com\/wp-content\/uploads\/2024\/12\/map_desktop_lcr_full-1536x364.png 1536w, https:\/\/www.lacala.com\/wp-content\/uploads\/2024\/12\/map_desktop_lcr_full.png 2000w\" sizes=\"auto, (max-width: 1920px) 100vw, 1920px\">    <\/div>\r\n    <div class=\"fullwidth-two-content\">\r\n            <div class=\"fullwidth-two-logo-wrap\">\r\n                <img loading=\"lazy\" decoding=\"async\" width=\"300\" height=\"267\" src=\"https:\/\/www.lacala.com\/wp-content\/uploads\/2025\/03\/map-icon-1.png\" class=\"fullwidth-two-logo\" alt=\"\">            <\/div>\r\n            <div class=\"fullwidth-two-text-content\">\r\n                <h3 class=\"fullwidth-two-title\">Localizaci&oacute;n<\/h3>\r\n                <p class=\"fullwidth-two-text\">C. Mirador del Golf, 1, 29649 La Cala de Mijas, M&aacute;laga, Spain <br>Email: <a href=\"mailto:lacala@lacala.com\">lacala@lacala.com<\/a><br>Tel: <a href=\"tel:0034952669000\">(+34) 952 669 000<\/a><\/p>\r\n            <\/div>\r\n                            <a class=\"fullwidth-two-cta main-btn\" href=\"https:\/\/maps.app.goo.gl\/HEnmvYuunFpr89HT9\" target=\"\" rel=\"noopener\">\r\n                Localizaci&oacute;n<\/a>\r\n                <\/div>\r\n<\/section>","protected":false},"excerpt":{"rendered":"","protected":false},"author":4,"featured_media":0,"parent":43296,"menu_order":3,"comment_status":"closed","ping_status":"closed","template":"wp-custom-template-inside","meta":{"footnotes":""},"class_list":["post-43299","page","type-page","status-publish","hentry"],"_links":{"self":[{"href":"https:\/\/www.lacala.com\/es\/wp-json\/wp\/v2\/pages\/43299","targetHints":{"allow":["GET"]}}],"collection":[{"href":"https:\/\/www.lacala.com\/es\/wp-json\/wp\/v2\/pages"}],"about":[{"href":"https:\/\/www.lacala.com\/es\/wp-json\/wp\/v2\/types\/page"}],"author":[{"embeddable":true,"href":"https:\/\/www.lacala.com\/es\/wp-json\/wp\/v2\/users\/4"}],"replies":[{"embeddable":true,"href":"https:\/\/www.lacala.com\/es\/wp-json\/wp\/v2\/comments?post=43299"}],"version-history":[{"count":0,"href":"https:\/\/www.lacala.com\/es\/wp-json\/wp\/v2\/pages\/43299\/revisions"}],"up":[{"embeddable":true,"href":"https:\/\/www.lacala.com\/es\/wp-json\/wp\/v2\/pages\/43296"}],"wp:attachment":[{"href":"https:\/\/www.lacala.com\/es\/wp-json\/wp\/v2\/media?parent=43299"}],"curies":[{"name":"wp","href":"https:\/\/api.w.org\/{rel}","templated":true}]}}