{"id":43790,"date":"2025-01-23T09:49:45","date_gmt":"2025-01-23T09:49:45","guid":{"rendered":"https:\/\/www.lacala.com\/campo-america\/"},"modified":"2026-02-20T13:28:29","modified_gmt":"2026-02-20T13:28:29","slug":"campo-america","status":"publish","type":"page","link":"https:\/\/www.lacala.com\/es\/golf\/campo-america\/","title":{"rendered":"Campo America"},"content":{"rendered":"<!--blockstudio\/banner\/banner-gallery--><section class=\"main-banner-section half-height\">\r\n    <div class=\"main-banner\">\r\n\r\n        <img loading=\"lazy\" decoding=\"async\" width=\"1920\" height=\"624\" src=\"https:\/\/www.lacala.com\/wp-content\/uploads\/2025\/03\/12ND-AMERICA_GREEN-1920x624.jpg\" class=\"main-banner-file desktop\" alt=\"\">\r\n        <div class=\"banner-overlay\"><\/div>\r\n        <div class=\"main-banner-content\">            \r\n            <h2 class=\"main-banner-title\">Campo America<\/h2>   \r\n             \r\n        <\/div>\r\n       \r\n    <\/div>\r\n<\/section><!--blockstudio\/primary-content-inside\/primary-content-inside--><div class=\"primary-content-wrap\">\r\n    <section class=\"breadcrumb-container\">\r\n        <div class=\"breadcrumbs\" xmlns:v=\"http:\/\/rdf.data-vocabulary.org\/#\"><a href=\"https:\/\/www.lacala.com\/es\/\" rel=\"v:url\" property=\"v:title\">Home<\/a> \/ <span class=\"current\">P&aacute;gina<\/span><\/div><!-- .breadcrumbs -->    <\/section>\r\n    \r\n    <section class=\"primary-content-section \">\r\n        <div class=\"primary-content no-image\">\r\n                        <div class=\"primary-text main-cont-txt\"><h2>Golf desafiante con vistas impresionantes<\/h2><p>Estiramientos&nbsp;<strong>6,009 metros<\/strong>&nbsp;&nbsp;<strong>par 72<\/strong>&nbsp;, cinco de los hoyos par 5 &nbsp;<strong>Espectaculares vistas<\/strong>&nbsp;Conocido anteriormente como Campo Norte, con espectaculares vistas a la Sierra de Oj&eacute;n y al Mediterr&aacute;neo.<\/p><p>Caracter&iacute;sticas del curso&nbsp;<strong>Calles anchas y conectadas<\/strong>&nbsp;calles anchas y conectadas con relativamente pocos bunkers, lo que lo convierte en un campo de pr&aacute;ctica un poco m&aacute;s tolerante. Sin embargo, su &nbsp;<strong>La topograf&iacute;a monta&ntilde;osa<\/strong>&nbsp;presenta desaf&iacute;os &uacute;nicos, que requieren transportes precisos sobre pendientes laterales empinadas y cubiertas de maleza<\/p><p>Los tiros de aproximaci&oacute;n exigen precisi&oacute;n, ya que&nbsp;<strong>Greens peque&ntilde;os y elevado<\/strong>&nbsp;ponen a prueba tu selecci&oacute;n de palos y precisi&oacute;n. Para mayor emoci&oacute;n, &nbsp;<strong>Los peligros del agua<\/strong>&nbsp;entran en juego en el&nbsp;Hoyos 9 y 16, que garantizan una experiencia de golf memorable y estrat&eacute;gica.<\/p>                <div class=\"table-wrapper\"><\/div>\r\n            <\/div>\r\n            \r\n            \r\n\r\n\r\n                                            <a class=\"primary-cta main-btn\" href=\"https:\/\/lacala.golfmanager.com\/consumer\/ebookings\" target=\"_blank\" rel=\"noopener\">Reservar Golf<\/a>\r\n                \r\n            \r\n        <\/div>\r\n            <\/section>\r\n<\/div><!--blockstudio\/featured-area\/featured-area--><div class=\"featured-content-wrap\">    \r\n    <section class=\"featured-content-section\">\r\n        <div class=\"featured-content \">\r\n            <div class=\"featured-text\">\r\n                <h3 class=\"featured-title\">Caracter\u00edsticas \u00fanicas<\/h3>\r\n                <ul><li><p><strong>Vistas<\/strong>: Con uno de los hoyos de apertura m\u00e1s espectaculares de Espa\u00f1a, en Campo Am\u00e9rica tienes unas vistas \u00fanicas de los alrededores, desde las majestuosas monta\u00f1as circundantes hasta la costa mediterr\u00e1nea.<\/p><\/li><li><p><strong>Reputaci\u00f3n: Campo Am\u00e9rica aparece regularmente en el ranking de los 100 mejores campos de Espa\u00f1a y Europa continental de publicaciones respetadas como Golf World, y cuenta con numerosos hoyos emblem\u00e1ticos como el 1, el 9 y el 16.<\/strong><\/p><\/li><\/ul>            <\/div>\r\n                    <\/div>\r\n                <div class=\"featured-image-wrap\">\r\n            <img loading=\"lazy\" decoding=\"async\" width=\"864\" height=\"517\" src=\"https:\/\/www.lacala.com\/wp-content\/uploads\/2025\/03\/AMERICA_COURSE.png\" class=\"featured-image-d\" alt=\"\" srcset=\"https:\/\/www.lacala.com\/wp-content\/uploads\/2025\/03\/AMERICA_COURSE.png 864w, https:\/\/www.lacala.com\/wp-content\/uploads\/2025\/03\/AMERICA_COURSE-300x180.png 300w, https:\/\/www.lacala.com\/wp-content\/uploads\/2025\/03\/AMERICA_COURSE-768x460.png 768w\" sizes=\"auto, (max-width: 864px) 100vw, 864px\" \/> \r\n        <\/div>\r\n            <\/section>\r\n<\/div><!--blockstudio\/secondary-content\/secondary-content--><section class=\"secondary-content\">\r\n<div class=\"secondary-content-wrap\">    \r\n    <div class=\"secondary-content-content\">\r\n                    <h3 class=\"secondary-content-title\">Hoyos clave<\/h3>\r\n                <div class=\"secondary-content-text\">\r\n            <ul><li><p><strong>El 1<\/strong>: Un hermoso hoyo de apertura con una pronunciada ca\u00edda hacia la calle. Los pegadores largos pueden superar los b\u00fankeres y llegar al green en dos golpes. <\/p><\/li><li><p><strong>El 9<\/strong>: Un par 5 arriesgado que requiere precisi\u00f3n desde el tee. Un buen drive ofrece la oportunidad de llegar al green en dos golpes, pero el approach es complicado, ya que el green est\u00e1 protegido por un gran lago que se tragar\u00e1 cualquier golpe corto. <\/p><\/li><li><p><strong>El 16:<\/strong> Pintoresco par 3 corto, protegido por un lago. Desde el tee, admire la mejor vista del campo. <\/p><\/li><\/ul>                    <\/div>\r\n    <\/div>\r\n    <div class=\"secondary-content-image\">\r\n        <img loading=\"lazy\" decoding=\"async\" width=\"713\" height=\"500\" src=\"https:\/\/www.lacala.com\/wp-content\/uploads\/2025\/03\/12ND_America-713x500.jpg\" class=\"secondary-content-img\" alt=\"\" \/>    <\/div>\r\n<\/div>\r\n<\/section><!--blockstudio\/gallery\/gallery--><section class=\"inside-gallery\">\r\n    <div class=\"inside-gallery-header\">\r\n        <h2 class=\"inside-gallery-title\">Galer&iacute;a<\/h2> \r\n        <div class=\"inside-gallery-cta\">\r\n         \r\n        <\/div>\r\n    <\/div>\r\n\r\n        <div class=\"inside-gallery-widget js-gallery-lightg js-inside-gallery-slick\" id=\"main-gallery\">\r\n        \r\n                <a href=\"https:\/\/www.lacala.com\/wp-content\/uploads\/2025\/03\/La-Cala-America-11th-8372.jpg\" class=\"inside-gallery-item\"> \r\n            <div class=\"gallery-item-image\">\r\n                <img loading=\"lazy\" decoding=\"async\" width=\"400\" height=\"400\" src=\"https:\/\/www.lacala.com\/wp-content\/uploads\/2025\/03\/La-Cala-America-11th-8372-400x400.jpg\" class=\"gallery-image\" alt=\"\" srcset=\"https:\/\/www.lacala.com\/wp-content\/uploads\/2025\/03\/La-Cala-America-11th-8372-400x400.jpg 400w, https:\/\/www.lacala.com\/wp-content\/uploads\/2025\/03\/La-Cala-America-11th-8372-150x150.jpg 150w, https:\/\/www.lacala.com\/wp-content\/uploads\/2025\/03\/La-Cala-America-11th-8372-50x50.jpg 50w\" sizes=\"auto, (max-width: 400px) 100vw, 400px\">            <\/div>\r\n        <\/a>\r\n                <a href=\"https:\/\/www.lacala.com\/wp-content\/uploads\/2025\/03\/12ND-America-Fairway.jpg\" class=\"inside-gallery-item\"> \r\n            <div class=\"gallery-item-image\">\r\n                <img loading=\"lazy\" decoding=\"async\" width=\"400\" height=\"400\" src=\"https:\/\/www.lacala.com\/wp-content\/uploads\/2025\/03\/12ND-America-Fairway-400x400.jpg\" class=\"gallery-image\" alt=\"\" srcset=\"https:\/\/www.lacala.com\/wp-content\/uploads\/2025\/03\/12ND-America-Fairway-400x400.jpg 400w, https:\/\/www.lacala.com\/wp-content\/uploads\/2025\/03\/12ND-America-Fairway-150x150.jpg 150w, https:\/\/www.lacala.com\/wp-content\/uploads\/2025\/03\/12ND-America-Fairway-50x50.jpg 50w\" sizes=\"auto, (max-width: 400px) 100vw, 400px\">            <\/div>\r\n        <\/a>\r\n                <a href=\"https:\/\/www.lacala.com\/wp-content\/uploads\/2025\/03\/10TH-AMERICA.jpg\" class=\"inside-gallery-item\"> \r\n            <div class=\"gallery-item-image\">\r\n                <img loading=\"lazy\" decoding=\"async\" width=\"400\" height=\"400\" src=\"https:\/\/www.lacala.com\/wp-content\/uploads\/2025\/03\/10TH-AMERICA-400x400.jpg\" class=\"gallery-image\" alt=\"\" srcset=\"https:\/\/www.lacala.com\/wp-content\/uploads\/2025\/03\/10TH-AMERICA-400x400.jpg 400w, https:\/\/www.lacala.com\/wp-content\/uploads\/2025\/03\/10TH-AMERICA-150x150.jpg 150w, https:\/\/www.lacala.com\/wp-content\/uploads\/2025\/03\/10TH-AMERICA-50x50.jpg 50w\" sizes=\"auto, (max-width: 400px) 100vw, 400px\">            <\/div>\r\n        <\/a>\r\n                <a href=\"https:\/\/www.lacala.com\/wp-content\/uploads\/2025\/03\/La-Cala-America-12th-0530.jpg\" class=\"inside-gallery-item\"> \r\n            <div class=\"gallery-item-image\">\r\n                <img loading=\"lazy\" decoding=\"async\" width=\"400\" height=\"400\" src=\"https:\/\/www.lacala.com\/wp-content\/uploads\/2025\/03\/La-Cala-America-12th-0530-400x400.jpg\" class=\"gallery-image\" alt=\"\" srcset=\"https:\/\/www.lacala.com\/wp-content\/uploads\/2025\/03\/La-Cala-America-12th-0530-400x400.jpg 400w, https:\/\/www.lacala.com\/wp-content\/uploads\/2025\/03\/La-Cala-America-12th-0530-150x150.jpg 150w, https:\/\/www.lacala.com\/wp-content\/uploads\/2025\/03\/La-Cala-America-12th-0530-50x50.jpg 50w\" sizes=\"auto, (max-width: 400px) 100vw, 400px\">            <\/div>\r\n        <\/a>\r\n                <a href=\"https:\/\/www.lacala.com\/wp-content\/uploads\/2025\/03\/12ND_America.jpg\" class=\"inside-gallery-item\"> \r\n            <div class=\"gallery-item-image\">\r\n                <img loading=\"lazy\" decoding=\"async\" width=\"400\" height=\"400\" src=\"https:\/\/www.lacala.com\/wp-content\/uploads\/2025\/03\/12ND_America-400x400.jpg\" class=\"gallery-image\" alt=\"\" srcset=\"https:\/\/www.lacala.com\/wp-content\/uploads\/2025\/03\/12ND_America-400x400.jpg 400w, https:\/\/www.lacala.com\/wp-content\/uploads\/2025\/03\/12ND_America-150x150.jpg 150w, https:\/\/www.lacala.com\/wp-content\/uploads\/2025\/03\/12ND_America-50x50.jpg 50w\" sizes=\"auto, (max-width: 400px) 100vw, 400px\">            <\/div>\r\n        <\/a>\r\n                <a href=\"https:\/\/www.lacala.com\/wp-content\/uploads\/2025\/03\/La-Cala-America-6th-0331.jpg\" class=\"inside-gallery-item\"> \r\n            <div class=\"gallery-item-image\">\r\n                <img loading=\"lazy\" decoding=\"async\" width=\"400\" height=\"400\" src=\"https:\/\/www.lacala.com\/wp-content\/uploads\/2025\/03\/La-Cala-America-6th-0331-400x400.jpg\" class=\"gallery-image\" alt=\"\" srcset=\"https:\/\/www.lacala.com\/wp-content\/uploads\/2025\/03\/La-Cala-America-6th-0331-400x400.jpg 400w, https:\/\/www.lacala.com\/wp-content\/uploads\/2025\/03\/La-Cala-America-6th-0331-150x150.jpg 150w, https:\/\/www.lacala.com\/wp-content\/uploads\/2025\/03\/La-Cala-America-6th-0331-50x50.jpg 50w\" sizes=\"auto, (max-width: 400px) 100vw, 400px\">            <\/div>\r\n        <\/a>\r\n        \r\n    <\/div>\r\n     \r\n<\/section><!--blockstudio\/offers\/offers-block--><section class=\"carousel\">\r\n<div class=\"carousel-header\">\r\n\t<h2 class=\"carousel-title\">M&aacute;s informaci&oacute;n<\/h2>\r\n\t \r\n<\/div>\r\n<div class=\"carousel-container js-carousel-slick\">\t\r\n\r\n\t\t\t\t\t\t<a href=\"https:\/\/www.lacala.com\/es\/golf\/campo-asia\" target=\"\" class=\"carousel-item\"> \r\n\t\t\t\r\n\t\t\t\t<div class=\"carousel-item-image\">\r\n\t\t\t\t\t<img loading=\"lazy\" decoding=\"async\" width=\"418\" height=\"595\" src=\"https:\/\/www.lacala.com\/wp-content\/uploads\/2025\/01\/12TH_ASIA-Custom-1-418x595.jpg\" class=\"carousel-image\" alt=\"\">\t\t\t\t<\/div>\r\n\t\t\t\t<div class=\"carousel-item-content\">\r\n\t\t\t\t\t\t\t\t\t\t<div class=\"carousel-item-titles\">\r\n\t\t\t\t\t\t<h3 class=\"carousel-title\">Campo Asia<\/h3>\r\n\t\t\t\t\t<\/div>\r\n\t\t\t\t\t\t\t\t\t\t\t\t\t\t\t<div class=\"carousel-item-subtitle\">\r\n\t\t\t\t\t\t<p class=\"carousel-sub-title\">Golf en La Cala Estate<span class=\"carousel-item-line\"><\/span><\/p>\r\n\t\t\t\t\t<\/div>\r\n\t\t\t\t\t\t\t\t\t<\/div>\r\n\r\n\t\t\t<\/a>\r\n\r\n\t\t\t\t\t\t<a href=\"https:\/\/www.lacala.com\/es\/golf\/campo-europa\" target=\"\" class=\"carousel-item\"> \r\n\t\t\t\r\n\t\t\t\t<div class=\"carousel-item-image\">\r\n\t\t\t\t\t<img loading=\"lazy\" decoding=\"async\" width=\"418\" height=\"595\" src=\"https:\/\/www.lacala.com\/wp-content\/uploads\/2025\/01\/4TH_EUROPA-Custom-1-418x595.jpg\" class=\"carousel-image\" alt=\"\">\t\t\t\t<\/div>\r\n\t\t\t\t<div class=\"carousel-item-content\">\r\n\t\t\t\t\t\t\t\t\t\t<div class=\"carousel-item-titles\">\r\n\t\t\t\t\t\t<h3 class=\"carousel-title\">Campo Europa<\/h3>\r\n\t\t\t\t\t<\/div>\r\n\t\t\t\t\t\t\t\t\t\t\t\t\t\t\t<div class=\"carousel-item-subtitle\">\r\n\t\t\t\t\t\t<p class=\"carousel-sub-title\">Golf en La Cala Estate<span class=\"carousel-item-line\"><\/span><\/p>\r\n\t\t\t\t\t<\/div>\r\n\t\t\t\t\t\t\t\t\t<\/div>\r\n\r\n\t\t\t<\/a>\r\n\r\n\t\t\t\t\t\t<a href=\"https:\/\/www.lacala.com\/es\/golf\/competitions\/\" target=\"\" class=\"carousel-item\"> \r\n\t\t\t\r\n\t\t\t\t<div class=\"carousel-item-image\">\r\n\t\t\t\t\t<img loading=\"lazy\" decoding=\"async\" width=\"418\" height=\"595\" src=\"https:\/\/www.lacala.com\/wp-content\/uploads\/2025\/01\/Bay_Pro_Pilar-Custom-418x595.jpg\" class=\"carousel-image\" alt=\"\">\t\t\t\t<\/div>\r\n\t\t\t\t<div class=\"carousel-item-content\">\r\n\t\t\t\t\t\t\t\t\t\t<div class=\"carousel-item-titles\">\r\n\t\t\t\t\t\t<h3 class=\"carousel-title\">Competiciones<\/h3>\r\n\t\t\t\t\t<\/div>\r\n\t\t\t\t\t\t\t\t\t\t\t\t\t\t\t<div class=\"carousel-item-subtitle\">\r\n\t\t\t\t\t\t<p class=\"carousel-sub-title\">Golf en La Cala Estate<span class=\"carousel-item-line\"><\/span><\/p>\r\n\t\t\t\t\t<\/div>\r\n\t\t\t\t\t\t\t\t\t<\/div>\r\n\r\n\t\t\t<\/a>\r\n\r\n\t\t\t\t\t\t<a href=\"https:\/\/www.lacala.com\/es\/golf\/club-rental\/\" target=\"\" class=\"carousel-item\"> \r\n\t\t\t\r\n\t\t\t\t<div class=\"carousel-item-image\">\r\n\t\t\t\t\t<img loading=\"lazy\" decoding=\"async\" width=\"418\" height=\"595\" src=\"https:\/\/www.lacala.com\/wp-content\/uploads\/2025\/01\/Young_Golfer_-1-418x595.jpg\" class=\"carousel-image\" alt=\"\">\t\t\t\t<\/div>\r\n\t\t\t\t<div class=\"carousel-item-content\">\r\n\t\t\t\t\t\t\t\t\t\t<div class=\"carousel-item-titles\">\r\n\t\t\t\t\t\t<h3 class=\"carousel-title\">Alquiler de palos<\/h3>\r\n\t\t\t\t\t<\/div>\r\n\t\t\t\t\t\t\t\t\t\t\t\t\t\t\t<div class=\"carousel-item-subtitle\">\r\n\t\t\t\t\t\t<p class=\"carousel-sub-title\">Golf en La Cala Estate<span class=\"carousel-item-line\"><\/span><\/p>\r\n\t\t\t\t\t<\/div>\r\n\t\t\t\t\t\t\t\t\t<\/div>\r\n\r\n\t\t\t<\/a>\r\n\r\n\t\t\t\t\t\t<a href=\"https:\/\/www.lacala.com\/es\/golf\/members-area\/\" target=\"\" class=\"carousel-item\"> \r\n\t\t\t\r\n\t\t\t\t<div class=\"carousel-item-image\">\r\n\t\t\t\t\t<img loading=\"lazy\" decoding=\"async\" width=\"418\" height=\"595\" src=\"https:\/\/www.lacala.com\/wp-content\/uploads\/2025\/01\/Young_Golfers_00003-Custom-418x595.jpg\" class=\"carousel-image\" alt=\"\">\t\t\t\t<\/div>\r\n\t\t\t\t<div class=\"carousel-item-content\">\r\n\t\t\t\t\t\t\t\t\t\t<div class=\"carousel-item-titles\">\r\n\t\t\t\t\t\t<h3 class=\"carousel-title\">&Aacute;rea privada de socios<\/h3>\r\n\t\t\t\t\t<\/div>\r\n\t\t\t\t\t\t\t\t\t\t\t\t\t\t\t<div class=\"carousel-item-subtitle\">\r\n\t\t\t\t\t\t<p class=\"carousel-sub-title\">Golf en La Cala Resort<span class=\"carousel-item-line\"><\/span><\/p>\r\n\t\t\t\t\t<\/div>\r\n\t\t\t\t\t\t\t\t\t<\/div>\r\n\r\n\t\t\t<\/a>\r\n\r\n\t\t\t\t\t\r\n<\/div>\r\n \r\n<\/section><!--blockstudio\/full-width-parallax\/full-width-centered-text--><section class=\"full-width-01-section\">\r\n    <div class=\"full-width-01-image-wrap\">\r\n        <div class=\"parallax\" style=\"background-image: url(https:\/\/www.lacala.com\/wp-content\/uploads\/2025\/01\/Academy_Par3_1St_2-Custom-1920x500.jpg)\"><\/div>\r\n    <\/div>\r\n    <div class=\"full-width-01-content\">\r\n        <h2 class=\"full-width-01-title\">La Cala Golf Academy<\/h2> \r\n        <p class=\"full-width-01-text\"><strong>Mejora tu juego con entrenamiento experto y vistas espectaculares<\/strong><\/p> \r\n                    <a class=\"full-width-01-cta main-btn\" href=\"https:\/\/www.lacala.com\/es\/golf\/academy\/\" target=\"\">\r\n            M&aacute;s informaci&oacute;n<\/a>\r\n            <\/div>    \r\n<\/section><!--blockstudio\/full-width\/location--><section class=\"fullwidth-two-section\">\r\n    <div class=\"fullwidth-two-image-wrap\">\r\n        <img loading=\"lazy\" decoding=\"async\" width=\"1920\" height=\"455\" src=\"https:\/\/www.lacala.com\/wp-content\/uploads\/2024\/12\/map_desktop_lcr_full-1920x455.png\" class=\"fullwidth-two-image\" alt=\"\" srcset=\"https:\/\/www.lacala.com\/wp-content\/uploads\/2024\/12\/map_desktop_lcr_full-1920x455.png 1920w, https:\/\/www.lacala.com\/wp-content\/uploads\/2024\/12\/map_desktop_lcr_full-300x71.png 300w, https:\/\/www.lacala.com\/wp-content\/uploads\/2024\/12\/map_desktop_lcr_full-1024x243.png 1024w, https:\/\/www.lacala.com\/wp-content\/uploads\/2024\/12\/map_desktop_lcr_full-768x182.png 768w, https:\/\/www.lacala.com\/wp-content\/uploads\/2024\/12\/map_desktop_lcr_full-1536x364.png 1536w, https:\/\/www.lacala.com\/wp-content\/uploads\/2024\/12\/map_desktop_lcr_full.png 2000w\" sizes=\"auto, (max-width: 1920px) 100vw, 1920px\">    <\/div>\r\n    <div class=\"fullwidth-two-content\">\r\n            <div class=\"fullwidth-two-logo-wrap\">\r\n                <img loading=\"lazy\" decoding=\"async\" width=\"300\" height=\"267\" src=\"https:\/\/www.lacala.com\/wp-content\/uploads\/2025\/03\/map-icon-1.png\" class=\"fullwidth-two-logo\" alt=\"\">            <\/div>\r\n            <div class=\"fullwidth-two-text-content\">\r\n                <h3 class=\"fullwidth-two-title\">Localizaci&oacute;n<\/h3>\r\n                <p class=\"fullwidth-two-text\">C. Mirador del Golf, 1, 29649 La Cala de Mijas, M&aacute;laga, Spain <br>Email: <a href=\"mailto:lacala@lacala.com\">lacala@lacala.com<\/a><br>Tel: <a href=\"tel:0034952669000\">(+34) 952 669 000<\/a><\/p>\r\n            <\/div>\r\n                            <a class=\"fullwidth-two-cta main-btn\" href=\"https:\/\/maps.app.goo.gl\/HEnmvYuunFpr89HT9\" target=\"\" rel=\"noopener\">\r\n                Localizaci&oacute;n<\/a>\r\n                <\/div>\r\n<\/section>","protected":false},"excerpt":{"rendered":"","protected":false},"author":5,"featured_media":0,"parent":44601,"menu_order":0,"comment_status":"closed","ping_status":"closed","template":"wp-custom-template-inside","meta":{"footnotes":""},"class_list":["post-43790","page","type-page","status-publish","hentry"],"_links":{"self":[{"href":"https:\/\/www.lacala.com\/es\/wp-json\/wp\/v2\/pages\/43790","targetHints":{"allow":["GET"]}}],"collection":[{"href":"https:\/\/www.lacala.com\/es\/wp-json\/wp\/v2\/pages"}],"about":[{"href":"https:\/\/www.lacala.com\/es\/wp-json\/wp\/v2\/types\/page"}],"author":[{"embeddable":true,"href":"https:\/\/www.lacala.com\/es\/wp-json\/wp\/v2\/users\/5"}],"replies":[{"embeddable":true,"href":"https:\/\/www.lacala.com\/es\/wp-json\/wp\/v2\/comments?post=43790"}],"version-history":[{"count":0,"href":"https:\/\/www.lacala.com\/es\/wp-json\/wp\/v2\/pages\/43790\/revisions"}],"up":[{"embeddable":true,"href":"https:\/\/www.lacala.com\/es\/wp-json\/wp\/v2\/pages\/44601"}],"wp:attachment":[{"href":"https:\/\/www.lacala.com\/es\/wp-json\/wp\/v2\/media?parent=43790"}],"curies":[{"name":"wp","href":"https:\/\/api.w.org\/{rel}","templated":true}]}}