{"id":43805,"date":"2025-02-10T11:39:00","date_gmt":"2025-02-10T11:39:00","guid":{"rendered":"https:\/\/www.lacala.com\/la-cala-plus\/"},"modified":"2025-03-18T17:40:09","modified_gmt":"2025-03-18T17:40:09","slug":"la-cala-plus","status":"publish","type":"page","link":"https:\/\/www.lacala.com\/es\/la-cala-plus\/","title":{"rendered":"La Cala Plus"},"content":{"rendered":"<!--blockstudio\/banner\/banner-gallery--><section class=\"main-banner-section half-height\">\r\n    <div class=\"main-banner\">\r\n\r\n        <img loading=\"lazy\" decoding=\"async\" width=\"1920\" height=\"624\" src=\"https:\/\/www.lacala.com\/wp-content\/uploads\/2025\/01\/CAMPO-EUROPA-Custom-1-1920x624.jpg\" class=\"main-banner-file desktop\" alt=\"\">\r\n        <div class=\"banner-overlay\"><\/div>\r\n        <div class=\"main-banner-content\">            \r\n            <h2 class=\"main-banner-title\">La Cala Plus<\/h2>   \r\n             \r\n        <\/div>\r\n       \r\n    <\/div>\r\n<\/section><!--blockstudio\/primary-content-inside\/primary-content-inside--><div class=\"primary-content-wrap\">\r\n    <section class=\"breadcrumb-container\">\r\n        <div class=\"breadcrumbs\" xmlns:v=\"http:\/\/rdf.data-vocabulary.org\/#\"><a href=\"https:\/\/www.lacala.com\/es\/\" rel=\"v:url\" property=\"v:title\">Home<\/a> \/ <span class=\"current\">P&aacute;gina<\/span><\/div><!-- .breadcrumbs -->    <\/section>\r\n    \r\n    <section class=\"primary-content-section \">\r\n        <div class=\"primary-content no-image\">\r\n                        <div class=\"primary-text main-cont-txt\"><p><em>Porque jugar en La Cala Resort tiene recompensa&hellip;<\/em><\/p><p><strong>Juegue al golf y obtenga <u>GREEN FEES GRATIS<\/u><\/strong><\/p><p><em>Gane puntos por cada euro que gaste y canj&eacute;elo por Green Fees GRATIS con nuestra tarjeta de fidelizaci&oacute;n, La Cala Plus.<\/em><\/p>                <div class=\"table-wrapper\"><\/div>\r\n            <\/div>\r\n            \r\n            \r\n\r\n\r\n                                            <a class=\"primary-cta main-btn\" href=\"https:\/\/lacala.inone.es\/loyalty-register-1\" target=\"_blank\" rel=\"noopener\">Obtenga su tarjeta<\/a>\r\n                \r\n            \r\n        <\/div>\r\n            <\/section>\r\n<\/div><!--blockstudio\/faqs\/faqs--><div class=\"faqs-container\" itemscope itemtype=\"https:\/\/schema.org\/FAQPage\">\r\n<h2>Preguntas Frecuentes<\/h2>\r\n<div class=\"items\">\r\n        <div class=\"item\" itemscope itemprop=\"mainEntity\" itemtype=\"https:\/\/schema.org\/Question\">\r\n            <div class=\"question\" itemprop=\"name\">\r\n                <p>\u00bfComo conseguir puntos?<\/p>                <span class=\"arrow-container\">\r\n                    <svg xmlns=\"http:\/\/www.w3.org\/2000\/svg\" class=\"arrow-down\" width=\"24\" height=\"24\" viewBox=\"0 0 24 24\"><path d=\"M20 12l-1.41-1.41L13 16.17V4h-2v12.17l-5.58-5.59L4 12l8 8 8-8z\"\/><\/svg>\r\n                <\/span> \r\n            <\/div>\r\n            <div itemscope itemprop=\"acceptedAnswer\" itemtype=\"https:\/\/schema.org\/Answer\">\r\n                <div class=\"answer\" itemprop=\"text\">\r\n                    <p>Ganar\u00e1 puntos por cada euro gastado en green fees*, as\u00ed como en nuestra tienda y academia de golf. &nbsp;As\u00ed, por 100 euros gastados obtendr\u00e1 100 puntos.<br>*Los green fees de los paquetes de Hotel no entran en este plan.<br><strong>No olvide identificarse con su usuario o mostrando su tarjeta tanto online como en la tienda al hacer su compra.<\/strong><\/p>                <\/div>\r\n            <\/div>\r\n        <\/div>\r\n        <div class=\"item\" itemscope itemprop=\"mainEntity\" itemtype=\"https:\/\/schema.org\/Question\">\r\n            <div class=\"question\" itemprop=\"name\">\r\n                <p>\u00bfQu\u00e9 productos puedo obtener?<\/p>                <span class=\"arrow-container\">\r\n                    <svg xmlns=\"http:\/\/www.w3.org\/2000\/svg\" class=\"arrow-down\" width=\"24\" height=\"24\" viewBox=\"0 0 24 24\"><path d=\"M20 12l-1.41-1.41L13 16.17V4h-2v12.17l-5.58-5.59L4 12l8 8 8-8z\"\/><\/svg>\r\n                <\/span> \r\n            <\/div>\r\n            <div itemscope itemprop=\"acceptedAnswer\" itemtype=\"https:\/\/schema.org\/Answer\">\r\n                <div class=\"answer\" itemprop=\"text\">\r\n                    <p>Puede canjear sus puntos en los siguientes productos: Green fee de 18 hoyos en los tres campos.<\/p>                <\/div>\r\n            <\/div>\r\n        <\/div>\r\n        <div class=\"item\" itemscope itemprop=\"mainEntity\" itemtype=\"https:\/\/schema.org\/Question\">\r\n            <div class=\"question\" itemprop=\"name\">\r\n                <p>\u00bfLa tarjeta La Cala Plus es gratuita?<\/p>                <span class=\"arrow-container\">\r\n                    <svg xmlns=\"http:\/\/www.w3.org\/2000\/svg\" class=\"arrow-down\" width=\"24\" height=\"24\" viewBox=\"0 0 24 24\"><path d=\"M20 12l-1.41-1.41L13 16.17V4h-2v12.17l-5.58-5.59L4 12l8 8 8-8z\"\/><\/svg>\r\n                <\/span> \r\n            <\/div>\r\n            <div itemscope itemprop=\"acceptedAnswer\" itemtype=\"https:\/\/schema.org\/Answer\">\r\n                <div class=\"answer\" itemprop=\"text\">\r\n                    <p>La tarjeta La Cala Plus es totalmente gratuita. Lo \u00fanico que tiene que hacer es registrarse.<\/p>                <\/div>\r\n            <\/div>\r\n        <\/div>\r\n        <div class=\"item\" itemscope itemprop=\"mainEntity\" itemtype=\"https:\/\/schema.org\/Question\">\r\n            <div class=\"question\" itemprop=\"name\">\r\n                <p>\u00bfC\u00f3mo puedo registrarme?<\/p>                <span class=\"arrow-container\">\r\n                    <svg xmlns=\"http:\/\/www.w3.org\/2000\/svg\" class=\"arrow-down\" width=\"24\" height=\"24\" viewBox=\"0 0 24 24\"><path d=\"M20 12l-1.41-1.41L13 16.17V4h-2v12.17l-5.58-5.59L4 12l8 8 8-8z\"\/><\/svg>\r\n                <\/span> \r\n            <\/div>\r\n            <div itemscope itemprop=\"acceptedAnswer\" itemtype=\"https:\/\/schema.org\/Answer\">\r\n                <div class=\"answer\" itemprop=\"text\">\r\n                    <p>Para registrarse, haga clic en la casilla \u00abObtenga su tarjeta\u00bb de arriba y siga los pasos. Recibir\u00e1 un mensaje para confirmar su direcci\u00f3n de correo. A continuaci\u00f3n, abra el nuevo correo electr\u00f3nico donde encontrar\u00e1 su tarjeta electr\u00f3nica y las instrucciones para acceder a la p\u00e1gina de su cuenta.<\/p>                <\/div>\r\n            <\/div>\r\n        <\/div>\r\n        <div class=\"item\" itemscope itemprop=\"mainEntity\" itemtype=\"https:\/\/schema.org\/Question\">\r\n            <div class=\"question\" itemprop=\"name\">\r\n                <p>\u00bfC\u00f3mo puedo canjear mis puntos?<\/p>                <span class=\"arrow-container\">\r\n                    <svg xmlns=\"http:\/\/www.w3.org\/2000\/svg\" class=\"arrow-down\" width=\"24\" height=\"24\" viewBox=\"0 0 24 24\"><path d=\"M20 12l-1.41-1.41L13 16.17V4h-2v12.17l-5.58-5.59L4 12l8 8 8-8z\"\/><\/svg>\r\n                <\/span> \r\n            <\/div>\r\n            <div itemscope itemprop=\"acceptedAnswer\" itemtype=\"https:\/\/schema.org\/Answer\">\r\n                <div class=\"answer\" itemprop=\"text\">\r\n                    <p>Para registrarse, haga clic en la casilla \u00abObtenga su tarjeta\u00bb de arriba y siga los pasos. Recibir\u00e1 un mensaje para confirmar su direcci\u00f3n de correo. A continuaci\u00f3n, abra el nuevo correo electr\u00f3nico donde encontrar\u00e1 su tarjeta electr\u00f3nica y las instrucciones para acceder a la p\u00e1gina de su cuenta.<\/p><p><em>*Los descuentos y ofertas de otras membres\u00edas (Privilege Card &amp; La Cala Golf Member) no son acumulables a los beneficios de La Cala Plus.<br>*Los green fees de los paquetes de Hotel no entran en este plan.<\/em><\/p>                <\/div>\r\n            <\/div>\r\n        <\/div>\r\n<\/div>\r\n<\/div><!--blockstudio\/secondary-content\/secondary-content--><section class=\"secondary-content\">\r\n<div class=\"secondary-content-wrap\">    \r\n    <div class=\"secondary-content-content\">\r\n                    <h3 class=\"secondary-content-title\">\u00c1rea privada de socios<\/h3>\r\n                <div class=\"secondary-content-text\">\r\n            <p>\u00bfYa es miembro? <\/p><p><a target=\"_blank\" rel=\"nofollow noopener\" href=\"https:\/\/lacala.teeplus.es\/login\">https:\/\/lacala.teeplus.es\/login<\/a><\/p>                    <\/div>\r\n    <\/div>\r\n    <div class=\"secondary-content-image\">\r\n        <img loading=\"lazy\" decoding=\"async\" width=\"713\" height=\"500\" src=\"https:\/\/www.lacala.com\/wp-content\/uploads\/2025\/01\/3RD_ASIA-Custom-713x500.jpg\" class=\"secondary-content-img\" alt=\"\" \/>    <\/div>\r\n<\/div>\r\n<\/section><!--blockstudio\/full-width\/location--><section class=\"fullwidth-two-section\">\r\n    <div class=\"fullwidth-two-image-wrap\">\r\n        <img loading=\"lazy\" decoding=\"async\" width=\"1920\" height=\"455\" src=\"https:\/\/www.lacala.com\/wp-content\/uploads\/2024\/12\/map_desktop_lcr_full-1920x455.png\" class=\"fullwidth-two-image\" alt=\"\" srcset=\"https:\/\/www.lacala.com\/wp-content\/uploads\/2024\/12\/map_desktop_lcr_full-1920x455.png 1920w, https:\/\/www.lacala.com\/wp-content\/uploads\/2024\/12\/map_desktop_lcr_full-300x71.png 300w, https:\/\/www.lacala.com\/wp-content\/uploads\/2024\/12\/map_desktop_lcr_full-1024x243.png 1024w, https:\/\/www.lacala.com\/wp-content\/uploads\/2024\/12\/map_desktop_lcr_full-768x182.png 768w, https:\/\/www.lacala.com\/wp-content\/uploads\/2024\/12\/map_desktop_lcr_full-1536x364.png 1536w, https:\/\/www.lacala.com\/wp-content\/uploads\/2024\/12\/map_desktop_lcr_full.png 2000w\" sizes=\"auto, (max-width: 1920px) 100vw, 1920px\">    <\/div>\r\n    <div class=\"fullwidth-two-content\">\r\n            <div class=\"fullwidth-two-logo-wrap\">\r\n                <img loading=\"lazy\" decoding=\"async\" width=\"300\" height=\"267\" src=\"https:\/\/www.lacala.com\/wp-content\/uploads\/2025\/03\/map-icon-1.png\" class=\"fullwidth-two-logo\" alt=\"\">            <\/div>\r\n            <div class=\"fullwidth-two-text-content\">\r\n                <h3 class=\"fullwidth-two-title\">Localizaci&oacute;n<\/h3>\r\n                <p class=\"fullwidth-two-text\">C. Mirador del Golf, 1, 29649 La Cala de Mijas, M&aacute;laga, Spain <br>Email: <a href=\"mailto:lacala@lacala.com\">lacala@lacala.com<\/a><br>Tel: <a href=\"tel:0034952669000\">(+34) 952 669 000<\/a><\/p>\r\n            <\/div>\r\n                            <a class=\"fullwidth-two-cta main-btn\" href=\"https:\/\/maps.app.goo.gl\/HEnmvYuunFpr89HT9\" target=\"\" rel=\"noopener\">\r\n                Localizaci&oacute;n<\/a>\r\n                <\/div>\r\n<\/section>","protected":false},"excerpt":{"rendered":"","protected":false},"author":4,"featured_media":0,"parent":0,"menu_order":14,"comment_status":"closed","ping_status":"closed","template":"wp-custom-template-inside","meta":{"footnotes":""},"class_list":["post-43805","page","type-page","status-publish","hentry"],"_links":{"self":[{"href":"https:\/\/www.lacala.com\/es\/wp-json\/wp\/v2\/pages\/43805","targetHints":{"allow":["GET"]}}],"collection":[{"href":"https:\/\/www.lacala.com\/es\/wp-json\/wp\/v2\/pages"}],"about":[{"href":"https:\/\/www.lacala.com\/es\/wp-json\/wp\/v2\/types\/page"}],"author":[{"embeddable":true,"href":"https:\/\/www.lacala.com\/es\/wp-json\/wp\/v2\/users\/4"}],"replies":[{"embeddable":true,"href":"https:\/\/www.lacala.com\/es\/wp-json\/wp\/v2\/comments?post=43805"}],"version-history":[{"count":0,"href":"https:\/\/www.lacala.com\/es\/wp-json\/wp\/v2\/pages\/43805\/revisions"}],"wp:attachment":[{"href":"https:\/\/www.lacala.com\/es\/wp-json\/wp\/v2\/media?parent=43805"}],"curies":[{"name":"wp","href":"https:\/\/api.w.org\/{rel}","templated":true}]}}