{"id":44101,"date":"2025-02-11T11:38:23","date_gmt":"2025-02-11T11:38:23","guid":{"rendered":"https:\/\/www.lacala.com\/spa\/spa-monthly-offer\/"},"modified":"2026-03-31T11:31:12","modified_gmt":"2026-03-31T11:31:12","slug":"spa-monthly-offer","status":"publish","type":"page","link":"https:\/\/www.lacala.com\/es\/spa\/spa-monthly-offer\/","title":{"rendered":"Promoci\u00f3n mensual de spa"},"content":{"rendered":"<!--blockstudio\/banner\/banner-gallery--><section class=\"main-banner-section half-height\">\r\n    <div class=\"main-banner\">\r\n\r\n        <img loading=\"lazy\" decoding=\"async\" width=\"1920\" height=\"624\" src=\"https:\/\/www.lacala.com\/wp-content\/uploads\/2025\/01\/Spa_Jacuzzi-e1741607235251-1920x624.jpg\" class=\"main-banner-file desktop\" alt=\"\">\r\n        <div class=\"banner-overlay\"><\/div>\r\n        <div class=\"main-banner-content\">            \r\n            <h2 class=\"main-banner-title\">Promoci&oacute;n mensual de spa<\/h2>   \r\n             \r\n        <\/div>\r\n       \r\n    <\/div>\r\n<\/section><!--blockstudio\/primary-content-inside\/primary-content-inside--><div class=\"primary-content-wrap\">\r\n    <section class=\"breadcrumb-container\">\r\n        <div class=\"breadcrumbs\" xmlns:v=\"http:\/\/rdf.data-vocabulary.org\/#\"><a href=\"https:\/\/www.lacala.com\/es\/\" rel=\"v:url\" property=\"v:title\">Home<\/a> \/ <span class=\"current\">P&aacute;gina<\/span><\/div><!-- .breadcrumbs -->    <\/section>\r\n    \r\n    <section class=\"primary-content-section \">\r\n        <div class=\"primary-content no-image\">\r\n                        <div class=\"primary-text main-cont-txt\"><p>Cada mes, nuestro Spa crea una escapada estacional dise&ntilde;ada para restaurar el equilibrio y elevar tu bienestar. Descubre tratamientos exclusivos inspirados en el ritmo de la naturaleza&mdash;disponibles solo por tiempo limitado. Estas propuestas personalizadas est&aacute;n pensadas para ofrecerte experiencias &uacute;nicas con un valor excepcional, invit&aacute;ndote a relajarte, renovarte y reconectar en la serena belleza de La Cala. El ritual destacado de este mes te espera&mdash;descubre todos los detalles a continuaci&oacute;n.   <\/p>                <div class=\"table-wrapper\">\n\n<p><\/p>\n\n<\/div>\r\n            <\/div>\r\n            \r\n            \r\n\r\n\r\n                                            <a class=\"primary-cta main-btn\" href=\"https:\/\/emea.spatime.com\/lcrs2964\/4900296\/offering\/5407821?types=1,0,4,8,16\" target=\"_blank\" rel=\"noopener\">Reservar Ofertas Especiales de Spa<\/a>\r\n                \r\n            \r\n        <\/div>\r\n            <\/section>\r\n<\/div><!--blockstudio\/featured-area\/featured-area--><div class=\"featured-content-wrap\">    \r\n    <section class=\"featured-content-section\">\r\n        <div class=\"featured-content \">\r\n            <div class=\"featured-text\">\r\n                <h3 class=\"featured-title\">PROMOCI\u00d3N DE ABRIL<\/h3>\r\n                <p><strong>SkinFit Workout Facial 80&#8242;<\/strong><\/p><p>Un innovador tratamiento facial inspirado en el fitness cut\u00e1neo que entrena la piel para verse<br>y sentirse m\u00e1s joven. Gracias a tecnolog\u00eda de \u00faltima generaci\u00f3n, act\u00faa de forma proactiva<br>sobre los 12 marcadores de la edad, mejorando firmeza, luminosidad y vitalidad. <\/p><p>Un aut\u00e9ntico \u201centrenamiento facial\u201d que potencia la longevidad de la piel y maximiza su rendimiento desde la primera sesi\u00f3n.<\/p><ul><li><p>Precio: 110\u20ac<\/p><p><a target=\"_blank\" rel=\"nofollow noopener\" href=\"https:\/\/emea.spatime.com\/lcrs2964\/4900296\/spa-service\/service-item\/40280717\">RESERVA ESTA OFERTA AHORA<\/a><\/p><\/li><\/ul><p><\/p>            <\/div>\r\n                    <\/div>\r\n                <div class=\"featured-image-wrap\">\r\n            <img loading=\"lazy\" decoding=\"async\" width=\"864\" height=\"459\" src=\"https:\/\/www.lacala.com\/wp-content\/uploads\/2026\/03\/marzo-interna-864x459.jpg\" class=\"featured-image-d\" alt=\"\" \/> \r\n        <\/div>\r\n            <\/section>\r\n<\/div><!--blockstudio\/gallery\/gallery--><section class=\"inside-gallery\">\r\n    <div class=\"inside-gallery-header\">\r\n        <h2 class=\"inside-gallery-title\">Galer&iacute;a<\/h2> \r\n        <div class=\"inside-gallery-cta\">\r\n         \r\n        <\/div>\r\n    <\/div>\r\n\r\n        <div class=\"inside-gallery-widget js-gallery-lightg js-inside-gallery-slick\" id=\"main-gallery\">\r\n        \r\n                <a href=\"https:\/\/www.lacala.com\/wp-content\/uploads\/2025\/01\/Sala_Andalusi_1-1-scaled-e1739273222595.jpg\" class=\"inside-gallery-item\"> \r\n            <div class=\"gallery-item-image\">\r\n                <img loading=\"lazy\" decoding=\"async\" width=\"400\" height=\"400\" src=\"https:\/\/www.lacala.com\/wp-content\/uploads\/2025\/01\/Sala_Andalusi_1-1-scaled-e1739273222595-400x400.jpg\" class=\"gallery-image\" alt=\"\" srcset=\"https:\/\/www.lacala.com\/wp-content\/uploads\/2025\/01\/Sala_Andalusi_1-1-scaled-e1739273222595-400x400.jpg 400w, https:\/\/www.lacala.com\/wp-content\/uploads\/2025\/01\/Sala_Andalusi_1-1-scaled-e1739273222595-150x150.jpg 150w, https:\/\/www.lacala.com\/wp-content\/uploads\/2025\/01\/Sala_Andalusi_1-1-scaled-e1739273222595-50x50.jpg 50w, https:\/\/www.lacala.com\/wp-content\/uploads\/2025\/01\/Sala_Andalusi_1-1-scaled-e1739273222595-300x300.jpg 300w, https:\/\/www.lacala.com\/wp-content\/uploads\/2025\/01\/Sala_Andalusi_1-1-scaled-e1739273222595-600x600.jpg 600w\" sizes=\"auto, (max-width: 400px) 100vw, 400px\">            <\/div>\r\n        <\/a>\r\n                <a href=\"https:\/\/www.lacala.com\/wp-content\/uploads\/2025\/01\/Spa_Jacuzzi_2-scaled-e1739276846709.jpg\" class=\"inside-gallery-item\"> \r\n            <div class=\"gallery-item-image\">\r\n                <img loading=\"lazy\" decoding=\"async\" width=\"400\" height=\"400\" src=\"https:\/\/www.lacala.com\/wp-content\/uploads\/2025\/01\/Spa_Jacuzzi_2-scaled-e1739276846709-400x400.jpg\" class=\"gallery-image\" alt=\"\" srcset=\"https:\/\/www.lacala.com\/wp-content\/uploads\/2025\/01\/Spa_Jacuzzi_2-scaled-e1739276846709-400x400.jpg 400w, https:\/\/www.lacala.com\/wp-content\/uploads\/2025\/01\/Spa_Jacuzzi_2-scaled-e1739276846709-150x150.jpg 150w, https:\/\/www.lacala.com\/wp-content\/uploads\/2025\/01\/Spa_Jacuzzi_2-scaled-e1739276846709-50x50.jpg 50w, https:\/\/www.lacala.com\/wp-content\/uploads\/2025\/01\/Spa_Jacuzzi_2-scaled-e1739276846709-300x300.jpg 300w, https:\/\/www.lacala.com\/wp-content\/uploads\/2025\/01\/Spa_Jacuzzi_2-scaled-e1739276846709-600x600.jpg 600w\" sizes=\"auto, (max-width: 400px) 100vw, 400px\">            <\/div>\r\n        <\/a>\r\n                <a href=\"https:\/\/www.lacala.com\/wp-content\/uploads\/2025\/01\/LCR_SPA.jpg\" class=\"inside-gallery-item\"> \r\n            <div class=\"gallery-item-image\">\r\n                <img loading=\"lazy\" decoding=\"async\" width=\"400\" height=\"400\" src=\"https:\/\/www.lacala.com\/wp-content\/uploads\/2025\/01\/LCR_SPA-400x400.jpg\" class=\"gallery-image\" alt=\"\" srcset=\"https:\/\/www.lacala.com\/wp-content\/uploads\/2025\/01\/LCR_SPA-400x400.jpg 400w, https:\/\/www.lacala.com\/wp-content\/uploads\/2025\/01\/LCR_SPA-150x150.jpg 150w, https:\/\/www.lacala.com\/wp-content\/uploads\/2025\/01\/LCR_SPA-1080x1080.jpg 1080w, https:\/\/www.lacala.com\/wp-content\/uploads\/2025\/01\/LCR_SPA-50x50.jpg 50w\" sizes=\"auto, (max-width: 400px) 100vw, 400px\">            <\/div>\r\n        <\/a>\r\n                <a href=\"https:\/\/www.lacala.com\/wp-content\/uploads\/2025\/03\/test-la-cala.jpg\" class=\"inside-gallery-item\"> \r\n            <div class=\"gallery-item-image\">\r\n                <img loading=\"lazy\" decoding=\"async\" width=\"400\" height=\"400\" src=\"https:\/\/www.lacala.com\/wp-content\/uploads\/2025\/03\/test-la-cala-400x400.jpg\" class=\"gallery-image\" alt=\"\" srcset=\"https:\/\/www.lacala.com\/wp-content\/uploads\/2025\/03\/test-la-cala-400x400.jpg 400w, https:\/\/www.lacala.com\/wp-content\/uploads\/2025\/03\/test-la-cala-150x150.jpg 150w, https:\/\/www.lacala.com\/wp-content\/uploads\/2025\/03\/test-la-cala-50x50.jpg 50w\" sizes=\"auto, (max-width: 400px) 100vw, 400px\">            <\/div>\r\n        <\/a>\r\n        \r\n    <\/div>\r\n     \r\n<\/section><!--blockstudio\/offers\/offers-block--><section class=\"carousel\">\r\n<div class=\"carousel-header\">\r\n\t<h2 class=\"carousel-title\">Promociones y Ofertas <\/h2>\r\n\t \r\n<\/div>\r\n<div class=\"carousel-container js-carousel-slick\">\t\r\n\r\n\t\t\t\t\t\t<a href=\"https:\/\/www.lacala.com\/es\/promotions-offers\/spa-monthly-offer\/\" target=\"\" class=\"carousel-item\"> \r\n\t\t\t\r\n\t\t\t\t<div class=\"carousel-item-image\">\r\n\t\t\t\t\t<img loading=\"lazy\" decoding=\"async\" width=\"418\" height=\"595\" src=\"https:\/\/www.lacala.com\/wp-content\/uploads\/2026\/02\/febrero-carrusel.jpg\" class=\"carousel-image\" alt=\"\" srcset=\"https:\/\/www.lacala.com\/wp-content\/uploads\/2026\/02\/febrero-carrusel.jpg 418w, https:\/\/www.lacala.com\/wp-content\/uploads\/2026\/02\/febrero-carrusel-211x300.jpg 211w\" sizes=\"auto, (max-width: 418px) 100vw, 418px\">\t\t\t\t<\/div>\r\n\t\t\t\t<div class=\"carousel-item-content\">\r\n\t\t\t\t\t\t\t\t\t\t<div class=\"carousel-item-titles\">\r\n\t\t\t\t\t\t<h3 class=\"carousel-title\">OFERTA MENSUAL SPA<\/h3>\r\n\t\t\t\t\t<\/div>\r\n\t\t\t\t\t\t\t\t\t\t\t\t\t\t\t<div class=\"carousel-item-subtitle\">\r\n\t\t\t\t\t\t<p class=\"carousel-sub-title\">PROMOCI&Oacute;N FEBRERO \u00abS&eacute; mi San Valent&iacute;n\u00bb <span class=\"carousel-item-line\"><\/span><\/p>\r\n\t\t\t\t\t<\/div>\r\n\t\t\t\t\t\t\t\t\t<\/div>\r\n\r\n\t\t\t<\/a>\r\n\r\n\t\t\t\t\t\t<a href=\"https:\/\/www.lacala.com\/es\/promotions-offers\/spa-experience-offer\/\" target=\"\" class=\"carousel-item\"> \r\n\t\t\t\r\n\t\t\t\t<div class=\"carousel-item-image\">\r\n\t\t\t\t\t<img loading=\"lazy\" decoding=\"async\" width=\"418\" height=\"595\" src=\"https:\/\/www.lacala.com\/wp-content\/uploads\/2025\/06\/spa-experience-carrusel.jpg\" class=\"carousel-image\" alt=\"\" srcset=\"https:\/\/www.lacala.com\/wp-content\/uploads\/2025\/06\/spa-experience-carrusel.jpg 418w, https:\/\/www.lacala.com\/wp-content\/uploads\/2025\/06\/spa-experience-carrusel-211x300.jpg 211w\" sizes=\"auto, (max-width: 418px) 100vw, 418px\">\t\t\t\t<\/div>\r\n\t\t\t\t<div class=\"carousel-item-content\">\r\n\t\t\t\t\t\t\t\t\t\t<div class=\"carousel-item-titles\">\r\n\t\t\t\t\t\t<h3 class=\"carousel-title\">SPA EXPERIENCE<\/h3>\r\n\t\t\t\t\t<\/div>\r\n\t\t\t\t\t\t\t\t\t\t\t\t\t\t\t<div class=\"carousel-item-subtitle\">\r\n\t\t\t\t\t\t<p class=\"carousel-sub-title\">DESDE 35&euro;<span class=\"carousel-item-line\"><\/span><\/p>\r\n\t\t\t\t\t<\/div>\r\n\t\t\t\t\t\t\t\t\t<\/div>\r\n\r\n\t\t\t<\/a>\r\n\r\n\t\t\t\t\t\t<a href=\"https:\/\/www.lacala.com\/bookings#!\/accommodation\/packages?category=508&amp;lang=es\" target=\"_blank\" class=\"carousel-item\"> \r\n\t\t\t\r\n\t\t\t\t<div class=\"carousel-item-image\">\r\n\t\t\t\t\t<img loading=\"lazy\" decoding=\"async\" width=\"418\" height=\"595\" src=\"https:\/\/www.lacala.com\/wp-content\/uploads\/2025\/06\/romantic-break-spa-carrusel.jpg\" class=\"carousel-image\" alt=\"\" srcset=\"https:\/\/www.lacala.com\/wp-content\/uploads\/2025\/06\/romantic-break-spa-carrusel.jpg 418w, https:\/\/www.lacala.com\/wp-content\/uploads\/2025\/06\/romantic-break-spa-carrusel-211x300.jpg 211w\" sizes=\"auto, (max-width: 418px) 100vw, 418px\">\t\t\t\t<\/div>\r\n\t\t\t\t<div class=\"carousel-item-content\">\r\n\t\t\t\t\t\t\t\t\t\t<div class=\"carousel-item-titles\">\r\n\t\t\t\t\t\t<h3 class=\"carousel-title\">ESCAPADA ROM&Aacute;NTICA<\/h3>\r\n\t\t\t\t\t<\/div>\r\n\t\t\t\t\t\t\t\t\t\t\t\t\t\t\t<div class=\"carousel-item-subtitle\">\r\n\t\t\t\t\t\t<p class=\"carousel-sub-title\">Desde &euro;306 por habitaci&oacute;n\/noche<span class=\"carousel-item-line\"><\/span><\/p>\r\n\t\t\t\t\t<\/div>\r\n\t\t\t\t\t\t\t\t\t<\/div>\r\n\r\n\t\t\t<\/a>\r\n\r\n\t\t\t\t\t\r\n<\/div>\r\n \r\n<\/section><!--blockstudio\/full-width\/full-width-one--><section class=\"fullwidth-section with-gradient\">\r\n    <div class=\"fullwidth-image-wrap\">\r\n        <img loading=\"lazy\" decoding=\"async\" width=\"1920\" height=\"455\" src=\"https:\/\/www.lacala.com\/wp-content\/uploads\/2025\/01\/Spa_Jacuzzi-e1741607235251-1920x455.jpg\" class=\"fullwidth-image\" alt=\"\" \/>    <\/div>\r\n    <div class=\"fullwidth-content\">\r\n        <div class=\"fullwidth-content-wrap\">\r\n            <div class=\"fullwidth-logo-wrap\">\r\n                <img loading=\"lazy\" decoding=\"async\" width=\"151\" height=\"63\" src=\"https:\/\/www.lacala.com\/wp-content\/uploads\/2024\/12\/LaCala_logo-01.svg\" class=\"fullwidth-logo\" alt=\"\" \/>            <\/div>\r\n            <div class=\"fullwidth-text\">\r\n                <div class=\"fullwidth-text-01\">La Cala Resort has created a programme specially for you.<\/div>\r\n                <div class=\"fullwidth-text-02\">Programa de socios<\/div>\r\n            <\/div>\r\n                            <a class=\"fullwidth-cta main-btn\" href=\"https:\/\/www.lacala.com\/es\/spa\/membership-program\/\" target=\"\">Ser recompensado<\/a>\r\n                    <\/div>\r\n    <\/div>\r\n<\/section><!--blockstudio\/full-width\/location--><section class=\"fullwidth-two-section\">\r\n    <div class=\"fullwidth-two-image-wrap\">\r\n        <img loading=\"lazy\" decoding=\"async\" width=\"1920\" height=\"455\" src=\"https:\/\/www.lacala.com\/wp-content\/uploads\/2024\/12\/map_desktop_lcr_full-1920x455.png\" class=\"fullwidth-two-image\" alt=\"\" srcset=\"https:\/\/www.lacala.com\/wp-content\/uploads\/2024\/12\/map_desktop_lcr_full-1920x455.png 1920w, https:\/\/www.lacala.com\/wp-content\/uploads\/2024\/12\/map_desktop_lcr_full-300x71.png 300w, https:\/\/www.lacala.com\/wp-content\/uploads\/2024\/12\/map_desktop_lcr_full-1024x243.png 1024w, https:\/\/www.lacala.com\/wp-content\/uploads\/2024\/12\/map_desktop_lcr_full-768x182.png 768w, https:\/\/www.lacala.com\/wp-content\/uploads\/2024\/12\/map_desktop_lcr_full-1536x364.png 1536w, https:\/\/www.lacala.com\/wp-content\/uploads\/2024\/12\/map_desktop_lcr_full.png 2000w\" sizes=\"auto, (max-width: 1920px) 100vw, 1920px\">    <\/div>\r\n    <div class=\"fullwidth-two-content\">\r\n            <div class=\"fullwidth-two-logo-wrap\">\r\n                <img loading=\"lazy\" decoding=\"async\" width=\"300\" height=\"267\" src=\"https:\/\/www.lacala.com\/wp-content\/uploads\/2025\/03\/map-icon-1.png\" class=\"fullwidth-two-logo\" alt=\"\">            <\/div>\r\n            <div class=\"fullwidth-two-text-content\">\r\n                <h3 class=\"fullwidth-two-title\">Localizaci&oacute;n<\/h3>\r\n                <p class=\"fullwidth-two-text\">C. Mirador del Golf, 1, 29649 La Cala de Mijas, M&aacute;laga, Spain <br>Email: <a href=\"mailto:lacala@lacala.com\">lacala@lacala.com<\/a><br>Tel: <a href=\"tel:0034952669000\">(+34) 952 669 000<\/a><\/p>\r\n            <\/div>\r\n                            <a class=\"fullwidth-two-cta main-btn\" href=\"https:\/\/maps.app.goo.gl\/HEnmvYuunFpr89HT9\" target=\"\" rel=\"noopener\">\r\n                Localizaci&oacute;n<\/a>\r\n                <\/div>\r\n<\/section>","protected":false},"excerpt":{"rendered":"","protected":false},"author":4,"featured_media":0,"parent":44090,"menu_order":2,"comment_status":"closed","ping_status":"closed","template":"wp-custom-template-inside","meta":{"footnotes":""},"class_list":["post-44101","page","type-page","status-publish","hentry"],"_links":{"self":[{"href":"https:\/\/www.lacala.com\/es\/wp-json\/wp\/v2\/pages\/44101","targetHints":{"allow":["GET"]}}],"collection":[{"href":"https:\/\/www.lacala.com\/es\/wp-json\/wp\/v2\/pages"}],"about":[{"href":"https:\/\/www.lacala.com\/es\/wp-json\/wp\/v2\/types\/page"}],"author":[{"embeddable":true,"href":"https:\/\/www.lacala.com\/es\/wp-json\/wp\/v2\/users\/4"}],"replies":[{"embeddable":true,"href":"https:\/\/www.lacala.com\/es\/wp-json\/wp\/v2\/comments?post=44101"}],"version-history":[{"count":3,"href":"https:\/\/www.lacala.com\/es\/wp-json\/wp\/v2\/pages\/44101\/revisions"}],"predecessor-version":[{"id":50632,"href":"https:\/\/www.lacala.com\/es\/wp-json\/wp\/v2\/pages\/44101\/revisions\/50632"}],"up":[{"embeddable":true,"href":"https:\/\/www.lacala.com\/es\/wp-json\/wp\/v2\/pages\/44090"}],"wp:attachment":[{"href":"https:\/\/www.lacala.com\/es\/wp-json\/wp\/v2\/media?parent=44101"}],"curies":[{"name":"wp","href":"https:\/\/api.w.org\/{rel}","templated":true}]}}