{"id":44389,"date":"2025-01-14T11:53:02","date_gmt":"2025-01-14T11:53:02","guid":{"rendered":"https:\/\/www.lacala.com\/sports\/football-facilities\/"},"modified":"2025-04-25T10:58:42","modified_gmt":"2025-04-25T10:58:42","slug":"football-facilities","status":"publish","type":"page","link":"https:\/\/www.lacala.com\/es\/sports\/football-facilities\/","title":{"rendered":"Instalaciones de f\u00fatbol"},"content":{"rendered":"<!--blockstudio\/banner\/banner-gallery--><section class=\"main-banner-section half-height\">\r\n    <div class=\"main-banner\">\r\n\r\n        <img loading=\"lazy\" decoding=\"async\" width=\"1024\" height=\"624\" src=\"https:\/\/www.lacala.com\/wp-content\/uploads\/2025\/01\/gallery-football-pitch-1024x624.jpg\" class=\"main-banner-file desktop\" alt=\"\">\r\n        <div class=\"banner-overlay\"><\/div>\r\n        <div class=\"main-banner-content\">            \r\n            <h2 class=\"main-banner-title\">Instalaciones de f&uacute;tbol<\/h2>   \r\n             \r\n        <\/div>\r\n       \r\n    <\/div>\r\n<\/section><!--blockstudio\/primary-content-inside\/primary-content-inside--><div class=\"primary-content-wrap\">\r\n    <section class=\"breadcrumb-container\">\r\n        <div class=\"breadcrumbs\" xmlns:v=\"http:\/\/rdf.data-vocabulary.org\/#\"><a href=\"https:\/\/www.lacala.com\/es\/\" rel=\"v:url\" property=\"v:title\">Home<\/a> \/ <span class=\"current\">P&aacute;gina<\/span><\/div><!-- .breadcrumbs -->    <\/section>\r\n    \r\n    <section class=\"primary-content-section \">\r\n        <div class=\"primary-content no-image\">\r\n                        <div class=\"primary-text main-cont-txt\"><p>Las instalaciones de entrenamiento de La Cala se encuentran dentro de los terrenos de La Cala Resort, a 20 minutos al este de Marbella y a solo 30 minutos del Aeropuerto de M&aacute;laga. El Aeropuerto de M&aacute;laga cuenta con excelentes conexiones con las principales aerol&iacute;neas y con las principales ciudades europeas, incluyendo las perif&eacute;ricas, lo que convierte a La Cala Resort en un destino de entrenamiento muy accesible, adem&aacute;s de ser uno de los hoteles m&aacute;s prestigiosos de la Costa del Sol.<\/p><p><strong>El campo de f&uacute;tbol solo est&aacute; disponible para los equipos alojados en nuestro hotel con un paquete completo de f&uacute;tbol. Todos los equipos de f&uacute;tbol que reserven en el hotel (un equipo a la vez) tendr&aacute;n acceso completo e ininterrumpido a nuestras instalaciones de entrenamiento. <\/strong><\/p><p><\/p><p><strong>Campos de entrenamiento personalizados<\/strong><\/p><p>La Cala Resort entiende que cada equipo deportivo profesional tiene requisitos diferentes para sus campamentos de entrenamiento. El Hotel La Cala busca brindar el entorno ideal para que tanto la directiva como los jugadores aprovechen al m&aacute;ximo su tiempo libre. Por ello, creamos campamentos a medida, adaptados a las necesidades de cada equipo.  <\/p><p>Tambi&eacute;n entendemos que la preparaci&oacute;n es clave para garantizar un campamento de entrenamiento exitoso. Al colaborar con los equipos e identificar sus requisitos y objetivos clave con suficiente antelaci&oacute;n, nuestra cuidadosa planificaci&oacute;n y atenci&oacute;n al detalle garantizan que las expectativas se superen constantemente. Se tienen en cuenta todos los siguientes factores:  <\/p><ul><li><p>Requisitos de formaci&oacute;n<\/p><\/li><li><p>Instalaciones de entrenamiento<\/p><\/li><li><p>&Eacute;poca del a&ntilde;o<\/p><\/li><li><p>Duraci&oacute;n del campamento<\/p><\/li><li><p>Solicitudes nutricionales<\/p><\/li><li><p>Instalaciones de ocio<\/p><\/li><\/ul><p><\/p><p>Para m&aacute;s informaci&oacute;n y detalles sobre nuestros Campamentos de Entrenamiento de F&uacute;tbol, &#8203;&#8203;cont&aacute;ctanos.<\/p><p><strong>Tel<\/strong>. <a target=\"_self\" rel=\"nofollow\" href=\"tel:+34952669025\">+34 952 669 025<\/a><\/p><p><strong>Email<\/strong>: <a target=\"_blank\" rel=\"nofollow\" href=\"mailto:comercial@lacala.com\"><u>comercial@lacala.com<\/u><\/a><\/p>                <div class=\"table-wrapper\"><\/div>\r\n            <\/div>\r\n            \r\n            \r\n\r\n\r\n            \r\n        <\/div>\r\n            <\/section>\r\n<\/div><!--blockstudio\/secondary-content\/secondary-content--><section class=\"secondary-content\">\r\n<div class=\"secondary-content-wrap\">    \r\n    <div class=\"secondary-content-content\">\r\n                    <h3 class=\"secondary-content-title\">El terreno de juego<\/h3>\r\n                <div class=\"secondary-content-text\">\r\n            <p>Las excepcionales instalaciones de La Cala Resort permiten a los equipos entrenar, trabajar y relajarse en un entorno privado y selecto. La Cala Resort es consciente de que cada equipo deportivo profesional tiene unas necesidades diferentes para sus concentraciones. El objetivo de La Cala Hotel es proporcionar el entorno ideal para que tanto los directivos como los jugadores obtengan el m\u00e1ximo beneficio de su estancia. Por eso creamos campamentos a medida, adaptados a las peticiones de cada equipo. <\/p><p>Ubicado en el coraz\u00f3n de nuestro resort, rodeado de tres campos de golf de campeonato.<br>Otras instalaciones disponibles para complementar el entrenamiento incluyen gimnasio, actividades de bienestar, circuito de running y spa.<br>Paquetes especiales de f\u00fatbol: tarifas de pensi\u00f3n completa para equipos, vestuarios\/salas de masajes, salas de conferencias\/reuniones, etc.<br>Entre los equipos internacionalmente reconocidos que entrenan en La Cala Resort se incluyen: Leicester City, Everton, Crystal Palace, Rangers (Reino Unido), M\u00e1laga, Sevilla (Espa\u00f1a), FC Porto (Portugal), RC Lens (Francia), FC Twente, Selecci\u00f3n femenina sub 23 (Pa\u00edses Bajos), Anderlecht, Standard Lieja (B\u00e9lgica), Dynamo Mosc\u00fa, Rubin Kazan (Rusia), Sparta Praga (Rep\u00fablica Checa), la selecci\u00f3n inglesa sub 21, el equipo ol\u00edmpico brit\u00e1nico de 2012 y muchos otros\u2026<\/p>                    <\/div>\r\n    <\/div>\r\n    <div class=\"secondary-content-image\">\r\n        <img loading=\"lazy\" decoding=\"async\" width=\"713\" height=\"500\" src=\"https:\/\/www.lacala.com\/wp-content\/uploads\/2025\/02\/Football-Pitch-11-713x500.jpg\" class=\"secondary-content-img\" alt=\"\" \/>    <\/div>\r\n<\/div>\r\n<\/section><!--blockstudio\/offers\/offers-block--><section class=\"carousel\">\r\n<div class=\"carousel-header\">\r\n\t\r\n\t \r\n<\/div>\r\n<div class=\"carousel-container js-carousel-slick\">\t\r\n\r\n\t\t\t\t\t\t<a href=\"https:\/\/www.lacala.com\/sports\/raquet-club\/\" target=\"\" class=\"carousel-item\"> \r\n\t\t\t\r\n\t\t\t\t<div class=\"carousel-item-image\">\r\n\t\t\t\t\t<img loading=\"lazy\" decoding=\"async\" width=\"418\" height=\"595\" src=\"https:\/\/www.lacala.com\/wp-content\/uploads\/2025\/01\/Padel-1-scaled-e1738149533279-418x595.jpg\" class=\"carousel-image\" alt=\"\" \/>\t\t\t\t<\/div>\r\n\t\t\t\t<div class=\"carousel-item-content\">\r\n\t\t\t\t\t\t\t\t\t\t<div class=\"carousel-item-titles\">\r\n\t\t\t\t\t\t<h3 class=\"carousel-title\">Club de Raqueta<\/h3>\r\n\t\t\t\t\t<\/div>\r\n\t\t\t\t\t\t\t\t\t\t\t\t\t\t\t<div class=\"carousel-item-subtitle\">\r\n\t\t\t\t\t\t<p class=\"carousel-sub-title\">Deportes en La Cala Resort<span class=\"carousel-item-line\"><\/span><\/p>\r\n\t\t\t\t\t<\/div>\r\n\t\t\t\t\t\t\t\t\t<\/div>\r\n\r\n\t\t\t<\/a>\r\n\r\n\t\t\t\t\t\t<a href=\"https:\/\/www.lacala.com\/sports\/gym-other\/\" target=\"\" class=\"carousel-item\"> \r\n\t\t\t\r\n\t\t\t\t<div class=\"carousel-item-image\">\r\n\t\t\t\t\t<img loading=\"lazy\" decoding=\"async\" width=\"418\" height=\"450\" src=\"https:\/\/www.lacala.com\/wp-content\/uploads\/2025\/01\/spa-gym-418x450.jpg\" class=\"carousel-image\" alt=\"\" \/>\t\t\t\t<\/div>\r\n\t\t\t\t<div class=\"carousel-item-content\">\r\n\t\t\t\t\t\t\t\t\t\t<div class=\"carousel-item-titles\">\r\n\t\t\t\t\t\t<h3 class=\"carousel-title\">Gimnasio<\/h3>\r\n\t\t\t\t\t<\/div>\r\n\t\t\t\t\t\t\t\t\t\t\t\t\t\t\t<div class=\"carousel-item-subtitle\">\r\n\t\t\t\t\t\t<p class=\"carousel-sub-title\">Deportes en La Cala Resort<span class=\"carousel-item-line\"><\/span><\/p>\r\n\t\t\t\t\t<\/div>\r\n\t\t\t\t\t\t\t\t\t<\/div>\r\n\r\n\t\t\t<\/a>\r\n\r\n\t\t\t\t\t\t<a href=\"https:\/\/www.lacala.com\/spa\/wellness-activities\/\" target=\"\" class=\"carousel-item\"> \r\n\t\t\t\r\n\t\t\t\t<div class=\"carousel-item-image\">\r\n\t\t\t\t\t<img loading=\"lazy\" decoding=\"async\" width=\"418\" height=\"595\" src=\"https:\/\/www.lacala.com\/wp-content\/uploads\/2025\/01\/yoga-1-418x595.jpg\" class=\"carousel-image\" alt=\"\" \/>\t\t\t\t<\/div>\r\n\t\t\t\t<div class=\"carousel-item-content\">\r\n\t\t\t\t\t\t\t\t\t\t<div class=\"carousel-item-titles\">\r\n\t\t\t\t\t\t<h3 class=\"carousel-title\">Actividades de salud e bienestar<\/h3>\r\n\t\t\t\t\t<\/div>\r\n\t\t\t\t\t\t\t\t\t\t\t\t\t\t\t<div class=\"carousel-item-subtitle\">\r\n\t\t\t\t\t\t<p class=\"carousel-sub-title\">Deportes en La Cala Resort<span class=\"carousel-item-line\"><\/span><\/p>\r\n\t\t\t\t\t<\/div>\r\n\t\t\t\t\t\t\t\t\t<\/div>\r\n\r\n\t\t\t<\/a>\r\n\r\n\t\t\t\t\t\t<a href=\"https:\/\/www.lacala.com\/golf-2\/\" target=\"\" class=\"carousel-item\"> \r\n\t\t\t\r\n\t\t\t\t<div class=\"carousel-item-image\">\r\n\t\t\t\t\t<img loading=\"lazy\" decoding=\"async\" width=\"418\" height=\"595\" src=\"https:\/\/www.lacala.com\/wp-content\/uploads\/2025\/01\/12TH_ASIA-Custom-418x595.jpg\" class=\"carousel-image\" alt=\"\" \/>\t\t\t\t<\/div>\r\n\t\t\t\t<div class=\"carousel-item-content\">\r\n\t\t\t\t\t\t\t\t\t\t<div class=\"carousel-item-titles\">\r\n\t\t\t\t\t\t<h3 class=\"carousel-title\">Golf<\/h3>\r\n\t\t\t\t\t<\/div>\r\n\t\t\t\t\t\t\t\t\t\t\t\t\t\t\t<div class=\"carousel-item-subtitle\">\r\n\t\t\t\t\t\t<p class=\"carousel-sub-title\">Deportes en La Cala Resort<span class=\"carousel-item-line\"><\/span><\/p>\r\n\t\t\t\t\t<\/div>\r\n\t\t\t\t\t\t\t\t\t<\/div>\r\n\r\n\t\t\t<\/a>\r\n\r\n\t\t\t\t\t\r\n<\/div>\r\n \r\n<\/section><!--blockstudio\/full-width\/location--><section class=\"fullwidth-two-section\">\r\n    <div class=\"fullwidth-two-image-wrap\">\r\n        <img loading=\"lazy\" decoding=\"async\" width=\"1920\" height=\"455\" src=\"https:\/\/www.lacala.com\/wp-content\/uploads\/2024\/12\/map_desktop_lcr_full-1920x455.png\" class=\"fullwidth-two-image\" alt=\"\" srcset=\"https:\/\/www.lacala.com\/wp-content\/uploads\/2024\/12\/map_desktop_lcr_full-1920x455.png 1920w, https:\/\/www.lacala.com\/wp-content\/uploads\/2024\/12\/map_desktop_lcr_full-300x71.png 300w, https:\/\/www.lacala.com\/wp-content\/uploads\/2024\/12\/map_desktop_lcr_full-1024x243.png 1024w, https:\/\/www.lacala.com\/wp-content\/uploads\/2024\/12\/map_desktop_lcr_full-768x182.png 768w, https:\/\/www.lacala.com\/wp-content\/uploads\/2024\/12\/map_desktop_lcr_full-1536x364.png 1536w, https:\/\/www.lacala.com\/wp-content\/uploads\/2024\/12\/map_desktop_lcr_full.png 2000w\" sizes=\"auto, (max-width: 1920px) 100vw, 1920px\">    <\/div>\r\n    <div class=\"fullwidth-two-content\">\r\n            <div class=\"fullwidth-two-logo-wrap\">\r\n                <img loading=\"lazy\" decoding=\"async\" width=\"300\" height=\"267\" src=\"https:\/\/www.lacala.com\/wp-content\/uploads\/2025\/03\/map-icon-1.png\" class=\"fullwidth-two-logo\" alt=\"\">            <\/div>\r\n            <div class=\"fullwidth-two-text-content\">\r\n                <h3 class=\"fullwidth-two-title\">Localizaci&oacute;n<\/h3>\r\n                <p class=\"fullwidth-two-text\">C. Mirador del Golf, 1, 29649 La Cala de Mijas, M&aacute;laga, Spain <br>Email: <a href=\"mailto:lacala@lacala.com\">lacala@lacala.com<\/a><br>Tel: <a href=\"tel:0034952669000\">(+34) 952 669 000<\/a><\/p>\r\n            <\/div>\r\n                            <a class=\"fullwidth-two-cta main-btn\" href=\"https:\/\/maps.app.goo.gl\/HEnmvYuunFpr89HT9\" target=\"\" rel=\"noopener\">\r\n                Localizaci&oacute;n<\/a>\r\n                <\/div>\r\n<\/section>","protected":false},"excerpt":{"rendered":"","protected":false},"author":4,"featured_media":0,"parent":44370,"menu_order":2,"comment_status":"closed","ping_status":"closed","template":"wp-custom-template-inside","meta":{"footnotes":""},"class_list":["post-44389","page","type-page","status-publish","hentry"],"_links":{"self":[{"href":"https:\/\/www.lacala.com\/es\/wp-json\/wp\/v2\/pages\/44389","targetHints":{"allow":["GET"]}}],"collection":[{"href":"https:\/\/www.lacala.com\/es\/wp-json\/wp\/v2\/pages"}],"about":[{"href":"https:\/\/www.lacala.com\/es\/wp-json\/wp\/v2\/types\/page"}],"author":[{"embeddable":true,"href":"https:\/\/www.lacala.com\/es\/wp-json\/wp\/v2\/users\/4"}],"replies":[{"embeddable":true,"href":"https:\/\/www.lacala.com\/es\/wp-json\/wp\/v2\/comments?post=44389"}],"version-history":[{"count":0,"href":"https:\/\/www.lacala.com\/es\/wp-json\/wp\/v2\/pages\/44389\/revisions"}],"up":[{"embeddable":true,"href":"https:\/\/www.lacala.com\/es\/wp-json\/wp\/v2\/pages\/44370"}],"wp:attachment":[{"href":"https:\/\/www.lacala.com\/es\/wp-json\/wp\/v2\/media?parent=44389"}],"curies":[{"name":"wp","href":"https:\/\/api.w.org\/{rel}","templated":true}]}}