{"id":44395,"date":"2025-01-16T10:49:52","date_gmt":"2025-01-16T10:49:52","guid":{"rendered":"https:\/\/www.lacala.com\/restaurants\/clubhouse-restaurant\/"},"modified":"2025-07-18T15:13:26","modified_gmt":"2025-07-18T15:13:26","slug":"clubhouse-restaurant","status":"publish","type":"page","link":"https:\/\/www.lacala.com\/es\/dining\/clubhouse-restaurant\/","title":{"rendered":"The Clubhouse"},"content":{"rendered":"<!--blockstudio\/banner\/banner-gallery--><section class=\"main-banner-section half-height\">\r\n    <div class=\"main-banner\">\r\n\r\n        <img loading=\"lazy\" decoding=\"async\" width=\"1920\" height=\"624\" src=\"https:\/\/www.lacala.com\/wp-content\/uploads\/2025\/01\/The_Clubhouse_LCR_2-1920x624.jpg\" class=\"main-banner-file desktop\" alt=\"\">\r\n        <div class=\"banner-overlay\"><\/div>\r\n        <div class=\"main-banner-content\">            \r\n            <h2 class=\"main-banner-title\">The Clubhouse<\/h2>   \r\n             \r\n        <\/div>\r\n       \r\n    <\/div>\r\n<\/section><!--blockstudio\/primary-content\/primary-content--><div class=\"primary-content-wrap\">\r\n    <section class=\"breadcrumb-container\">\r\n        <div class=\"breadcrumbs\" xmlns:v=\"http:\/\/rdf.data-vocabulary.org\/#\"><a href=\"https:\/\/www.lacala.com\/es\/\" rel=\"v:url\" property=\"v:title\">Home<\/a> \/ <span class=\"current\">P&aacute;gina<\/span><\/div><!-- .breadcrumbs -->    <\/section>\r\n    \r\n    <section class=\"primary-content-section \">\r\n        <div class=\"primary-content no-image\">\r\n            <h1 class=\"primary-title\">Restaurante, bar y sala de eventos con vistas al golf<\/h1>\r\n            <div class=\"primary-text main-cont-txt js-read-more\"><p>Bienvenido a <strong>The Clubhouse<\/strong>, el coraz&oacute;n de La Cala Resort y un vibrante punto de encuentro para golfistas, amigos, familias y hu&eacute;spedes. Con vistas a las exuberantes calles de <strong>Campo Asia<\/strong>, este elegante lugar ofrece un ambiente c&aacute;lido y acogedor para todo, desde comidas informales y c&oacute;cteles hasta deportes en directo y eventos exclusivos. <\/p><p>Tanto si viene por la <strong>comida<\/strong>, el <strong>golf<\/strong>, la <strong>compa&ntilde;&iacute;a <\/strong>o las <strong>vistas<\/strong>, The Clubhouse es su escapada diaria. <\/p><p><strong>Abierto todos los d&iacute;as &#8211; No es necesario reservar <\/strong>&#8211; simplemente pase y disfrute.<\/p>                <div class=\"table-wrapper\">\n\n<p><\/p>\n\n<\/div>\r\n            <\/div>\r\n<div class=\"read-more-container\">\r\n    <div class=\"read-more-toggle mobile js-read-more-toggle\" data-more=\"Leer m&aacute;s\" data-less=\"Leer menos\">\r\n        <span>Leer m&aacute;s<\/span>\r\n\r\n        <svg style=\"width:20px;height:20px\" viewbox=\"0 0 24 24\" class=\"icon\">\r\n            <path fill=\"currentColor\" d=\"M7.41,8.58L12,13.17L16.59,8.58L18,10L12,16L6,10L7.41,8.58Z\"><\/path>\r\n        <\/svg>\r\n    <\/div>\r\n<\/div>\r\n                            \r\n                <a class=\"primary-cta main-btn\" href=\"https:\/\/lacalagolfresort.com\/pdf\/menus\/the-clubhouse.pdf\" target=\"_blank\" rel=\"noopener\">\r\n                    VER EL MENU                <\/a>\r\n                    <\/div>\r\n            <\/section>\r\n<\/div><!--blockstudio\/featured-area\/featured-area--><div class=\"featured-content-wrap\">    \r\n    <section class=\"featured-content-section\">\r\n        <div class=\"featured-content \">\r\n            <div class=\"featured-text\">\r\n                <h3 class=\"featured-title\"><\/h3>\r\n                <p><strong>Un restaurante para relajarse con vistas panor\u00e1micas<\/strong><\/p><p>Tanto si est\u00e1 terminando una partida de golf como si acaba de llegar para comer, el restaurante <strong>The Clubhouse <\/strong>es el lugar perfecto para relajarse. Nuestros chefs se centran en la <strong>comida fresca y saludable<\/strong>: platos deliciosos y satisfactorios que equilibran salud, comodidad y sabor. <\/p><p><strong>Los platos m\u00e1s destacados son:<\/strong><\/p><ul><li><p><strong>Sandwich de pastrami de ternera Angus irlandesa <\/strong>con gruy\u00e8re y nuestra salsa de autor<\/p><\/li><li><p><strong>Linguini Marinera <\/strong>con vieiras, gambas y mejillones<\/p><\/li><li><p><strong>Salm\u00f3n al horno Misoyaki <\/strong>servido con arroz jazm\u00edn y verduras verdes<\/p><\/li><li><p><strong>Ensalada La Cala <\/strong>con sand\u00eda, queso feta, r\u00facula, tomates cherry, pepino y un sabroso ali\u00f1o de lima<\/p><\/li><\/ul><p>Disfrute de su comida en el interior o en nuestra soleada terraza, con vistas ininterrumpidas al campo y a las colinas andaluzas.<\/p>            <\/div>\r\n                    <\/div>\r\n                <div class=\"featured-image-wrap\">\r\n            <img loading=\"lazy\" decoding=\"async\" width=\"864\" height=\"517\" src=\"https:\/\/www.lacala.com\/wp-content\/uploads\/2025\/01\/The_Clubhouse_LCR_1-866x518.jpg\" class=\"featured-image-d\" alt=\"\" srcset=\"https:\/\/www.lacala.com\/wp-content\/uploads\/2025\/01\/The_Clubhouse_LCR_1-866x518.jpg 866w, https:\/\/www.lacala.com\/wp-content\/uploads\/2025\/01\/The_Clubhouse_LCR_1-300x181.jpg 300w\" sizes=\"auto, (max-width: 864px) 100vw, 864px\" \/> \r\n        <\/div>\r\n            <\/section>\r\n<\/div><!--blockstudio\/primary-content\/primary-content--><div class=\"primary-content-wrap\">\r\n    \r\n    <section class=\"primary-content-section no-breadcrumb-fix\">\r\n        <div class=\"primary-content \">\r\n            <h1 class=\"primary-title\">Sal&oacute;n deportivo<\/h1>\r\n            <div class=\"primary-text main-cont-txt js-read-more\"><p>&iquest;<strong>Busca un lugar donde disfrutar de los deportes en directo <\/strong>en la <strong>Costa del Sol<\/strong>? La Casa Club est&aacute; totalmente equipada con <strong>grandes televisores de pantalla plana<\/strong>, lo que la convierte en el destino ideal para ver f&uacute;tbol en directo, torneos de golf, rugby, tenis y mucho m&aacute;s.  <\/p><p><strong>Pruebe nuestro simulador de golf<\/strong><\/p><p>En el interior encontrar&aacute; nuestro <strong>simulador de golf de &uacute;ltima generaci&oacute;n<\/strong>, ideal para divertirse con los amigos o practicar en serio. Con su avanzada tecnolog&iacute;a de seguimiento de bolas, es perfecto para paquetes de <strong>Golf y Gastronom&iacute;a <\/strong>o simplemente para escapar del calor con una sesi&oacute;n de inmersi&oacute;n de dos horas. <\/p>                <div class=\"table-wrapper\"><\/div>\r\n            <\/div>\r\n<div class=\"read-more-container\">\r\n    <div class=\"read-more-toggle mobile js-read-more-toggle\" data-more=\"Leer m&aacute;s\" data-less=\"Leer menos\">\r\n        <span>Leer m&aacute;s<\/span>\r\n\r\n        <svg style=\"width:20px;height:20px\" viewbox=\"0 0 24 24\" class=\"icon\">\r\n            <path fill=\"currentColor\" d=\"M7.41,8.58L12,13.17L16.59,8.58L18,10L12,16L6,10L7.41,8.58Z\"><\/path>\r\n        <\/svg>\r\n    <\/div>\r\n<\/div>\r\n                            \r\n                <a class=\"primary-cta main-btn\" href=\"https:\/\/lacala.golfmanager.com\/consumer\/ebookings?i=1&amp;resourcetype=22\" target=\"_blank\" rel=\"noopener\">\r\n                    Reservar Simulador de Golf                 <\/a>\r\n                    <\/div>\r\n                <div class=\"primary-image-wrap\">\r\n            <img loading=\"lazy\" decoding=\"async\" width=\"833\" height=\"934\" src=\"https:\/\/www.lacala.com\/wp-content\/uploads\/2025\/06\/golf-simulator-833x934.jpg\" class=\"primary-image-d\" alt=\"\" srcset=\"https:\/\/www.lacala.com\/wp-content\/uploads\/2025\/06\/golf-simulator-833x934.jpg 833w, https:\/\/www.lacala.com\/wp-content\/uploads\/2025\/06\/golf-simulator-267x300.jpg 267w, https:\/\/www.lacala.com\/wp-content\/uploads\/2025\/06\/golf-simulator-912x1024.jpg 912w, https:\/\/www.lacala.com\/wp-content\/uploads\/2025\/06\/golf-simulator-768x862.jpg 768w, https:\/\/www.lacala.com\/wp-content\/uploads\/2025\/06\/golf-simulator-1368x1536.jpg 1368w, https:\/\/www.lacala.com\/wp-content\/uploads\/2025\/06\/golf-simulator-1824x2048.jpg 1824w\" sizes=\"auto, (max-width: 833px) 100vw, 833px\">        <\/div>\r\n            <\/section>\r\n<\/div><!--blockstudio\/featured-area\/featured-area--><div class=\"featured-content-wrap\">    \r\n    <section class=\"featured-content-section\">\r\n        <div class=\"featured-content \">\r\n            <div class=\"featured-text\">\r\n                <h3 class=\"featured-title\"><\/h3>\r\n                <p><strong>Un lugar \u00fanico para eventos en Mijas<\/strong><\/p><p>Desde elegantes <strong>eventos privados <\/strong>y <strong>reuniones corporativas <\/strong>hasta nuestras propias experiencias de resort, la Casa Club es uno de los mejores lugares para <strong>eventos de la Costa del Sol<\/strong>. Organice su celebraci\u00f3n en la terraza, bajo nuestro gran toldo o en el jard\u00edn bajo la p\u00e9rgola, todo ello con el campo de golf como tel\u00f3n de fondo. <\/p><p>&nbsp;<\/p>            <\/div>\r\n                    <\/div>\r\n                <div class=\"featured-image-wrap\">\r\n            <img loading=\"lazy\" decoding=\"async\" width=\"864\" height=\"517\" src=\"https:\/\/www.lacala.com\/wp-content\/uploads\/2025\/01\/The-Clubhouse_Terrace_Jazz_Night-866x518.jpg\" class=\"featured-image-d\" alt=\"\" \/> \r\n        <\/div>\r\n            <\/section>\r\n<\/div><!--blockstudio\/gallery\/gallery--><section class=\"inside-gallery\">\r\n    <div class=\"inside-gallery-header\">\r\n        <h2 class=\"inside-gallery-title\">Galer&iacute;a<\/h2> \r\n        <div class=\"inside-gallery-cta\">\r\n         \r\n        <\/div>\r\n    <\/div>\r\n\r\n        <div class=\"inside-gallery-widget js-gallery-lightg js-inside-gallery-slick\" id=\"main-gallery\">\r\n        \r\n                <a href=\"https:\/\/www.lacala.com\/wp-content\/uploads\/2025\/01\/The-Clubhouse_Terrace_Jazz_Night.jpg\" class=\"inside-gallery-item\"> \r\n            <div class=\"gallery-item-image\">\r\n                <img loading=\"lazy\" decoding=\"async\" width=\"400\" height=\"400\" src=\"https:\/\/www.lacala.com\/wp-content\/uploads\/2025\/01\/The-Clubhouse_Terrace_Jazz_Night-400x400.jpg\" class=\"gallery-image\" alt=\"\" srcset=\"https:\/\/www.lacala.com\/wp-content\/uploads\/2025\/01\/The-Clubhouse_Terrace_Jazz_Night-400x400.jpg 400w, https:\/\/www.lacala.com\/wp-content\/uploads\/2025\/01\/The-Clubhouse_Terrace_Jazz_Night-150x150.jpg 150w, https:\/\/www.lacala.com\/wp-content\/uploads\/2025\/01\/The-Clubhouse_Terrace_Jazz_Night-50x50.jpg 50w\" sizes=\"auto, (max-width: 400px) 100vw, 400px\">            <\/div>\r\n        <\/a>\r\n                <a href=\"https:\/\/www.lacala.com\/wp-content\/uploads\/2025\/01\/The_Clubhouse_LCR_4.jpg\" class=\"inside-gallery-item\"> \r\n            <div class=\"gallery-item-image\">\r\n                <img loading=\"lazy\" decoding=\"async\" width=\"400\" height=\"400\" src=\"https:\/\/www.lacala.com\/wp-content\/uploads\/2025\/01\/The_Clubhouse_LCR_4-400x400.jpg\" class=\"gallery-image\" alt=\"\" srcset=\"https:\/\/www.lacala.com\/wp-content\/uploads\/2025\/01\/The_Clubhouse_LCR_4-400x400.jpg 400w, https:\/\/www.lacala.com\/wp-content\/uploads\/2025\/01\/The_Clubhouse_LCR_4-150x150.jpg 150w, https:\/\/www.lacala.com\/wp-content\/uploads\/2025\/01\/The_Clubhouse_LCR_4-50x50.jpg 50w\" sizes=\"auto, (max-width: 400px) 100vw, 400px\">            <\/div>\r\n        <\/a>\r\n                <a href=\"https:\/\/www.lacala.com\/wp-content\/uploads\/2025\/01\/The_Clubhouse_LCR_2.jpg\" class=\"inside-gallery-item\"> \r\n            <div class=\"gallery-item-image\">\r\n                <img loading=\"lazy\" decoding=\"async\" width=\"400\" height=\"400\" src=\"https:\/\/www.lacala.com\/wp-content\/uploads\/2025\/01\/The_Clubhouse_LCR_2-400x400.jpg\" class=\"gallery-image\" alt=\"\" srcset=\"https:\/\/www.lacala.com\/wp-content\/uploads\/2025\/01\/The_Clubhouse_LCR_2-400x400.jpg 400w, https:\/\/www.lacala.com\/wp-content\/uploads\/2025\/01\/The_Clubhouse_LCR_2-150x150.jpg 150w, https:\/\/www.lacala.com\/wp-content\/uploads\/2025\/01\/The_Clubhouse_LCR_2-50x50.jpg 50w\" sizes=\"auto, (max-width: 400px) 100vw, 400px\">            <\/div>\r\n        <\/a>\r\n                <a href=\"https:\/\/www.lacala.com\/wp-content\/uploads\/2025\/01\/SPORTS_LOUNGE--scaled.jpg\" class=\"inside-gallery-item\"> \r\n            <div class=\"gallery-item-image\">\r\n                <img loading=\"lazy\" decoding=\"async\" width=\"400\" height=\"400\" src=\"https:\/\/www.lacala.com\/wp-content\/uploads\/2025\/01\/SPORTS_LOUNGE--400x400.jpg\" class=\"gallery-image\" alt=\"\" srcset=\"https:\/\/www.lacala.com\/wp-content\/uploads\/2025\/01\/SPORTS_LOUNGE--400x400.jpg 400w, https:\/\/www.lacala.com\/wp-content\/uploads\/2025\/01\/SPORTS_LOUNGE--150x150.jpg 150w, https:\/\/www.lacala.com\/wp-content\/uploads\/2025\/01\/SPORTS_LOUNGE--50x50.jpg 50w\" sizes=\"auto, (max-width: 400px) 100vw, 400px\">            <\/div>\r\n        <\/a>\r\n                <a href=\"https:\/\/www.lacala.com\/wp-content\/uploads\/2025\/01\/The_Clubhouse_LCR_1.jpg\" class=\"inside-gallery-item\"> \r\n            <div class=\"gallery-item-image\">\r\n                <img loading=\"lazy\" decoding=\"async\" width=\"400\" height=\"400\" src=\"https:\/\/www.lacala.com\/wp-content\/uploads\/2025\/01\/The_Clubhouse_LCR_1-400x400.jpg\" class=\"gallery-image\" alt=\"\" srcset=\"https:\/\/www.lacala.com\/wp-content\/uploads\/2025\/01\/The_Clubhouse_LCR_1-400x400.jpg 400w, https:\/\/www.lacala.com\/wp-content\/uploads\/2025\/01\/The_Clubhouse_LCR_1-150x150.jpg 150w, https:\/\/www.lacala.com\/wp-content\/uploads\/2025\/01\/The_Clubhouse_LCR_1-50x50.jpg 50w\" sizes=\"auto, (max-width: 400px) 100vw, 400px\">            <\/div>\r\n        <\/a>\r\n        \r\n    <\/div>\r\n     \r\n<\/section><!--blockstudio\/offers\/offers-block--><section class=\"carousel\">\r\n<div class=\"carousel-header\">\r\n\t<h2 class=\"carousel-title\">Restaurantes y Bares<\/h2>\r\n\t \r\n<\/div>\r\n<div class=\"carousel-container js-carousel-slick\">\t\r\n\r\n\t\t\t\t\t\t<a href=\"https:\/\/www.lacala.com\/es\/dining\/clubhouse-restaurant\/\" target=\"\" class=\"carousel-item\"> \r\n\t\t\t\r\n\t\t\t\t<div class=\"carousel-item-image\">\r\n\t\t\t\t\t<img loading=\"lazy\" decoding=\"async\" width=\"418\" height=\"595\" src=\"https:\/\/www.lacala.com\/wp-content\/uploads\/2025\/01\/The_Clubhouse_LCR_4-418x595.jpg\" class=\"carousel-image\" alt=\"\">\t\t\t\t<\/div>\r\n\t\t\t\t<div class=\"carousel-item-content\">\r\n\t\t\t\t\t\t\t\t\t\t<div class=\"carousel-item-titles\">\r\n\t\t\t\t\t\t<h3 class=\"carousel-title\">The Clubhouse<\/h3>\r\n\t\t\t\t\t<\/div>\r\n\t\t\t\t\t\t\t\t\t\t\t\t\t\t\t<div class=\"carousel-item-subtitle\">\r\n\t\t\t\t\t\t<p class=\"carousel-sub-title\">Bares y Restaurantes en La Cala Resort<span class=\"carousel-item-line\"><\/span><\/p>\r\n\t\t\t\t\t<\/div>\r\n\t\t\t\t\t\t\t\t\t<\/div>\r\n\r\n\t\t\t<\/a>\r\n\r\n\t\t\t\t\t\t<a href=\"https:\/\/www.lacala.com\/es\/dining\/la-terraza-restaurant\/\" target=\"\" class=\"carousel-item\"> \r\n\t\t\t\r\n\t\t\t\t<div class=\"carousel-item-image\">\r\n\t\t\t\t\t<img loading=\"lazy\" decoding=\"async\" width=\"418\" height=\"595\" src=\"https:\/\/www.lacala.com\/wp-content\/uploads\/2025\/01\/Terraza_Patio_Naranjo-418x595.jpg\" class=\"carousel-image\" alt=\"\">\t\t\t\t<\/div>\r\n\t\t\t\t<div class=\"carousel-item-content\">\r\n\t\t\t\t\t\t\t\t\t\t<div class=\"carousel-item-titles\">\r\n\t\t\t\t\t\t<h3 class=\"carousel-title\">La Terraza<\/h3>\r\n\t\t\t\t\t<\/div>\r\n\t\t\t\t\t\t\t\t\t\t\t\t\t\t\t<div class=\"carousel-item-subtitle\">\r\n\t\t\t\t\t\t<p class=\"carousel-sub-title\">Bares y Restaurantes en La Cala Resort<span class=\"carousel-item-line\"><\/span><\/p>\r\n\t\t\t\t\t<\/div>\r\n\t\t\t\t\t\t\t\t\t<\/div>\r\n\r\n\t\t\t<\/a>\r\n\r\n\t\t\t\t\t\t<a href=\"https:\/\/www.lacala.com\/es\/dining\/the-steakhouse\/\" target=\"\" class=\"carousel-item\"> \r\n\t\t\t\r\n\t\t\t\t<div class=\"carousel-item-image\">\r\n\t\t\t\t\t<img loading=\"lazy\" decoding=\"async\" width=\"418\" height=\"595\" src=\"https:\/\/www.lacala.com\/wp-content\/uploads\/2025\/03\/Steakhouse-1-418x595.jpg\" class=\"carousel-image\" alt=\"\">\t\t\t\t<\/div>\r\n\t\t\t\t<div class=\"carousel-item-content\">\r\n\t\t\t\t\t\t\t\t\t\t<div class=\"carousel-item-titles\">\r\n\t\t\t\t\t\t<h3 class=\"carousel-title\">The Steakhouse<\/h3>\r\n\t\t\t\t\t<\/div>\r\n\t\t\t\t\t\t\t\t\t\t\t\t\t\t\t<div class=\"carousel-item-subtitle\">\r\n\t\t\t\t\t\t<p class=\"carousel-sub-title\">Bares y Restaurantes en La Cala Resort<span class=\"carousel-item-line\"><\/span><\/p>\r\n\t\t\t\t\t<\/div>\r\n\t\t\t\t\t\t\t\t\t<\/div>\r\n\r\n\t\t\t<\/a>\r\n\r\n\t\t\t\t\t\t<a href=\"https:\/\/www.lacala.com\/es\/dining\/panoramic-bar-restaurant\/\" target=\"\" class=\"carousel-item\"> \r\n\t\t\t\r\n\t\t\t\t<div class=\"carousel-item-image\">\r\n\t\t\t\t\t<img loading=\"lazy\" decoding=\"async\" width=\"418\" height=\"595\" src=\"https:\/\/www.lacala.com\/wp-content\/uploads\/2025\/05\/panoramic2-418x595.jpg\" class=\"carousel-image\" alt=\"\">\t\t\t\t<\/div>\r\n\t\t\t\t<div class=\"carousel-item-content\">\r\n\t\t\t\t\t\t\t\t\t\t<div class=\"carousel-item-titles\">\r\n\t\t\t\t\t\t<h3 class=\"carousel-title\">Panoramic Bar<\/h3>\r\n\t\t\t\t\t<\/div>\r\n\t\t\t\t\t\t\t\t\t\t\t\t\t\t\t<div class=\"carousel-item-subtitle\">\r\n\t\t\t\t\t\t<p class=\"carousel-sub-title\">Bares y Restaurantes en La Cala Resort<span class=\"carousel-item-line\"><\/span><\/p>\r\n\t\t\t\t\t<\/div>\r\n\t\t\t\t\t\t\t\t\t<\/div>\r\n\r\n\t\t\t<\/a>\r\n\r\n\t\t\t\t\t\t<a href=\"https:\/\/www.lacala.com\/es\/dining\/pool-bar\/\" target=\"\" class=\"carousel-item\"> \r\n\t\t\t\r\n\t\t\t\t<div class=\"carousel-item-image\">\r\n\t\t\t\t\t<img loading=\"lazy\" decoding=\"async\" width=\"418\" height=\"595\" src=\"https:\/\/www.lacala.com\/wp-content\/uploads\/2025\/04\/Pool_Bar00001-2-418x595.jpg\" class=\"carousel-image\" alt=\"\">\t\t\t\t<\/div>\r\n\t\t\t\t<div class=\"carousel-item-content\">\r\n\t\t\t\t\t\t\t\t\t\t<div class=\"carousel-item-titles\">\r\n\t\t\t\t\t\t<h3 class=\"carousel-title\">The Pool Bar<\/h3>\r\n\t\t\t\t\t<\/div>\r\n\t\t\t\t\t\t\t\t\t\t\t\t\t\t\t<div class=\"carousel-item-subtitle\">\r\n\t\t\t\t\t\t<p class=\"carousel-sub-title\">Bares y Restaurantes en La Cala Resort<span class=\"carousel-item-line\"><\/span><\/p>\r\n\t\t\t\t\t<\/div>\r\n\t\t\t\t\t\t\t\t\t<\/div>\r\n\r\n\t\t\t<\/a>\r\n\r\n\t\t\t\t\t\t<a href=\"https:\/\/www.lacala.com\/es\/restaurants\/el-patio\/\" target=\"\" class=\"carousel-item\"> \r\n\t\t\t\r\n\t\t\t\t<div class=\"carousel-item-image\">\r\n\t\t\t\t\t<img loading=\"lazy\" decoding=\"async\" width=\"418\" height=\"595\" src=\"https:\/\/www.lacala.com\/wp-content\/uploads\/2025\/03\/El_Patio_2-1-418x595.jpg\" class=\"carousel-image\" alt=\"\">\t\t\t\t<\/div>\r\n\t\t\t\t<div class=\"carousel-item-content\">\r\n\t\t\t\t\t\t\t\t\t\t<div class=\"carousel-item-titles\">\r\n\t\t\t\t\t\t<h3 class=\"carousel-title\">El Patio<\/h3>\r\n\t\t\t\t\t<\/div>\r\n\t\t\t\t\t\t\t\t\t\t\t\t\t\t\t<div class=\"carousel-item-subtitle\">\r\n\t\t\t\t\t\t<p class=\"carousel-sub-title\">Bares y Restaurantes en La Cala Resort<span class=\"carousel-item-line\"><\/span><\/p>\r\n\t\t\t\t\t<\/div>\r\n\t\t\t\t\t\t\t\t\t<\/div>\r\n\r\n\t\t\t<\/a>\r\n\r\n\t\t\t\t\t\r\n<\/div>\r\n \r\n<\/section><!--blockstudio\/full-width\/location--><section class=\"fullwidth-two-section\">\r\n    <div class=\"fullwidth-two-image-wrap\">\r\n        <img loading=\"lazy\" decoding=\"async\" width=\"1920\" height=\"455\" src=\"https:\/\/www.lacala.com\/wp-content\/uploads\/2024\/12\/map_desktop_lcr_full-1920x455.png\" class=\"fullwidth-two-image\" alt=\"\" srcset=\"https:\/\/www.lacala.com\/wp-content\/uploads\/2024\/12\/map_desktop_lcr_full-1920x455.png 1920w, https:\/\/www.lacala.com\/wp-content\/uploads\/2024\/12\/map_desktop_lcr_full-300x71.png 300w, https:\/\/www.lacala.com\/wp-content\/uploads\/2024\/12\/map_desktop_lcr_full-1024x243.png 1024w, https:\/\/www.lacala.com\/wp-content\/uploads\/2024\/12\/map_desktop_lcr_full-768x182.png 768w, https:\/\/www.lacala.com\/wp-content\/uploads\/2024\/12\/map_desktop_lcr_full-1536x364.png 1536w, https:\/\/www.lacala.com\/wp-content\/uploads\/2024\/12\/map_desktop_lcr_full.png 2000w\" sizes=\"auto, (max-width: 1920px) 100vw, 1920px\">    <\/div>\r\n    <div class=\"fullwidth-two-content\">\r\n            <div class=\"fullwidth-two-logo-wrap\">\r\n                <img loading=\"lazy\" decoding=\"async\" width=\"300\" height=\"267\" src=\"https:\/\/www.lacala.com\/wp-content\/uploads\/2025\/03\/map-icon-1.png\" class=\"fullwidth-two-logo\" alt=\"\">            <\/div>\r\n            <div class=\"fullwidth-two-text-content\">\r\n                <h3 class=\"fullwidth-two-title\">Localizaci&oacute;n<\/h3>\r\n                <p class=\"fullwidth-two-text\">C. Mirador del Golf, 1, 29649 La Cala de Mijas, M&aacute;laga, Spain <br>Email: <a href=\"mailto:restaurants@lacala.com\">restaurants@lacala.com<\/a><br>Tel: <a href=\"tel:0034952669000\">(+34) <\/a><a href=\"tel:0034610046422\">610 046 422<\/a><\/p>\r\n            <\/div>\r\n                            <a class=\"fullwidth-two-cta main-btn\" href=\"https:\/\/maps.app.goo.gl\/HEnmvYuunFpr89HT9\" target=\"\" rel=\"noopener\">\r\n                Localizaci&oacute;n<\/a>\r\n                <\/div>\r\n<\/section>\n<p><\/p>\n","protected":false},"excerpt":{"rendered":"","protected":false},"author":4,"featured_media":0,"parent":44392,"menu_order":0,"comment_status":"closed","ping_status":"closed","template":"wp-custom-template-inside","meta":{"footnotes":""},"class_list":["post-44395","page","type-page","status-publish","hentry"],"_links":{"self":[{"href":"https:\/\/www.lacala.com\/es\/wp-json\/wp\/v2\/pages\/44395","targetHints":{"allow":["GET"]}}],"collection":[{"href":"https:\/\/www.lacala.com\/es\/wp-json\/wp\/v2\/pages"}],"about":[{"href":"https:\/\/www.lacala.com\/es\/wp-json\/wp\/v2\/types\/page"}],"author":[{"embeddable":true,"href":"https:\/\/www.lacala.com\/es\/wp-json\/wp\/v2\/users\/4"}],"replies":[{"embeddable":true,"href":"https:\/\/www.lacala.com\/es\/wp-json\/wp\/v2\/comments?post=44395"}],"version-history":[{"count":0,"href":"https:\/\/www.lacala.com\/es\/wp-json\/wp\/v2\/pages\/44395\/revisions"}],"up":[{"embeddable":true,"href":"https:\/\/www.lacala.com\/es\/wp-json\/wp\/v2\/pages\/44392"}],"wp:attachment":[{"href":"https:\/\/www.lacala.com\/es\/wp-json\/wp\/v2\/media?parent=44395"}],"curies":[{"name":"wp","href":"https:\/\/api.w.org\/{rel}","templated":true}]}}