{"id":44499,"date":"2025-03-19T12:42:05","date_gmt":"2025-03-19T12:42:05","guid":{"rendered":"https:\/\/www.lacala.com\/promotions-offers\/spa-experience-offer\/"},"modified":"2026-01-08T15:16:50","modified_gmt":"2026-01-08T15:16:50","slug":"spa-experience-offer","status":"publish","type":"page","link":"https:\/\/www.lacala.com\/es\/promotions-offers\/spa-experience-offer\/","title":{"rendered":"Oferta experiencia spa"},"content":{"rendered":"<!--blockstudio\/banner\/banner-gallery--><section class=\"main-banner-section half-height\">\r\n    <div class=\"main-banner\">\r\n\r\n        <img loading=\"lazy\" decoding=\"async\" width=\"1920\" height=\"624\" src=\"https:\/\/www.lacala.com\/wp-content\/uploads\/2025\/01\/Spa_Jacuzzi-e1741607235251-1920x624.jpg\" class=\"main-banner-file desktop\" alt=\"\">\r\n        <div class=\"banner-overlay\"><\/div>\r\n        <div class=\"main-banner-content\">            \r\n            <h2 class=\"main-banner-title\">Oferta experiencia spa<\/h2>   \r\n             \r\n        <\/div>\r\n       \r\n    <\/div>\r\n<\/section><!--blockstudio\/primary-content-inside\/primary-content-inside--><div class=\"primary-content-wrap\">\r\n    <section class=\"breadcrumb-container\">\r\n        <div class=\"breadcrumbs\" xmlns:v=\"http:\/\/rdf.data-vocabulary.org\/#\"><a href=\"https:\/\/www.lacala.com\/es\/\" rel=\"v:url\" property=\"v:title\">Home<\/a> \/ <span class=\"current\">P&aacute;gina<\/span><\/div><!-- .breadcrumbs -->    <\/section>\r\n    \r\n    <section class=\"primary-content-section \">\r\n        <div class=\"primary-content no-image\">\r\n                        <div class=\"primary-text main-cont-txt\"><h2>Rel&aacute;jese y rejuvenezca en La Cala Spa<\/h2><p>Esc&aacute;pese a la tranquilidad con nuestra exclusiva <strong>Experiencia de Spa<\/strong> en La Cala Spa. Disfruta<strong>de acceso completo<\/strong> a nuestras instalaciones de bienestar de primera clase, incluyendo <strong>la piscina de ejercicios<\/strong> para nadar durante todo el a&ntilde;o, <strong>piscinas de hidroterapia cubiertas y al aire libre<\/strong> con impresionantes vistas, y nuestra lujosa <strong>suite termal<\/strong>, con hammam, ba&ntilde;o de vapor herbal, sauna de cristal, duchas de sensaciones, igl&uacute;, pediluvios, tepidarium y sala de relajaci&oacute;n. <\/p>                <div class=\"table-wrapper\"><\/div>\r\n            <\/div>\r\n            \r\n                        <div class=\"primary-tagline\"><span class=\"primary-tagline-line-before\"><\/span>35&euro; por persona<span class=\"primary-tagline-line-after\"><\/span><\/div>\r\n            \r\n\r\n\r\n                                            <a class=\"primary-cta main-btn\" href=\"https:\/\/emea.spatime.com\/lcrs2964\/4900296\/spa-service\/service-item\/5230430\" target=\"_blank\" rel=\"noopener\">Reservar Spa<\/a>\r\n                \r\n            \r\n        <\/div>\r\n            <\/section>\r\n<\/div><!--blockstudio\/featured-area\/featured-area--><div class=\"featured-content-wrap\">    \r\n    <section class=\"featured-content-section\">\r\n        <div class=\"featured-content \">\r\n            <div class=\"featured-text\">\r\n                <h3 class=\"featured-title\">Esta oferta incluye<\/h3>\r\n                <ul><li><p><strong>Accesso completo<\/strong> a las siguientes instalaciones de La Cala Spa:<\/p><\/li><li><p><strong>Piscina de ejercicios<\/strong>. Nade para hacer ejercicio todo el a\u00f1o. <\/p><\/li><li><p><strong>Piscinas de hidroterapia<\/strong>. Piscinas cubiertas y al aire libre en un entorno espectacular con vistas al complejo. <\/p><\/li><li><p><strong>Suite Termal<\/strong>. Hammam, ba\u00f1o de vapor herbal, sauna de cristal en el jard\u00edn, duchas de sensaciones, igl\u00fa, pediluvios Kneipp, tepidarium y sala de relajaci\u00f3n. <\/p><\/li><\/ul>            <\/div>\r\n                        <div class=\"featured-notes\">\r\n                <h4 class=\"featured-notes-title\"><span>Condiciones<\/span><span class=\"notes-line-after\"><\/span><\/h4>\r\n                                <div class=\"notes-left\"><ul><li><p>De lunes a jueves.<\/p><\/li><li><p>No disponible en d\u00edas festivos, viernes, s\u00e1bados y domingos.<\/p><\/li><li><p>Viernes, s\u00e1bado y domingo 40\u20ac por persona.<\/p><\/li><li><p>IVA incluido.<\/p><\/li><li><p>La zona termal de La Cala Spa est\u00e1 limitada a hu\u00e9spedes a partir de 16 a\u00f1os.<\/p><\/li><\/ul><p><\/p><\/div>\r\n                <div class=\"notes-right\"><\/div>\r\n                            <\/div>\r\n                    <\/div>\r\n                <div class=\"featured-image-wrap\">\r\n            <img loading=\"lazy\" decoding=\"async\" width=\"864\" height=\"517\" src=\"https:\/\/www.lacala.com\/wp-content\/uploads\/2025\/01\/Sala_Andalusi_1-1-scaled-e1739273222595-864x517.jpg\" class=\"featured-image-d\" alt=\"\" \/> \r\n        <\/div>\r\n            <\/section>\r\n<\/div><!--blockstudio\/offers\/offers-block--><section class=\"carousel\">\r\n<div class=\"carousel-header\">\r\n\t<h2 class=\"carousel-title\">Promociones y Ofertas <\/h2>\r\n\t \r\n<\/div>\r\n<div class=\"carousel-container js-carousel-slick\">\t\r\n\r\n\t\t\t\t\t\t<a href=\"https:\/\/www.lacala.com\/es\/promotions-offers\/spa-monthly-offer\/\" target=\"\" class=\"carousel-item\"> \r\n\t\t\t\r\n\t\t\t\t<div class=\"carousel-item-image\">\r\n\t\t\t\t\t<img loading=\"lazy\" decoding=\"async\" width=\"418\" height=\"595\" src=\"https:\/\/www.lacala.com\/wp-content\/uploads\/2026\/02\/febrero-carrusel.jpg\" class=\"carousel-image\" alt=\"\" srcset=\"https:\/\/www.lacala.com\/wp-content\/uploads\/2026\/02\/febrero-carrusel.jpg 418w, https:\/\/www.lacala.com\/wp-content\/uploads\/2026\/02\/febrero-carrusel-211x300.jpg 211w\" sizes=\"auto, (max-width: 418px) 100vw, 418px\">\t\t\t\t<\/div>\r\n\t\t\t\t<div class=\"carousel-item-content\">\r\n\t\t\t\t\t\t\t\t\t\t<div class=\"carousel-item-titles\">\r\n\t\t\t\t\t\t<h3 class=\"carousel-title\">OFERTA MENSUAL SPA<\/h3>\r\n\t\t\t\t\t<\/div>\r\n\t\t\t\t\t\t\t\t\t\t\t\t\t\t\t<div class=\"carousel-item-subtitle\">\r\n\t\t\t\t\t\t<p class=\"carousel-sub-title\">PROMOCI&Oacute;N FEBRERO \u00abS&eacute; mi San Valent&iacute;n\u00bb <span class=\"carousel-item-line\"><\/span><\/p>\r\n\t\t\t\t\t<\/div>\r\n\t\t\t\t\t\t\t\t\t<\/div>\r\n\r\n\t\t\t<\/a>\r\n\r\n\t\t\t\t\t\t<a href=\"https:\/\/www.lacala.com\/es\/promotions-offers\/spa-experience-offer\/\" target=\"\" class=\"carousel-item\"> \r\n\t\t\t\r\n\t\t\t\t<div class=\"carousel-item-image\">\r\n\t\t\t\t\t<img loading=\"lazy\" decoding=\"async\" width=\"418\" height=\"595\" src=\"https:\/\/www.lacala.com\/wp-content\/uploads\/2025\/06\/spa-experience-carrusel.jpg\" class=\"carousel-image\" alt=\"\" srcset=\"https:\/\/www.lacala.com\/wp-content\/uploads\/2025\/06\/spa-experience-carrusel.jpg 418w, https:\/\/www.lacala.com\/wp-content\/uploads\/2025\/06\/spa-experience-carrusel-211x300.jpg 211w\" sizes=\"auto, (max-width: 418px) 100vw, 418px\">\t\t\t\t<\/div>\r\n\t\t\t\t<div class=\"carousel-item-content\">\r\n\t\t\t\t\t\t\t\t\t\t<div class=\"carousel-item-titles\">\r\n\t\t\t\t\t\t<h3 class=\"carousel-title\">SPA EXPERIENCE<\/h3>\r\n\t\t\t\t\t<\/div>\r\n\t\t\t\t\t\t\t\t\t\t\t\t\t\t\t<div class=\"carousel-item-subtitle\">\r\n\t\t\t\t\t\t<p class=\"carousel-sub-title\">DESDE 35&euro;<span class=\"carousel-item-line\"><\/span><\/p>\r\n\t\t\t\t\t<\/div>\r\n\t\t\t\t\t\t\t\t\t<\/div>\r\n\r\n\t\t\t<\/a>\r\n\r\n\t\t\t\t\t\t<a href=\"https:\/\/www.lacala.com\/bookings#!\/accommodation\/packages?category=508&amp;lang=es\" target=\"_blank\" class=\"carousel-item\"> \r\n\t\t\t\r\n\t\t\t\t<div class=\"carousel-item-image\">\r\n\t\t\t\t\t<img loading=\"lazy\" decoding=\"async\" width=\"418\" height=\"595\" src=\"https:\/\/www.lacala.com\/wp-content\/uploads\/2025\/06\/romantic-break-spa-carrusel.jpg\" class=\"carousel-image\" alt=\"\" srcset=\"https:\/\/www.lacala.com\/wp-content\/uploads\/2025\/06\/romantic-break-spa-carrusel.jpg 418w, https:\/\/www.lacala.com\/wp-content\/uploads\/2025\/06\/romantic-break-spa-carrusel-211x300.jpg 211w\" sizes=\"auto, (max-width: 418px) 100vw, 418px\">\t\t\t\t<\/div>\r\n\t\t\t\t<div class=\"carousel-item-content\">\r\n\t\t\t\t\t\t\t\t\t\t<div class=\"carousel-item-titles\">\r\n\t\t\t\t\t\t<h3 class=\"carousel-title\">ESCAPADA ROM&Aacute;NTICA<\/h3>\r\n\t\t\t\t\t<\/div>\r\n\t\t\t\t\t\t\t\t\t\t\t\t\t\t\t<div class=\"carousel-item-subtitle\">\r\n\t\t\t\t\t\t<p class=\"carousel-sub-title\">Desde &euro;306 por habitaci&oacute;n\/noche<span class=\"carousel-item-line\"><\/span><\/p>\r\n\t\t\t\t\t<\/div>\r\n\t\t\t\t\t\t\t\t\t<\/div>\r\n\r\n\t\t\t<\/a>\r\n\r\n\t\t\t\t\t\r\n<\/div>\r\n \r\n<\/section><!--blockstudio\/full-width\/location--><section class=\"fullwidth-two-section\">\r\n    <div class=\"fullwidth-two-image-wrap\">\r\n        <img loading=\"lazy\" decoding=\"async\" width=\"1920\" height=\"455\" src=\"https:\/\/www.lacala.com\/wp-content\/uploads\/2024\/12\/map_desktop_lcr_full-1920x455.png\" class=\"fullwidth-two-image\" alt=\"\" srcset=\"https:\/\/www.lacala.com\/wp-content\/uploads\/2024\/12\/map_desktop_lcr_full-1920x455.png 1920w, https:\/\/www.lacala.com\/wp-content\/uploads\/2024\/12\/map_desktop_lcr_full-300x71.png 300w, https:\/\/www.lacala.com\/wp-content\/uploads\/2024\/12\/map_desktop_lcr_full-1024x243.png 1024w, https:\/\/www.lacala.com\/wp-content\/uploads\/2024\/12\/map_desktop_lcr_full-768x182.png 768w, https:\/\/www.lacala.com\/wp-content\/uploads\/2024\/12\/map_desktop_lcr_full-1536x364.png 1536w, https:\/\/www.lacala.com\/wp-content\/uploads\/2024\/12\/map_desktop_lcr_full.png 2000w\" sizes=\"auto, (max-width: 1920px) 100vw, 1920px\">    <\/div>\r\n    <div class=\"fullwidth-two-content\">\r\n            <div class=\"fullwidth-two-logo-wrap\">\r\n                <img loading=\"lazy\" decoding=\"async\" width=\"300\" height=\"267\" src=\"https:\/\/www.lacala.com\/wp-content\/uploads\/2025\/03\/map-icon-1.png\" class=\"fullwidth-two-logo\" alt=\"\">            <\/div>\r\n            <div class=\"fullwidth-two-text-content\">\r\n                <h3 class=\"fullwidth-two-title\">Localizaci&oacute;n<\/h3>\r\n                <p class=\"fullwidth-two-text\">C. Mirador del Golf, 1, 29649 La Cala de Mijas, M&aacute;laga, Spain <br>Email: <a href=\"mailto:lacala@lacala.com\">lacala@lacala.com<\/a><br>Tel: <a href=\"tel:0034952669000\">(+34) 952 669 000<\/a><\/p>\r\n            <\/div>\r\n                            <a class=\"fullwidth-two-cta main-btn\" href=\"https:\/\/maps.app.goo.gl\/HEnmvYuunFpr89HT9\" target=\"\" rel=\"noopener\">\r\n                Localizaci&oacute;n<\/a>\r\n                <\/div>\r\n<\/section>","protected":false},"excerpt":{"rendered":"","protected":false},"author":4,"featured_media":0,"parent":44490,"menu_order":11,"comment_status":"closed","ping_status":"closed","template":"wp-custom-template-inside","meta":{"footnotes":""},"class_list":["post-44499","page","type-page","status-publish","hentry"],"_links":{"self":[{"href":"https:\/\/www.lacala.com\/es\/wp-json\/wp\/v2\/pages\/44499","targetHints":{"allow":["GET"]}}],"collection":[{"href":"https:\/\/www.lacala.com\/es\/wp-json\/wp\/v2\/pages"}],"about":[{"href":"https:\/\/www.lacala.com\/es\/wp-json\/wp\/v2\/types\/page"}],"author":[{"embeddable":true,"href":"https:\/\/www.lacala.com\/es\/wp-json\/wp\/v2\/users\/4"}],"replies":[{"embeddable":true,"href":"https:\/\/www.lacala.com\/es\/wp-json\/wp\/v2\/comments?post=44499"}],"version-history":[{"count":0,"href":"https:\/\/www.lacala.com\/es\/wp-json\/wp\/v2\/pages\/44499\/revisions"}],"up":[{"embeddable":true,"href":"https:\/\/www.lacala.com\/es\/wp-json\/wp\/v2\/pages\/44490"}],"wp:attachment":[{"href":"https:\/\/www.lacala.com\/es\/wp-json\/wp\/v2\/media?parent=44499"}],"curies":[{"name":"wp","href":"https:\/\/api.w.org\/{rel}","templated":true}]}}