{"id":44500,"date":"2025-02-07T08:55:00","date_gmt":"2025-02-07T08:55:00","guid":{"rendered":"https:\/\/www.lacala.com\/promotions-offers\/evolution-package\/"},"modified":"2025-04-11T08:45:30","modified_gmt":"2025-04-11T08:45:30","slug":"evolution-package","status":"publish","type":"page","link":"https:\/\/www.lacala.com\/es\/promotions-offers\/evolution-package\/","title":{"rendered":"Paquete de evoluci\u00f3n"},"content":{"rendered":"<!--blockstudio\/banner\/banner-gallery--><section class=\"main-banner-section half-height\">\r\n    <div class=\"main-banner\">\r\n\r\n        <img loading=\"lazy\" decoding=\"async\" width=\"1920\" height=\"624\" src=\"https:\/\/www.lacala.com\/wp-content\/uploads\/2025\/01\/12TH_ASIA-Custom-1920x624.jpg\" class=\"main-banner-file desktop\" alt=\"\">\r\n        <div class=\"banner-overlay\"><\/div>\r\n        <div class=\"main-banner-content\">            \r\n            <h2 class=\"main-banner-title\">Paquete de evoluci&oacute;n<\/h2>   \r\n             \r\n        <\/div>\r\n       \r\n    <\/div>\r\n<\/section><!--blockstudio\/primary-content-inside\/primary-content-inside--><div class=\"primary-content-wrap\">\r\n    <section class=\"breadcrumb-container\">\r\n        <div class=\"breadcrumbs\" xmlns:v=\"http:\/\/rdf.data-vocabulary.org\/#\"><a href=\"https:\/\/www.lacala.com\/es\/\" rel=\"v:url\" property=\"v:title\">Home<\/a> \/ <span class=\"current\">P&aacute;gina<\/span><\/div><!-- .breadcrumbs -->    <\/section>\r\n    \r\n    <section class=\"primary-content-section \">\r\n        <div class=\"primary-content no-image\">\r\n                        <div class=\"primary-text main-cont-txt\"><p>&iquest;Listo para llevar tu juego al siguiente nivel? Nuestro Paquete de Evoluci&oacute;n de Golf est&aacute; dise&ntilde;ado para jugadores que desean mejorar cada aspecto de su rendimiento. Durante varias sesiones, nuestros entrenadores expertos te guiar&aacute;n a trav&eacute;s de un entrenamiento personalizado que abarca la t&eacute;cnica del swing, el juego corto, la estrategia del campo y m&aacute;s. Es la combinaci&oacute;n perfecta de instrucci&oacute;n, pr&aacute;ctica y juego, adaptada a tus objetivos.   <\/p>                <div class=\"table-wrapper\">\n\n<figure class=\"wp-block-table\"><table class=\"has-fixed-layout\"><tbody><tr><td class=\"has-text-align-center\" data-align=\"center\"><strong>Paquete de evoluci&oacute;n<\/strong><\/td><td class=\"has-text-align-center\" data-align=\"center\"><strong>Pro<\/strong><\/td><td class=\"has-text-align-center\" data-align=\"center\"><strong>Head-Pro<\/strong><\/td><\/tr><tr><td class=\"has-text-align-center\" data-align=\"center\">Adultos<\/td><td class=\"has-text-align-center\" data-align=\"center\">540 &euro; por jugador &ndash; 680 &euro; por pareja<\/td><td class=\"has-text-align-center\" data-align=\"center\">595 &euro; por jugador &ndash; 750 &euro; por pareja<\/td><\/tr><tr><td class=\"has-text-align-center\" data-align=\"center\">J&oacute;venes<\/td><td class=\"has-text-align-center\" data-align=\"center\">435 &euro; por jugador &ndash; 545 &euro; por pareja<\/td><td class=\"has-text-align-center\" data-align=\"center\">480 &euro; por jugador &ndash; 600 &euro; por pareja<\/td><\/tr><\/tbody><\/table><\/figure>\n\n<\/div>\r\n            <\/div>\r\n            \r\n            \r\n\r\n\r\n                                            <a class=\"primary-cta main-btn\" href=\"https:\/\/www.lacala.com\/the-resort\/contact\/\" target=\"\">Contactar<\/a>\r\n                \r\n            \r\n        <\/div>\r\n            <\/section>\r\n<\/div><!--blockstudio\/featured-area\/featured-area--><div class=\"featured-content-wrap\">    \r\n    <section class=\"featured-content-section\">\r\n        <div class=\"featured-content \">\r\n            <div class=\"featured-text\">\r\n                <h3 class=\"featured-title\">Esta oferta incluye<\/h3>\r\n                <ul><li><p>10 horas de clases (las \u00faltimas 3 horas se pueden utilizar para instrucci\u00f3n \u00aben el campo\u00bb, centr\u00e1ndose en la estrategia, la planificaci\u00f3n y la selecci\u00f3n de tiros)<\/p><\/li><li><p>Horarios de inicio flexibles: las lecciones se pueden programar en cualquier momento dentro de un a\u00f1o.<\/p><\/li><li><p>Cubre el drive, el juego con hierros, el pitching, el chipping, el juego con bunkers y el putting.<\/p><\/li><li><p>Todas las lecciones incluir\u00e1n un an\u00e1lisis de swing V1 para realizar un seguimiento de su progreso, que se le enviar\u00e1 a trav\u00e9s de nuestra exclusiva marca V1.<\/p><\/li><\/ul>            <\/div>\r\n                    <\/div>\r\n                <div class=\"featured-image-wrap\">\r\n            <img loading=\"lazy\" decoding=\"async\" width=\"864\" height=\"517\" src=\"https:\/\/www.lacala.com\/wp-content\/uploads\/2025\/03\/La-Cala-America-6th-0331-864x517.jpg\" class=\"featured-image-d\" alt=\"\" \/> \r\n        <\/div>\r\n            <\/section>\r\n<\/div><!--blockstudio\/gallery\/gallery--><section class=\"inside-gallery\">\r\n    <div class=\"inside-gallery-header\">\r\n         \r\n        <div class=\"inside-gallery-cta\">\r\n         \r\n        <\/div>\r\n    <\/div>\r\n\r\n        <div class=\"inside-gallery-widget js-gallery-lightg js-inside-gallery-slick\" id=\"main-gallery\">\r\n        \r\n                <a href=\"https:\/\/www.lacala.com\/wp-content\/uploads\/2025\/01\/Academy_Par3_1St_2-Custom.jpg\" class=\"inside-gallery-item\"> \r\n            <div class=\"gallery-item-image\">\r\n                <img loading=\"lazy\" decoding=\"async\" width=\"400\" height=\"400\" src=\"https:\/\/www.lacala.com\/wp-content\/uploads\/2025\/01\/Academy_Par3_1St_2-Custom-400x400.jpg\" class=\"gallery-image\" alt=\"\" srcset=\"https:\/\/www.lacala.com\/wp-content\/uploads\/2025\/01\/Academy_Par3_1St_2-Custom-400x400.jpg 400w, https:\/\/www.lacala.com\/wp-content\/uploads\/2025\/01\/Academy_Par3_1St_2-Custom-150x150.jpg 150w, https:\/\/www.lacala.com\/wp-content\/uploads\/2025\/01\/Academy_Par3_1St_2-Custom-50x50.jpg 50w\" sizes=\"auto, (max-width: 400px) 100vw, 400px\" \/>            <\/div>\r\n        <\/a>\r\n                <a href=\"https:\/\/www.lacala.com\/wp-content\/uploads\/2025\/01\/Driving_Range_1-Custom.jpg\" class=\"inside-gallery-item\"> \r\n            <div class=\"gallery-item-image\">\r\n                <img loading=\"lazy\" decoding=\"async\" width=\"400\" height=\"400\" src=\"https:\/\/www.lacala.com\/wp-content\/uploads\/2025\/01\/Driving_Range_1-Custom-400x400.jpg\" class=\"gallery-image\" alt=\"\" srcset=\"https:\/\/www.lacala.com\/wp-content\/uploads\/2025\/01\/Driving_Range_1-Custom-400x400.jpg 400w, https:\/\/www.lacala.com\/wp-content\/uploads\/2025\/01\/Driving_Range_1-Custom-150x150.jpg 150w, https:\/\/www.lacala.com\/wp-content\/uploads\/2025\/01\/Driving_Range_1-Custom-50x50.jpg 50w\" sizes=\"auto, (max-width: 400px) 100vw, 400px\" \/>            <\/div>\r\n        <\/a>\r\n                <a href=\"https:\/\/www.lacala.com\/wp-content\/uploads\/2025\/01\/Academy_Par3_Detail-Custom.jpg\" class=\"inside-gallery-item\"> \r\n            <div class=\"gallery-item-image\">\r\n                <img loading=\"lazy\" decoding=\"async\" width=\"400\" height=\"400\" src=\"https:\/\/www.lacala.com\/wp-content\/uploads\/2025\/01\/Academy_Par3_Detail-Custom-400x400.jpg\" class=\"gallery-image\" alt=\"\" srcset=\"https:\/\/www.lacala.com\/wp-content\/uploads\/2025\/01\/Academy_Par3_Detail-Custom-400x400.jpg 400w, https:\/\/www.lacala.com\/wp-content\/uploads\/2025\/01\/Academy_Par3_Detail-Custom-150x150.jpg 150w, https:\/\/www.lacala.com\/wp-content\/uploads\/2025\/01\/Academy_Par3_Detail-Custom-50x50.jpg 50w\" sizes=\"auto, (max-width: 400px) 100vw, 400px\" \/>            <\/div>\r\n        <\/a>\r\n                <a href=\"https:\/\/www.lacala.com\/wp-content\/uploads\/2025\/01\/Young_Golfers_00002-Custom.jpg\" class=\"inside-gallery-item\"> \r\n            <div class=\"gallery-item-image\">\r\n                <img loading=\"lazy\" decoding=\"async\" width=\"400\" height=\"400\" src=\"https:\/\/www.lacala.com\/wp-content\/uploads\/2025\/01\/Young_Golfers_00002-Custom-400x400.jpg\" class=\"gallery-image\" alt=\"\" srcset=\"https:\/\/www.lacala.com\/wp-content\/uploads\/2025\/01\/Young_Golfers_00002-Custom-400x400.jpg 400w, https:\/\/www.lacala.com\/wp-content\/uploads\/2025\/01\/Young_Golfers_00002-Custom-150x150.jpg 150w, https:\/\/www.lacala.com\/wp-content\/uploads\/2025\/01\/Young_Golfers_00002-Custom-50x50.jpg 50w\" sizes=\"auto, (max-width: 400px) 100vw, 400px\" \/>            <\/div>\r\n        <\/a>\r\n        \r\n    <\/div>\r\n     \r\n<\/section><!--blockstudio\/offers\/offers-block--><section class=\"carousel\">\r\n<div class=\"carousel-header\">\r\n\t<h2 class=\"carousel-title\">Paquetes y Promociones<\/h2>\r\n\t \r\n<\/div>\r\n<div class=\"carousel-container js-carousel-slick\">\t\r\n\r\n\t\t\t\t\t\t<a href=\"https:\/\/www.lacala.com\/es\/promotions-offers\/junior-golf-schools\/\" target=\"\" class=\"carousel-item\"> \r\n\t\t\t\r\n\t\t\t\t<div class=\"carousel-item-image\">\r\n\t\t\t\t\t<img loading=\"lazy\" decoding=\"async\" width=\"418\" height=\"595\" src=\"https:\/\/www.lacala.com\/wp-content\/uploads\/2025\/08\/carrusel-2.jpg\" class=\"carousel-image\" alt=\"\" srcset=\"https:\/\/www.lacala.com\/wp-content\/uploads\/2025\/08\/carrusel-2.jpg 418w, https:\/\/www.lacala.com\/wp-content\/uploads\/2025\/08\/carrusel-2-211x300.jpg 211w\" sizes=\"auto, (max-width: 418px) 100vw, 418px\">\t\t\t\t<\/div>\r\n\t\t\t\t<div class=\"carousel-item-content\">\r\n\t\t\t\t\t\t\t\t\t\t<div class=\"carousel-item-titles\">\r\n\t\t\t\t\t\t<h3 class=\"carousel-title\">JUNIOR GOLF SCHOOL <br>Escuela Municipal de Mijas<\/h3>\r\n\t\t\t\t\t<\/div>\r\n\t\t\t\t\t\t\t\t\t\t\t\t\t\t\t<div class=\"carousel-item-subtitle\">\r\n\t\t\t\t\t\t<p class=\"carousel-sub-title\">50&euro;\/mes por ni&ntilde;o\/a<span class=\"carousel-item-line\"><\/span><\/p>\r\n\t\t\t\t\t<\/div>\r\n\t\t\t\t\t\t\t\t\t<\/div>\r\n\r\n\t\t\t<\/a>\r\n\r\n\t\t\t\t\t\t<a href=\"https:\/\/www.lacala.com\/golf\/academy\/golf-hub-promos-packs\/\" target=\"\" class=\"carousel-item\"> \r\n\t\t\t\r\n\t\t\t\t<div class=\"carousel-item-image\">\r\n\t\t\t\t\t<img loading=\"lazy\" decoding=\"async\" width=\"418\" height=\"595\" src=\"https:\/\/www.lacala.com\/wp-content\/uploads\/2026\/01\/replay2.jpg\" class=\"carousel-image\" alt=\"\" srcset=\"https:\/\/www.lacala.com\/wp-content\/uploads\/2026\/01\/replay2.jpg 418w, https:\/\/www.lacala.com\/wp-content\/uploads\/2026\/01\/replay2-211x300.jpg 211w\" sizes=\"auto, (max-width: 418px) 100vw, 418px\">\t\t\t\t<\/div>\r\n\t\t\t\t<div class=\"carousel-item-content\">\r\n\t\t\t\t\t\t\t\t\t\t<div class=\"carousel-item-titles\">\r\n\t\t\t\t\t\t<h3 class=\"carousel-title\">SHORT COURSE REPLAY<\/h3>\r\n\t\t\t\t\t<\/div>\r\n\t\t\t\t\t\t\t\t\t\t\t\t\t\t\t<div class=\"carousel-item-subtitle\">\r\n\t\t\t\t\t\t<p class=\"carousel-sub-title\">Segunda ronda por solo 15&euro;<span class=\"carousel-item-line\"><\/span><\/p>\r\n\t\t\t\t\t<\/div>\r\n\t\t\t\t\t\t\t\t\t<\/div>\r\n\r\n\t\t\t<\/a>\r\n\r\n\t\t\t\t\t\t<a href=\"https:\/\/www.lacala.com\/golf\/academy\/golf-hub-promos-packs\/\" target=\"\" class=\"carousel-item\"> \r\n\t\t\t\r\n\t\t\t\t<div class=\"carousel-item-image\">\r\n\t\t\t\t\t<img loading=\"lazy\" decoding=\"async\" width=\"418\" height=\"595\" src=\"https:\/\/www.lacala.com\/wp-content\/uploads\/2026\/01\/10round.jpg\" class=\"carousel-image\" alt=\"\" srcset=\"https:\/\/www.lacala.com\/wp-content\/uploads\/2026\/01\/10round.jpg 418w, https:\/\/www.lacala.com\/wp-content\/uploads\/2026\/01\/10round-211x300.jpg 211w\" sizes=\"auto, (max-width: 418px) 100vw, 418px\">\t\t\t\t<\/div>\r\n\t\t\t\t<div class=\"carousel-item-content\">\r\n\t\t\t\t\t\t\t\t\t\t<div class=\"carousel-item-titles\">\r\n\t\t\t\t\t\t<h3 class=\"carousel-title\">PAQUETE 10 RONDAS<\/h3>\r\n\t\t\t\t\t<\/div>\r\n\t\t\t\t\t\t\t\t\t\t\t\t\t\t\t<div class=\"carousel-item-subtitle\">\r\n\t\t\t\t\t\t<p class=\"carousel-sub-title\">Desde 175&euro;<span class=\"carousel-item-line\"><\/span><\/p>\r\n\t\t\t\t\t<\/div>\r\n\t\t\t\t\t\t\t\t\t<\/div>\r\n\r\n\t\t\t<\/a>\r\n\r\n\t\t\t\t\t\t<a href=\"https:\/\/www.lacala.com\/es\/promotions-offers\/evolution-package\/\" target=\"\" class=\"carousel-item\"> \r\n\t\t\t\r\n\t\t\t\t<div class=\"carousel-item-image\">\r\n\t\t\t\t\t<img loading=\"lazy\" decoding=\"async\" width=\"418\" height=\"595\" src=\"https:\/\/www.lacala.com\/wp-content\/uploads\/2025\/06\/evolution-carrusel.jpg\" class=\"carousel-image\" alt=\"\" srcset=\"https:\/\/www.lacala.com\/wp-content\/uploads\/2025\/06\/evolution-carrusel.jpg 418w, https:\/\/www.lacala.com\/wp-content\/uploads\/2025\/06\/evolution-carrusel-211x300.jpg 211w\" sizes=\"auto, (max-width: 418px) 100vw, 418px\">\t\t\t\t<\/div>\r\n\t\t\t\t<div class=\"carousel-item-content\">\r\n\t\t\t\t\t\t\t\t\t\t<div class=\"carousel-item-titles\">\r\n\t\t\t\t\t\t<h3 class=\"carousel-title\">PAQUETE EVOLUCI&Oacute;N<\/h3>\r\n\t\t\t\t\t<\/div>\r\n\t\t\t\t\t\t\t\t\t\t\t\t\t\t\t<div class=\"carousel-item-subtitle\">\r\n\t\t\t\t\t\t<p class=\"carousel-sub-title\">Lleva tu juego al siguiente nivel<span class=\"carousel-item-line\"><\/span><\/p>\r\n\t\t\t\t\t<\/div>\r\n\t\t\t\t\t\t\t\t\t<\/div>\r\n\r\n\t\t\t<\/a>\r\n\r\n\t\t\t\t\t\t<a href=\"https:\/\/www.lacala.com\/golf\/academy\/golf-hub-promos-packs\/\" target=\"\" class=\"carousel-item\"> \r\n\t\t\t\r\n\t\t\t\t<div class=\"carousel-item-image\">\r\n\t\t\t\t\t<img loading=\"lazy\" decoding=\"async\" width=\"418\" height=\"595\" src=\"https:\/\/www.lacala.com\/wp-content\/uploads\/2026\/01\/membership.jpg\" class=\"carousel-image\" alt=\"\" srcset=\"https:\/\/www.lacala.com\/wp-content\/uploads\/2026\/01\/membership.jpg 418w, https:\/\/www.lacala.com\/wp-content\/uploads\/2026\/01\/membership-211x300.jpg 211w\" sizes=\"auto, (max-width: 418px) 100vw, 418px\">\t\t\t\t<\/div>\r\n\t\t\t\t<div class=\"carousel-item-content\">\r\n\t\t\t\t\t\t\t\t\t\t<div class=\"carousel-item-titles\">\r\n\t\t\t\t\t\t<h3 class=\"carousel-title\">H&Aacute;GASE SOCIO<\/h3>\r\n\t\t\t\t\t<\/div>\r\n\t\t\t\t\t\t\t\t\t\t\t\t\t\t\t<div class=\"carousel-item-subtitle\">\r\n\t\t\t\t\t\t<p class=\"carousel-sub-title\">Suscripci&oacute;n Mensual o Anual<span class=\"carousel-item-line\"><\/span><\/p>\r\n\t\t\t\t\t<\/div>\r\n\t\t\t\t\t\t\t\t\t<\/div>\r\n\r\n\t\t\t<\/a>\r\n\r\n\t\t\t\t\t\r\n<\/div>\r\n \r\n<\/section><!--blockstudio\/full-width\/location--><section class=\"fullwidth-two-section\">\r\n    <div class=\"fullwidth-two-image-wrap\">\r\n        <img loading=\"lazy\" decoding=\"async\" width=\"1920\" height=\"455\" src=\"https:\/\/www.lacala.com\/wp-content\/uploads\/2024\/12\/map_desktop_lcr_full-1920x455.png\" class=\"fullwidth-two-image\" alt=\"\" srcset=\"https:\/\/www.lacala.com\/wp-content\/uploads\/2024\/12\/map_desktop_lcr_full-1920x455.png 1920w, https:\/\/www.lacala.com\/wp-content\/uploads\/2024\/12\/map_desktop_lcr_full-300x71.png 300w, https:\/\/www.lacala.com\/wp-content\/uploads\/2024\/12\/map_desktop_lcr_full-1024x243.png 1024w, https:\/\/www.lacala.com\/wp-content\/uploads\/2024\/12\/map_desktop_lcr_full-768x182.png 768w, https:\/\/www.lacala.com\/wp-content\/uploads\/2024\/12\/map_desktop_lcr_full-1536x364.png 1536w, https:\/\/www.lacala.com\/wp-content\/uploads\/2024\/12\/map_desktop_lcr_full.png 2000w\" sizes=\"auto, (max-width: 1920px) 100vw, 1920px\">    <\/div>\r\n    <div class=\"fullwidth-two-content\">\r\n            <div class=\"fullwidth-two-logo-wrap\">\r\n                <img loading=\"lazy\" decoding=\"async\" width=\"300\" height=\"267\" src=\"https:\/\/www.lacala.com\/wp-content\/uploads\/2025\/03\/map-icon-1.png\" class=\"fullwidth-two-logo\" alt=\"\">            <\/div>\r\n            <div class=\"fullwidth-two-text-content\">\r\n                <h3 class=\"fullwidth-two-title\">Localizaci&oacute;n<\/h3>\r\n                <p class=\"fullwidth-two-text\">C. Mirador del Golf, 1, 29649 La Cala de Mijas, M&aacute;laga, Spain <br>Email: <a href=\"mailto:lacala@lacala.com\">lacala@lacala.com<\/a><br>Tel: <a href=\"tel:0034952669000\">(+34) 952 669 000<\/a><\/p>\r\n            <\/div>\r\n                            <a class=\"fullwidth-two-cta main-btn\" href=\"https:\/\/maps.app.goo.gl\/HEnmvYuunFpr89HT9\" target=\"\" rel=\"noopener\">\r\n                Localizaci&oacute;n<\/a>\r\n                <\/div>\r\n<\/section>","protected":false},"excerpt":{"rendered":"","protected":false},"author":5,"featured_media":0,"parent":44490,"menu_order":13,"comment_status":"closed","ping_status":"closed","template":"wp-custom-template-inside","meta":{"footnotes":""},"class_list":["post-44500","page","type-page","status-publish","hentry"],"_links":{"self":[{"href":"https:\/\/www.lacala.com\/es\/wp-json\/wp\/v2\/pages\/44500","targetHints":{"allow":["GET"]}}],"collection":[{"href":"https:\/\/www.lacala.com\/es\/wp-json\/wp\/v2\/pages"}],"about":[{"href":"https:\/\/www.lacala.com\/es\/wp-json\/wp\/v2\/types\/page"}],"author":[{"embeddable":true,"href":"https:\/\/www.lacala.com\/es\/wp-json\/wp\/v2\/users\/5"}],"replies":[{"embeddable":true,"href":"https:\/\/www.lacala.com\/es\/wp-json\/wp\/v2\/comments?post=44500"}],"version-history":[{"count":0,"href":"https:\/\/www.lacala.com\/es\/wp-json\/wp\/v2\/pages\/44500\/revisions"}],"up":[{"embeddable":true,"href":"https:\/\/www.lacala.com\/es\/wp-json\/wp\/v2\/pages\/44490"}],"wp:attachment":[{"href":"https:\/\/www.lacala.com\/es\/wp-json\/wp\/v2\/media?parent=44500"}],"curies":[{"name":"wp","href":"https:\/\/api.w.org\/{rel}","templated":true}]}}