{"id":44511,"date":"2025-03-21T10:08:56","date_gmt":"2025-03-21T10:08:56","guid":{"rendered":"https:\/\/www.lacala.com\/properties\/"},"modified":"2025-03-21T13:30:01","modified_gmt":"2025-03-21T13:30:01","slug":"properties","status":"publish","type":"page","link":"https:\/\/www.lacala.com\/properties\/","title":{"rendered":"Properties"},"content":{"rendered":"\t<div id=\"wpb__style_container\" class=\"wpb--container\">\r\n\t\t<form action=\"#\" class=\"wpb--properties-form\" id=\"searchform\" data-sptext=\"{'headFrom':'Desde cualquier precio','headTo':'Hasta cualquier precio','text':['100.000 &euro;','150.000 &euro;','200.000 &euro;','250.000 &euro;','300.000 &euro;','500.000 &euro;','750.000 &euro;','1.000.000 &euro;','1.500.000 &euro;','2.000.000 &euro;','2.500.000 &euro;','3.000.000 &euro;','3.500.000 &euro;','4.000.000 &euro;','4.500.000 &euro;','5.000.000 &euro;','-5.000.000 &euro;']}\" data-rptext=\"{'headFrom':'Desde cualquier precio','headTo':'Hasta cualquier precio','text':['300 &euro;','500 &euro;','800 &euro;','1.000 &euro;','1.200 &euro;','1.500 &euro;','2.000 &euro;','2.500 &euro;','3.000 &euro;']}\" data-saleprices=\"[100000,150000,200000,250000,300000,500000,750000,1000000,1500000,2000000,2500000,3000000,3500000,4000000,4500000,5000000,-5000000]\" data-rentprices=\"[300,500,800,1000,1200,1500,2000,2500,3000]\" autocomplete=\"off\">\n\t<input type=\"hidden\" name=\"l\" value=\"es\" \/>\n\t<input type=\"hidden\" name=\"o\" value=\"dateCreated DESC\" \/>\n\t<input type=\"hidden\" name=\"f\" value=\"sale\" \/>\n\t<input type=\"hidden\" name=\"refinesearch-typeselector\" value=\"full\">\t<div class=\"wpb--form-row\">\n\t\t<div class=\"wpb--form-group wpb--custom-select wpb--location wpb--custom-select-double\">\n\t\t\t<select name=\"c\" id=\"searchform-cities\" placeholder=\"Todos los lugares\" class=\"wpb-multiple\" data-options-selected-text=\"opciones seleccionadas\" data-options-selected-text=\"opci\u00f3n seleccionada\" data-all-options-selected-text=\"Todas\">\n\t\t\t\t<option value=\"\">Todos los lugares<\/option>\n\t\t\t\t<option value=\"c26\">Mijas Costa<\/option><option value=\"a1024\">La Cala Golf Resort<\/option>\t\t\t<\/select>\n\t\t<\/div>\n\n\t\t<div class=\"wpb--form-group wpb--pricefrom  wpb--custom-select\">\n\t\t\t<select name=\"pf\" id=\"searchform-pricefrom\" placeholder=\"Desde cualquier precio\">\n\t\t\t\t<option value=\"\">Desde cualquier precio<\/option>\n\t\t\t\t<option value=\"100000\">100.000 &euro;<\/option><option value=\"150000\">150.000 &euro;<\/option><option value=\"200000\">200.000 &euro;<\/option><option value=\"250000\">250.000 &euro;<\/option><option value=\"300000\">300.000 &euro;<\/option><option value=\"500000\">500.000 &euro;<\/option><option value=\"750000\">750.000 &euro;<\/option><option value=\"1000000\">1.000.000 &euro;<\/option><option value=\"1500000\">1.500.000 &euro;<\/option><option value=\"2000000\">2.000.000 &euro;<\/option><option value=\"2500000\">2.500.000 &euro;<\/option><option value=\"3000000\">3.000.000 &euro;<\/option><option value=\"3500000\">3.500.000 &euro;<\/option><option value=\"4000000\">4.000.000 &euro;<\/option><option value=\"4500000\">4.500.000 &euro;<\/option><option value=\"5000000\">5.000.000 &euro;<\/option>\t\t\t<\/select>\n\t\t<\/div>\n\n\t\t<div class=\"wpb--form-group wpb--priceto wpb--custom-select\">\n\t\t\t<select name=\"pt\" id=\"searchform-priceto\" placeholder=\"Hasta cualquier precio\">\n\t\t\t\t<option value=\"\">Hasta cualquier precio<\/option>\n\t\t\t\t<option value=\"100000\">100.000 &euro;<\/option><option value=\"150000\">150.000 &euro;<\/option><option value=\"200000\">200.000 &euro;<\/option><option value=\"250000\">250.000 &euro;<\/option><option value=\"300000\">300.000 &euro;<\/option><option value=\"500000\">500.000 &euro;<\/option><option value=\"750000\">750.000 &euro;<\/option><option value=\"1000000\">1.000.000 &euro;<\/option><option value=\"1500000\">1.500.000 &euro;<\/option><option value=\"2000000\">2.000.000 &euro;<\/option><option value=\"2500000\">2.500.000 &euro;<\/option><option value=\"3000000\">3.000.000 &euro;<\/option><option value=\"3500000\">3.500.000 &euro;<\/option><option value=\"4000000\">4.000.000 &euro;<\/option><option value=\"4500000\">4.500.000 &euro;<\/option><option value=\"5000000\">5.000.000 &euro;<\/option><option value=\"-5000000\">+5.000.000 &euro;<\/option>\t\t\t<\/select>\n\t\t<\/div>\n\n\t\t<div class=\"wpb--form-group wpb--type wpb--custom-select\">\n\t\t\t<select name=\"t\" id=\"searchform-types\" placeholder=\"Todos los tipos\">\n\t\t\t\t<option value=\"\">Todos los tipos<\/option>\n\t\t\t\t<option value=\"T1\" data-category>Apartamentos y Pisos<\/option><option value=\"t2\">Apartamento<\/option><option value=\"t1031\">Atico Duplex<\/option><option value=\"T3\" data-category>Casas<\/option><option value=\"t4\">Adosado<\/option><option value=\"T5\" data-category>Parcelas y Terrenos<\/option><option value=\"t7\">Parcela<\/option><option value=\"T2\" data-category>Villas y Chalets<\/option><option value=\"t5\">Villa<\/option>\t\t\t<\/select>\n\t\t<\/div>\n\n\t\t<div class=\"wpb--form-group wpb--beds wpb--custom-select\">\n\t\t\t<select name=\"b\" id=\"searchform-beds\" placeholder=\"Min dorm\u00ed\">\n\t\t\t\t<option value=\"\">Min dorm\u00ed<\/option>\n\t\t\t\t<option value=\"1\">1 dormitorio<\/option><option value=\"2\">2 dormitorios<\/option><option value=\"3\">3 dormitorios<\/option><option value=\"4\">4 dormitorios<\/option><option value=\"5\">5 dormitorios<\/option><option value=\"6\">6 dormitorios<\/option>\t\t\t<\/select>\n\t\t<\/div>\n\n\t\t<div class=\"wpb--form-group wpb--refsearch\">\n\t\t\t\t\t\t<input id=\"searchform-ref\" type=\"text\" name=\"r\" placeholder=\"Referencia\" minlength=\"3\" data-message=\"Por favor, introduzca al menos 3 caracteres para buscar por referencia\" value=\"\" \/>\n\t\t<\/div>\n\t\t<div class=\"wpb--form-group wpb--btnsearch\">\n\t\t\t<button class=\"wpb--btn-search\" type=\"submit\">Buscar<span id=\"icons-search\"><\/span><\/button>\n\t\t\t<span id=\"form-reset\">Reset<\/span>\n\t\t<\/div>\n\t<\/div>\n\t<div class=\"wpb--form-row wpb--form-row-check\">\n    <\/div><\/form>\n\t\t<div class=\"wpb--properties-list-info\">\r\n\t\t\t<h1>Properties<\/h1>\r\n\t\t\t<div class=\"wbp--results\">\r\n\t\t\t\t<p>Mostrando 18 propiedades en venta.<\/p>\r\n\t\t\t\t<form id=\"orderform\" action=\"#\" data-url=\"\/es\/wp-json\/wp\/v2\/pages\/44511\">\r\n\t\t\t\t\t<div class=\"wpb--custom-select\">\r\n\t\t\t\t\t\t<select name=\"o\">\r\n\t\t\t\t\t\t\t<option value=\"\"  selected=\"selected\">\u00daltimas primero<\/option>\r\n\t\t\t\t\t\t\t<option value=\"priced\" >Precio descendente<\/option>\r\n\t\t\t\t\t\t\t<option value=\"pricea\" >Precio ascendente<\/option>\r\n\t\t\t\t\t\t<\/select>\r\n\t\t\t\t\t<\/div>\r\n\t\t\t\t<\/form>\r\n\t\t\t<\/div>\r\n\t\t<\/div>\r\n\t\t<div class=\"wpb--card-container\">\r\n\t\t\t<div class=\"wpb--card\">\n\t<div class=\"wpb--aspect-box wpb--panoramic\">\n\t\t<a class=\"wpb--stretched-link\" href=\"\/es\/property\/?ag=652&r=18202&l=es&f=sale\">\n\t\t\t\t\t\t\t<img decoding=\"async\" loading=\"lazy\" class=\"wpb--image-fit\" src=\"https:\/\/www.lacala.com\/wp-content\/uploads\/inmoba\/thumb-all-681428.jpg\" alt=\"Casa de 3 dormitorios con impresionante terraza y amplio sol\u00e1rium.\" \/>\n\t\t\t\n\t\t\t\t\t\t\t<span class=\"wpb--card-label\">Vendida<\/span>\n\t\t\t\t\t<\/a>\n\t<\/div>\n\t<div class=\"wpb--card-body\">\n\t\t<h4 class=\"wpb--card-title\">\n\t\t\t<a class=\"wpb--stretched-link\" href=\"\/es\/property\/?ag=652&r=18202&l=es&f=sale\">\n\t\t\t\t<small>La Cala Golf Resort - Mijas Costa<\/small>\n\t\t\t\tCasa de 3 dormitorios con impresionante terraza y amplio sol\u00e1rium.<\/a>\n\t\t<\/h4>\n\t\t<div class=\"wpb--card-price\">\n\t\t\tVendida\t\t<\/div>\n\t\t<ul class=\"wpb--card-features\">\n\t\t\t\t\t\t\t\t<li>2  Dormitorios<\/li>\n\t\t\t\t\t\t\t\t<li>2  Ba\u00f1os<\/li>\n\t\t\t\t\t\t\t\t<li>241 m&sup2; Const.<\/li>\n\t\t\t\t\t<\/ul>\n\t\t<span class=\"wpb--card-reference\">18202<\/span>\n\t<\/div>\n<\/div>\n<div class=\"wpb--card\">\n\t<div class=\"wpb--aspect-box wpb--panoramic\">\n\t\t<a class=\"wpb--stretched-link\" href=\"\/es\/property\/?ag=652&r=621621&l=es&f=sale\">\n\t\t\t\t\t\t\t<img decoding=\"async\" loading=\"lazy\" class=\"wpb--image-fit\" src=\"https:\/\/www.lacala.com\/wp-content\/uploads\/inmoba\/thumb-all-674093.jpg\" alt=\"Apartamento de lujo de 2 dormitorios con una ubicaci\u00f3n inmejorable\" \/>\n\t\t\t\n\t\t\t\t\t\t\t<span class=\"wpb--card-label\">Reservada<\/span>\n\t\t\t\t\t<\/a>\n\t<\/div>\n\t<div class=\"wpb--card-body\">\n\t\t<h4 class=\"wpb--card-title\">\n\t\t\t<a class=\"wpb--stretched-link\" href=\"\/es\/property\/?ag=652&r=621621&l=es&f=sale\">\n\t\t\t\t<small>La Cala Golf Resort - Mijas Costa<\/small>\n\t\t\t\tApartamento de lujo de 2 dormitorios con una ubicaci\u00f3n inmejorable<\/a>\n\t\t<\/h4>\n\t\t<div class=\"wpb--card-price\">\n\t\t\t430.000 &euro;\t\t<\/div>\n\t\t<ul class=\"wpb--card-features\">\n\t\t\t\t\t\t\t\t<li>2  Dormitorios<\/li>\n\t\t\t\t\t\t\t\t<li>2  Ba\u00f1os<\/li>\n\t\t\t\t\t\t\t\t<li>80 m&sup2; Const.<\/li>\n\t\t\t\t\t<\/ul>\n\t\t<span class=\"wpb--card-reference\">621621<\/span>\n\t<\/div>\n<\/div>\n<div class=\"wpb--card\">\n\t<div class=\"wpb--aspect-box wpb--panoramic\">\n\t\t<a class=\"wpb--stretched-link\" href=\"\/es\/property\/?ag=652&r=201201&l=es&f=sale\">\n\t\t\t\t\t\t\t<img decoding=\"async\" loading=\"lazy\" class=\"wpb--image-fit\" src=\"https:\/\/www.lacala.com\/wp-content\/uploads\/inmoba\/thumb-all-665600.jpg\" alt=\"Adosada de 3 dormitorios de Lujo en primera l\u00ednea de golf\" \/>\n\t\t\t\n\t\t\t\t\t<\/a>\n\t<\/div>\n\t<div class=\"wpb--card-body\">\n\t\t<h4 class=\"wpb--card-title\">\n\t\t\t<a class=\"wpb--stretched-link\" href=\"\/es\/property\/?ag=652&r=201201&l=es&f=sale\">\n\t\t\t\t<small>Mijas Costa<\/small>\n\t\t\t\tAdosada de 3 dormitorios de Lujo en primera l\u00ednea de golf<\/a>\n\t\t<\/h4>\n\t\t<div class=\"wpb--card-price\">\n\t\t\t689.999 &euro;\t\t<\/div>\n\t\t<ul class=\"wpb--card-features\">\n\t\t\t\t\t\t\t\t<li>3  Dormitorios<\/li>\n\t\t\t\t\t\t\t\t<li>2  Ba\u00f1os<\/li>\n\t\t\t\t\t\t\t\t<li>208 m&sup2; Const.<\/li>\n\t\t\t\t\t<\/ul>\n\t\t<span class=\"wpb--card-reference\">201201<\/span>\n\t<\/div>\n<\/div>\n<div class=\"wpb--card\">\n\t<div class=\"wpb--aspect-box wpb--panoramic\">\n\t\t<a class=\"wpb--stretched-link\" href=\"\/es\/property\/?ag=652&r=232902&l=es&f=sale\">\n\t\t\t\t\t\t\t<img decoding=\"async\" loading=\"lazy\" class=\"wpb--image-fit\" src=\"https:\/\/www.lacala.com\/wp-content\/uploads\/inmoba\/thumb-all-655470.jpg\" alt=\"Magn\u00edfica casa adosada de 3 dormitorios en esquina, en primera l\u00ednea de golf.\" \/>\n\t\t\t\n\t\t\t\t\t<\/a>\n\t<\/div>\n\t<div class=\"wpb--card-body\">\n\t\t<h4 class=\"wpb--card-title\">\n\t\t\t<a class=\"wpb--stretched-link\" href=\"\/es\/property\/?ag=652&r=232902&l=es&f=sale\">\n\t\t\t\t<small>Mijas Costa<\/small>\n\t\t\t\tMagn\u00edfica casa adosada de 3 dormitorios en esquina, en primera l\u00ednea de golf.<\/a>\n\t\t<\/h4>\n\t\t<div class=\"wpb--card-price\">\n\t\t\t595.000 &euro;\t\t<\/div>\n\t\t<ul class=\"wpb--card-features\">\n\t\t\t\t\t\t\t\t<li>3  Dormitorios<\/li>\n\t\t\t\t\t\t\t\t<li>3  Ba\u00f1os<\/li>\n\t\t\t\t\t\t\t\t<li>228 m&sup2; Const.<\/li>\n\t\t\t\t\t<\/ul>\n\t\t<span class=\"wpb--card-reference\">232902<\/span>\n\t<\/div>\n<\/div>\n<div class=\"wpb--card\">\n\t<div class=\"wpb--aspect-box wpb--panoramic\">\n\t\t<a class=\"wpb--stretched-link\" href=\"\/es\/property\/?ag=652&r=15027&l=es&f=sale\">\n\t\t\t\t\t\t\t<img decoding=\"async\" loading=\"lazy\" class=\"wpb--image-fit\" src=\"https:\/\/www.lacala.com\/wp-content\/uploads\/inmoba\/thumb-all-654965.jpg\" alt=\"Amplia casa adosada de 3 dormitorios con orientaci\u00f3n suroeste.\" \/>\n\t\t\t\n\t\t\t\t\t<\/a>\n\t<\/div>\n\t<div class=\"wpb--card-body\">\n\t\t<h4 class=\"wpb--card-title\">\n\t\t\t<a class=\"wpb--stretched-link\" href=\"\/es\/property\/?ag=652&r=15027&l=es&f=sale\">\n\t\t\t\t<small>Mijas Costa<\/small>\n\t\t\t\tAmplia casa adosada de 3 dormitorios con orientaci\u00f3n suroeste.<\/a>\n\t\t<\/h4>\n\t\t<div class=\"wpb--card-price\">\n\t\t\t630.000 &euro;\t\t<\/div>\n\t\t<ul class=\"wpb--card-features\">\n\t\t\t\t\t\t\t\t<li>3  Dormitorios<\/li>\n\t\t\t\t\t\t\t\t<li>3  Ba\u00f1os<\/li>\n\t\t\t\t\t\t\t\t<li>265 m&sup2; Const.<\/li>\n\t\t\t\t\t<\/ul>\n\t\t<span class=\"wpb--card-reference\">15027<\/span>\n\t<\/div>\n<\/div>\n<div class=\"wpb--card\">\n\t<div class=\"wpb--aspect-box wpb--panoramic\">\n\t\t<a class=\"wpb--stretched-link\" href=\"\/es\/property\/?ag=652&r=100200&l=es&f=sale\">\n\t\t\t\t\t\t\t<img decoding=\"async\" loading=\"lazy\" class=\"wpb--image-fit\" src=\"https:\/\/www.lacala.com\/wp-content\/uploads\/inmoba\/thumb-all-652554.jpg\" alt=\"Villa de lujo en primera linea golf\" \/>\n\t\t\t\n\t\t\t\t\t<\/a>\n\t<\/div>\n\t<div class=\"wpb--card-body\">\n\t\t<h4 class=\"wpb--card-title\">\n\t\t\t<a class=\"wpb--stretched-link\" href=\"\/es\/property\/?ag=652&r=100200&l=es&f=sale\">\n\t\t\t\t<small>La Cala Golf Resort - Mijas Costa<\/small>\n\t\t\t\tVilla de lujo en primera linea golf<\/a>\n\t\t<\/h4>\n\t\t<div class=\"wpb--card-price\">\n\t\t\t1.650.000 &euro;\t\t<\/div>\n\t\t<ul class=\"wpb--card-features\">\n\t\t\t\t\t\t\t\t<li>5  Dormitorios<\/li>\n\t\t\t\t\t\t\t\t<li>5  Ba\u00f1os<\/li>\n\t\t\t\t\t\t\t\t<li>1.360 m&sup2; Plano<\/li>\n\t\t\t\t\t\t\t\t<li>388 m&sup2; Const.<\/li>\n\t\t\t\t\t<\/ul>\n\t\t<span class=\"wpb--card-reference\">100200<\/span>\n\t<\/div>\n<\/div>\n<div class=\"wpb--card\">\n\t<div class=\"wpb--aspect-box wpb--panoramic\">\n\t\t<a class=\"wpb--stretched-link\" href=\"\/es\/property\/?ag=652&r=232323&l=es&f=sale\">\n\t\t\t\t\t\t\t<img decoding=\"async\" loading=\"lazy\" class=\"wpb--image-fit\" src=\"https:\/\/www.lacala.com\/wp-content\/uploads\/inmoba\/thumb-all-651334.jpg\" alt=\"Adosado con Estilo, Potencial de Ampliaci\u00f3n y Vistas Panor\u00e1micas\" \/>\n\t\t\t\n\t\t\t\t\t<\/a>\n\t<\/div>\n\t<div class=\"wpb--card-body\">\n\t\t<h4 class=\"wpb--card-title\">\n\t\t\t<a class=\"wpb--stretched-link\" href=\"\/es\/property\/?ag=652&r=232323&l=es&f=sale\">\n\t\t\t\t<small>La Cala Golf Resort - Mijas Costa<\/small>\n\t\t\t\tAdosado con Estilo, Potencial de Ampliaci\u00f3n y Vistas Panor\u00e1micas<\/a>\n\t\t<\/h4>\n\t\t<div class=\"wpb--card-price\">\n\t\t\t475.000 &euro;\t\t<\/div>\n\t\t<ul class=\"wpb--card-features\">\n\t\t\t\t\t\t\t\t<li>2  Dormitorios<\/li>\n\t\t\t\t\t\t\t\t<li>2  Ba\u00f1os<\/li>\n\t\t\t\t\t\t\t\t<li>112 m&sup2; Plano<\/li>\n\t\t\t\t\t\t\t\t<li>180 m&sup2; Const.<\/li>\n\t\t\t\t\t<\/ul>\n\t\t<span class=\"wpb--card-reference\">232323<\/span>\n\t<\/div>\n<\/div>\n<div class=\"wpb--card\">\n\t<div class=\"wpb--aspect-box wpb--panoramic\">\n\t\t<a class=\"wpb--stretched-link\" href=\"\/es\/property\/?ag=652&r=200901&l=es&f=sale\">\n\t\t\t\t\t\t\t<img decoding=\"async\" loading=\"lazy\" class=\"wpb--image-fit\" src=\"https:\/\/www.lacala.com\/wp-content\/uploads\/inmoba\/thumb-all-651287.jpg\" alt=\"Estupenda adosada de lujo con 3 dormitorios y jard\u00edn privado\" \/>\n\t\t\t\n\t\t\t\t\t<\/a>\n\t<\/div>\n\t<div class=\"wpb--card-body\">\n\t\t<h4 class=\"wpb--card-title\">\n\t\t\t<a class=\"wpb--stretched-link\" href=\"\/es\/property\/?ag=652&r=200901&l=es&f=sale\">\n\t\t\t\t<small>La Cala Golf Resort - Mijas Costa<\/small>\n\t\t\t\tEstupenda adosada de lujo con 3 dormitorios y jard\u00edn privado<\/a>\n\t\t<\/h4>\n\t\t<div class=\"wpb--card-price\">\n\t\t\t530.000 &euro;\t\t<\/div>\n\t\t<ul class=\"wpb--card-features\">\n\t\t\t\t\t\t\t\t<li>3  Dormitorios<\/li>\n\t\t\t\t\t\t\t\t<li>3  Ba\u00f1os<\/li>\n\t\t\t\t\t\t\t\t<li>85 m&sup2; Plano<\/li>\n\t\t\t\t\t\t\t\t<li>202 m&sup2; Const.<\/li>\n\t\t\t\t\t<\/ul>\n\t\t<span class=\"wpb--card-reference\">200901<\/span>\n\t<\/div>\n<\/div>\n<div class=\"wpb--card\">\n\t<div class=\"wpb--aspect-box wpb--panoramic\">\n\t\t<a class=\"wpb--stretched-link\" href=\"\/es\/property\/?ag=652&r=652001&l=es&f=sale\">\n\t\t\t\t\t\t\t<img decoding=\"async\" loading=\"lazy\" class=\"wpb--image-fit\" src=\"https:\/\/www.lacala.com\/wp-content\/uploads\/inmoba\/thumb-all-649814.jpg\" alt=\"Excepcional \u00e1tico d\u00faplex en primera l\u00ednea de golf\" \/>\n\t\t\t\n\t\t\t\t\t<\/a>\n\t<\/div>\n\t<div class=\"wpb--card-body\">\n\t\t<h4 class=\"wpb--card-title\">\n\t\t\t<a class=\"wpb--stretched-link\" href=\"\/es\/property\/?ag=652&r=652001&l=es&f=sale\">\n\t\t\t\t<small>La Cala Golf Resort - Mijas Costa<\/small>\n\t\t\t\tExcepcional \u00e1tico d\u00faplex en primera l\u00ednea de golf<\/a>\n\t\t<\/h4>\n\t\t<div class=\"wpb--card-price\">\n\t\t\t535.000 &euro;\t\t<\/div>\n\t\t<ul class=\"wpb--card-features\">\n\t\t\t\t\t\t\t\t<li>3  Dormitorios<\/li>\n\t\t\t\t\t\t\t\t<li>3  Ba\u00f1os<\/li>\n\t\t\t\t\t\t\t\t<li>149 m&sup2; Const.<\/li>\n\t\t\t\t\t<\/ul>\n\t\t<span class=\"wpb--card-reference\">652001<\/span>\n\t<\/div>\n<\/div>\n<div class=\"wpb--card\">\n\t<div class=\"wpb--aspect-box wpb--panoramic\">\n\t\t<a class=\"wpb--stretched-link\" href=\"\/es\/property\/?ag=652&r=808080&l=es&f=sale\">\n\t\t\t\t\t\t\t<img decoding=\"async\" loading=\"lazy\" class=\"wpb--image-fit\" src=\"https:\/\/www.lacala.com\/wp-content\/uploads\/inmoba\/thumb-all-615522.jpg\" alt=\"Parcela impresionante en una ubicaci\u00f3n excelente\" \/>\n\t\t\t\n\t\t\t\t\t<\/a>\n\t<\/div>\n\t<div class=\"wpb--card-body\">\n\t\t<h4 class=\"wpb--card-title\">\n\t\t\t<a class=\"wpb--stretched-link\" href=\"\/es\/property\/?ag=652&r=808080&l=es&f=sale\">\n\t\t\t\t<small>La Cala Golf Resort - Mijas Costa<\/small>\n\t\t\t\tParcela impresionante en una ubicaci\u00f3n excelente<\/a>\n\t\t<\/h4>\n\t\t<div class=\"wpb--card-price\">\n\t\t\t245.000 &euro;\t\t<\/div>\n\t\t<ul class=\"wpb--card-features\">\n\t\t\t\t\t\t\t\t<li>1.216 m&sup2; Plano<\/li>\n\t\t\t\t\t<\/ul>\n\t\t<span class=\"wpb--card-reference\">808080<\/span>\n\t<\/div>\n<\/div>\n<div class=\"wpb--card\">\n\t<div class=\"wpb--aspect-box wpb--panoramic\">\n\t\t<a class=\"wpb--stretched-link\" href=\"\/es\/property\/?ag=652&r=223-1&l=es&f=sale\">\n\t\t\t\t\t\t\t<img decoding=\"async\" loading=\"lazy\" class=\"wpb--image-fit\" src=\"https:\/\/www.lacala.com\/wp-content\/uploads\/inmoba\/thumb-all-592463.jpg\" alt=\"Espectacular apartamento con vistas panor\u00e1micas\" \/>\n\t\t\t\n\t\t\t\t\t\t\t<span class=\"wpb--card-label\">Reservada<\/span>\n\t\t\t\t\t<\/a>\n\t<\/div>\n\t<div class=\"wpb--card-body\">\n\t\t<h4 class=\"wpb--card-title\">\n\t\t\t<a class=\"wpb--stretched-link\" href=\"\/es\/property\/?ag=652&r=223-1&l=es&f=sale\">\n\t\t\t\t<small>La Cala Golf Resort - Mijas Costa<\/small>\n\t\t\t\tEspectacular apartamento con vistas panor\u00e1micas<\/a>\n\t\t<\/h4>\n\t\t<div class=\"wpb--card-price\">\n\t\t\t396.000 &euro;\t\t<\/div>\n\t\t<ul class=\"wpb--card-features\">\n\t\t\t\t\t\t\t\t<li>2  Dormitorios<\/li>\n\t\t\t\t\t\t\t\t<li>2  Ba\u00f1os<\/li>\n\t\t\t\t\t\t\t\t<li>80 m&sup2; Const.<\/li>\n\t\t\t\t\t<\/ul>\n\t\t<span class=\"wpb--card-reference\">223-1<\/span>\n\t<\/div>\n<\/div>\n<div class=\"wpb--card\">\n\t<div class=\"wpb--aspect-box wpb--panoramic\">\n\t\t<a class=\"wpb--stretched-link\" href=\"\/es\/property\/?ag=652&r=PLOTMH&l=es&f=sale\">\n\t\t\t\t\t\t\t<img decoding=\"async\" loading=\"lazy\" class=\"wpb--image-fit\" src=\"https:\/\/www.lacala.com\/wp-content\/uploads\/inmoba\/thumb-all-574531.jpg\" alt=\"Una de las parcelas m\u00e1s grandes del Resort para construir una villa independiente\" \/>\n\t\t\t\n\t\t\t\t\t<\/a>\n\t<\/div>\n\t<div class=\"wpb--card-body\">\n\t\t<h4 class=\"wpb--card-title\">\n\t\t\t<a class=\"wpb--stretched-link\" href=\"\/es\/property\/?ag=652&r=PLOTMH&l=es&f=sale\">\n\t\t\t\t<small>La Cala Golf Resort - Mijas Costa<\/small>\n\t\t\t\tUna de las parcelas m\u00e1s grandes del Resort para construir una villa independiente<\/a>\n\t\t<\/h4>\n\t\t<div class=\"wpb--card-price\">\n\t\t\t325.000 &euro;\t\t<\/div>\n\t\t<ul class=\"wpb--card-features\">\n\t\t\t\t\t\t\t\t<li>1.871 m&sup2; Plano<\/li>\n\t\t\t\t\t<\/ul>\n\t\t<span class=\"wpb--card-reference\">PLOTMH<\/span>\n\t<\/div>\n<\/div>\n\t\t<\/div>\r\n\t\t<nav class=\"wpb--pagination\">\n\t<ul>\n\t\t\t\t\t\t\t<li class=\"btn\"><span>1<\/span><\/li>\n\t\t\t\t\t\t\t<li>\n\t\t\t\t\t\t<a title=\"Properties (2)\" href=\"\/es\/wp-json\/wp\/v2\/pages\/44511\/?o=dateCreated DESC&l=es&f=sale&ipage=2\">\n\t\t\t\t\t\t\t<span>2<\/span>\n\t\t\t\t\t\t<\/a>\n\t\t\t\t\t<\/li>\n\t\t\t\t\t\t\t\t<li>\n\t\t\t\t\t<a title=\"Properties (2)\" href=\"\/es\/wp-json\/wp\/v2\/pages\/44511\/?o=dateCreated DESC&l=es&f=sale&ipage=2\">\n\t\t\t\t\t&rsaquo;\n\t\t\t\t\t<\/a>\n\t\t\t\t<\/li>\n\t\t\t\t\t\t\t<li>\n\t\t\t\t\t<a title=\"Properties (2)\" href=\"\/es\/wp-json\/wp\/v2\/pages\/44511\/?o=dateCreated DESC&l=es&f=sale&ipage=2\">\n\t\t\t\t\t&raquo;\n\t\t\t\t\t<\/a>\n\t\t\t\t<\/li>\n\t\t\t\t<\/ul>\n<\/nav>\t\n\t\t<div class=\"wpb--advert\">\r\n\t\t\t<a href=\"https:\/\/www.inmobalia.com\/\" class=\"wpb--advert-link\" target=\"_blank\" rel=\"noopenner noopener\">Realizado con Inmobalia Plugin<\/a>\r\n\t\t<\/div>\r\n\t<\/div>\r\n<script>\r\n\t(function($) {\r\n\t\t$(document).ready(function() {\r\n\t\t\t$(\"#searchform\").searchForm({\"id\":\"search\",\"data\":[{\"id\":\"c26\",\"name\":\"Mijas Costa\",\"nametrans\":\"Mijas Costa\",\"parent\":7},{\"id\":\"a1024\",\"name\":\"La Cala Golf Resort\",\"nametrans\":\"La Cala Golf Resort\",\"parent\":26}],\"hiddenName\":\"c\",\"initialValue\":[]});\r\n\t\t});\r\n\t}(jQuery));\r\n<\/script>\n","protected":false},"excerpt":{"rendered":"","protected":false},"author":1,"featured_media":0,"parent":0,"menu_order":28,"comment_status":"close","ping_status":"close","template":"wp-custom-template-real-estate","meta":{"footnotes":""},"class_list":["post-44511","page","type-page","status-publish","hentry"],"_links":{"self":[{"href":"https:\/\/www.lacala.com\/es\/wp-json\/wp\/v2\/pages\/44511","targetHints":{"allow":["GET"]}}],"collection":[{"href":"https:\/\/www.lacala.com\/es\/wp-json\/wp\/v2\/pages"}],"about":[{"href":"https:\/\/www.lacala.com\/es\/wp-json\/wp\/v2\/types\/page"}],"author":[{"embeddable":true,"href":"https:\/\/www.lacala.com\/es\/wp-json\/wp\/v2\/users\/1"}],"replies":[{"embeddable":true,"href":"https:\/\/www.lacala.com\/es\/wp-json\/wp\/v2\/comments?post=44511"}],"version-history":[{"count":0,"href":"https:\/\/www.lacala.com\/es\/wp-json\/wp\/v2\/pages\/44511\/revisions"}],"wp:attachment":[{"href":"https:\/\/www.lacala.com\/es\/wp-json\/wp\/v2\/media?parent=44511"}],"curies":[{"name":"wp","href":"https:\/\/api.w.org\/{rel}","templated":true}]}}