{"id":44532,"date":"2025-03-21T10:09:01","date_gmt":"2025-03-21T10:09:01","guid":{"rendered":"https:\/\/www.lacala.com\/property\/"},"modified":"2026-02-13T13:18:04","modified_gmt":"2026-02-13T13:18:04","slug":"property","status":"publish","type":"page","link":"https:\/\/www.lacala.com\/property\/","title":{"rendered":"Property"},"content":{"rendered":"\t<div class=\"wpb--container\" id=\"wpb__style_container\">\t\r\n\t\t<style>\r\n\t\t\thtml {\r\n\t\t\t\tscroll-behavior: smooth;\r\n\t\t\t}\r\n\r\n\t\t\tbody {\r\n\t\t\t\toverflow-x: visible;\r\n\t\t\t}\r\n\r\n\t\t\tbody>.wrapper:not(.et-fb-iframe-ancestor) {\r\n\t\t\t\toverflow: visible;\r\n\t\t\t}\r\n\t\t<\/style>\r\n\t\t<div class=\"wpb--property-images\">\n\t<div class=\"wpb--aspect-box wpb--panoramic wpb--lg-normal\">\n\t\t<a class=\"wpb--stretched-link\" href=\"https:\/\/media.inmobalia.com\/imgV1\/B98Le8~d7M9k3DegpEFZhS0lI_F8U4XZVz~HWxt~mGgYekxX9nCAxh0ZjtE2u9zqepXEUrVLqfm8KeIGW6Gtyd4X99d_a7kcwdoJVS0Kli9OAqwsRMRgikb9oeHbhFa811kkx6hyr6qIHyof1lP7aTW5Yr3lsDIYgQ--.jpg\" data-fancybox=\"gallery\" target=\"_blank\" rel=\"noopener\">\n\t\t\t<img decoding=\"async\" class=\"wpb--image-fit\" src=\"https:\/\/media.inmobalia.com\/imgV1\/B98Le8~d7M9k3DegpEFZhS0lI_F8U4XZVz~HWxt~mGgYekxX9nCAxh0ZjtE2u9zqepXEUrVLqfm8KeIGW6Gtyd4X99d_a7kcwdoJVS0Kli9OAqwsRMRgikb9oeHbhFa811kkx6hyr6qIHyof1lP7aTW5Yr3lsDIYgQ--.jpg\" alt=\"Casa de 3 dormitorios con impresionante terraza y amplio sol\u00e1rium.\">\n\t\t<\/a>\n\t<\/div>\n\t<div class=\"wpb--property-image-column d-flex flex-row flex-lg-column position-relative second-images\">\n\t\t\t\t\t\t<a class=\"wpb--square-image wpb--stretched-link\" href=\"https:\/\/media.inmobalia.com\/imgV1\/B98Le8~d7M9k3DegpEFZhS0lI_F8U4XZVz~HWxt~mGgYekxX9nCAxh0ZjtE2u9zqepXEUrVLqfm8KeIGW6Gtyd4X99d_a7kcwdoJVS0Kli9OB6DAuz41c4bSbi1kw5DVF0hWqfkL4gEJLrOTfs54GeQSYuScM96qWw--.jpg\" data-fancybox=\"gallery\" target=\"_blank\" rel=\"noopener\">\n\t\t\t\t\t<img decoding=\"async\" class=\"wpb--image-fit\" src=\"\/wp-content\/plugins\/inmobaliaplugin\/image.php?u=B98Le8~d7M9k3DegpEFZhS0lI_F8U4XZVz~HWxt~mGgYekxX9nCAxh0ZjtE2u9zqepXEUrVLqfm8KeIGW6Gtyd4X99d_a7kcwdoJVS0Kli9OB6DAuz41c4bSbi1kw5DVF0hWqfkL4gEJLrOTfs54GeQSYuScM96qWw--&i=681428-0&s=400\" alt=\"Casa de 3 dormitorios con impresionante terraza y amplio sol\u00e1rium.\">\n\t\t\t\t<\/a>\n\t\t\t\t\t\t\t<a class=\"wpb--square-image wpb--stretched-link\" href=\"https:\/\/media.inmobalia.com\/imgV1\/B98Le8~d7M9k3DegpEFZhS0lI_F8U4XZVz~HWxt~mGgYekxX9nCAxh0ZjtE2u9zqepXEUrVLqfm8KeIGW6Gtyd4X99d_a7kcwdoJVS0Kli9OVYCzbWxH6skmWKLTHQ~eHK5erQwzPnw7S~7drO1KtS43toFvUJKNKA--.jpg\" data-fancybox=\"gallery\" target=\"_blank\" rel=\"noopener\">\n\t\t\t\t\t<img decoding=\"async\" class=\"wpb--image-fit\" src=\"\/wp-content\/plugins\/inmobaliaplugin\/image.php?u=B98Le8~d7M9k3DegpEFZhS0lI_F8U4XZVz~HWxt~mGgYekxX9nCAxh0ZjtE2u9zqepXEUrVLqfm8KeIGW6Gtyd4X99d_a7kcwdoJVS0Kli9OVYCzbWxH6skmWKLTHQ~eHK5erQwzPnw7S~7drO1KtS43toFvUJKNKA--&i=681428-1&s=400\" alt=\"Casa de 3 dormitorios con impresionante terraza y amplio sol\u00e1rium.\">\n\t\t\t\t<\/a>\n\t\t\t\t\t<div class=\"wpb--d-none\">\n\t\t\t\t\t\t\t<a href=\"https:\/\/media.inmobalia.com\/imgV1\/B98Le8~d7M9k3DegpEFZhS0lI_F8U4XZVz~HWxt~mGgYekxX9nCAxh0ZjtE2u9zqepXEUrVLqfm8KeIGW6Gtyd4X99d_a7kcwdoJVS0Kli9OAvpgcZIlQePdsER8AgOIorLbNvsdg7ji2sV8~pR6lqa7Lwl8bF1YTA--.jpg\" data-fancybox=\"gallery\" target=\"_blank\" rel=\"noopener\">\n\t\t\t\t\t<img decoding=\"async\" class=\"image-fit position-absolute\" src=\"https:\/\/media.inmobalia.com\/imgV1\/B98Le8~d7M9k3DegpEFZhS0lI_F8U4XZVz~HWxt~mGgYekxX9nCAxh0ZjtE2u9zqepXEUrVLqfm8KeIGW6Gtyd4X99d_a7kcwdoJVS0Kli9OAvpgcZIlQePdsER8AgOIorLbNvsdg7ji2sV8~pR6lqa7Lwl8bF1YTA--.jpg\" alt=\"Casa de 3 dormitorios con impresionante terraza y amplio sol\u00e1rium.\">\n\t\t\t\t<\/a>\n\t\t\t\t\t\t\t<a href=\"https:\/\/media.inmobalia.com\/imgV1\/B98Le8~d7M9k3DegpEFZhS0lI_F8U4XZVz~HWxt~mGgYekxX9nCAxh0ZjtE2u9zqepXEUrVLqfm8KeIGW6Gtyd4X99d_a7kcwdoJVS0Kli9OUH7v~Ak7Mh0XFQ01IxYyuGBkkUeUNVI4LT1x3O~g~5zkkMSLnsXWhg--.jpg\" data-fancybox=\"gallery\" target=\"_blank\" rel=\"noopener\">\n\t\t\t\t\t<img decoding=\"async\" class=\"image-fit position-absolute\" src=\"https:\/\/media.inmobalia.com\/imgV1\/B98Le8~d7M9k3DegpEFZhS0lI_F8U4XZVz~HWxt~mGgYekxX9nCAxh0ZjtE2u9zqepXEUrVLqfm8KeIGW6Gtyd4X99d_a7kcwdoJVS0Kli9OUH7v~Ak7Mh0XFQ01IxYyuGBkkUeUNVI4LT1x3O~g~5zkkMSLnsXWhg--.jpg\" alt=\"Casa de 3 dormitorios con impresionante terraza y amplio sol\u00e1rium.\">\n\t\t\t\t<\/a>\n\t\t\t\t\t\t\t<a href=\"https:\/\/media.inmobalia.com\/imgV1\/B98Le8~d7M9k3DegpEFZhS0lI_F8U4XZVz~HWxt~mGgYekxX9nCAxh0ZjtE2u9zqepXEUrVLqfm8KeIGW6Gtyd4X99d_a7kcwdoJVS0Kli9OBZRwUyqz6pd1PmB5WFvMiXEweK0Gt7qlXen~B9S6cohuPzlROnAF8w--.jpg\" data-fancybox=\"gallery\" target=\"_blank\" rel=\"noopener\">\n\t\t\t\t\t<img decoding=\"async\" class=\"image-fit position-absolute\" src=\"https:\/\/media.inmobalia.com\/imgV1\/B98Le8~d7M9k3DegpEFZhS0lI_F8U4XZVz~HWxt~mGgYekxX9nCAxh0ZjtE2u9zqepXEUrVLqfm8KeIGW6Gtyd4X99d_a7kcwdoJVS0Kli9OBZRwUyqz6pd1PmB5WFvMiXEweK0Gt7qlXen~B9S6cohuPzlROnAF8w--.jpg\" alt=\"Casa de 3 dormitorios con impresionante terraza y amplio sol\u00e1rium.\">\n\t\t\t\t<\/a>\n\t\t\t\t\t\t\t<a href=\"https:\/\/media.inmobalia.com\/imgV1\/B98Le8~d7M9k3DegpEFZhS0lI_F8U4XZVz~HWxt~mGgYekxX9nCAxh0ZjtE2u9zqepXEUrVLqfm8KeIGW6Gtyd4X99d_a7kcwdoJVS0Kli9OUWhNce14qpWj2tbgWuej~jjIYa2ign22PdXcGmLS8Hi1xQYmi5VEZQ--.jpg\" data-fancybox=\"gallery\" target=\"_blank\" rel=\"noopener\">\n\t\t\t\t\t<img decoding=\"async\" class=\"image-fit position-absolute\" src=\"https:\/\/media.inmobalia.com\/imgV1\/B98Le8~d7M9k3DegpEFZhS0lI_F8U4XZVz~HWxt~mGgYekxX9nCAxh0ZjtE2u9zqepXEUrVLqfm8KeIGW6Gtyd4X99d_a7kcwdoJVS0Kli9OUWhNce14qpWj2tbgWuej~jjIYa2ign22PdXcGmLS8Hi1xQYmi5VEZQ--.jpg\" alt=\"Casa de 3 dormitorios con impresionante terraza y amplio sol\u00e1rium.\">\n\t\t\t\t<\/a>\n\t\t\t\t\t\t\t<a href=\"https:\/\/media.inmobalia.com\/imgV1\/B98Le8~d7M9k3DegpEFZhS0lI_F8U4XZVz~HWxt~mGgYekxX9nCAxh0ZjtE2u9zqepXEUrVLqfm8KeIGW6Gtyd4X99d_a7kcwdoJVS0Kli9OAH6wfRY_QlxO5wCGrgk0L3GsP8A7fsjQWQMiJGMy2W_snk1IM7MObQ--.jpg\" data-fancybox=\"gallery\" target=\"_blank\" rel=\"noopener\">\n\t\t\t\t\t<img decoding=\"async\" class=\"image-fit position-absolute\" src=\"https:\/\/media.inmobalia.com\/imgV1\/B98Le8~d7M9k3DegpEFZhS0lI_F8U4XZVz~HWxt~mGgYekxX9nCAxh0ZjtE2u9zqepXEUrVLqfm8KeIGW6Gtyd4X99d_a7kcwdoJVS0Kli9OAH6wfRY_QlxO5wCGrgk0L3GsP8A7fsjQWQMiJGMy2W_snk1IM7MObQ--.jpg\" alt=\"Casa de 3 dormitorios con impresionante terraza y amplio sol\u00e1rium.\">\n\t\t\t\t<\/a>\n\t\t\t\t\t\t\t<a href=\"https:\/\/media.inmobalia.com\/imgV1\/B98Le8~d7M9k3DegpEFZhS0lI_F8U4XZVz~HWxt~mGgYekxX9nCAxh0ZjtE2u9zqepXEUrVLqfm8KeIGW6Gtyd4X99d_a7kcwdoJVS0Kli9OACLy6AP6otEtIgZ5moMXQzPy8OWOnVF5N4~g8i5WoTYtbEdYrxZrLQ--.jpg\" data-fancybox=\"gallery\" target=\"_blank\" rel=\"noopener\">\n\t\t\t\t\t<img decoding=\"async\" class=\"image-fit position-absolute\" src=\"https:\/\/media.inmobalia.com\/imgV1\/B98Le8~d7M9k3DegpEFZhS0lI_F8U4XZVz~HWxt~mGgYekxX9nCAxh0ZjtE2u9zqepXEUrVLqfm8KeIGW6Gtyd4X99d_a7kcwdoJVS0Kli9OACLy6AP6otEtIgZ5moMXQzPy8OWOnVF5N4~g8i5WoTYtbEdYrxZrLQ--.jpg\" alt=\"Casa de 3 dormitorios con impresionante terraza y amplio sol\u00e1rium.\">\n\t\t\t\t<\/a>\n\t\t\t\t\t<\/div>\n\t\t<button class=\"wpb--button\" data-fancybox-trigger=\"gallery\" href=\"javascript:;\">9 Im\u00e1genes<\/button>\n\t<\/div>\n<\/div>\n\t\t\r\n\t\t<div class=\"wpb--property-info\">\r\n\t\t\t<div class=\"wpb--property-column\">\r\n\t\t\t\t<div class=\"wpb--property-utils\">\r\n\t\t\t\t\t<span class=\"wpb--property-location\">Adosado en venta en La Cala Golf Resort, Mijas Costa<\/span>\r\n\t\t\t\t\t<div class=\"wpb-property-buttons\">\r\n\t\t\t\t\t\t<div class=\"wpb--share\" role=\"group\">\r\n\t\t\t\t\t\t\t<button class=\"wpb--btn-clear\" id=\"wpb--share-launcher\" type=\"button\" data-toggle=\"dropdown\" aria-haspopup=\"true\" aria-expanded=\"true\">\r\n\t\t\t\t\t\t\t\t<span class=\"wpb--share-icon\"><\/span>\r\n\t\t\t\t\t\t\t<\/button>\r\n\t\t\t\t\t\t\t<div class=\"wpb--dropdown-menu\" aria-labelledby=\"share-launcher\">\r\n\t\t\t\t\t\t\t\t\t\t\t\t\t\t\t\t<a class=\"wpb--dropdown-item wpb--icon-facebook\" href=\"#\" onclick=\"javascript:window.open('https:\/\/www.facebook.com\/sharer.php?u=https%3A%2F%2Fwww.lacala.com%2Fes%2Fproperty%2F%3Fag%3D652%26r%3D18202%26l%3Des%26f%3Dsale','','menubar=no,toolbar=no,resizable=yes,scrollbars=yes,height=600,width=600');return false;\" ><\/a>\r\n\t\t\t\t\t\t\t\t\t\t\t\t\t\t\t\t\t<a class=\"wpb--dropdown-item wpb--icon-twitter\" href=\"#\" onclick=\"javascript:window.open('http:\/\/www.twitter.com\/share?url=https%3A%2F%2Fwww.lacala.com%2Fes%2Fproperty%2F%3Fag%3D652%26r%3D18202%26l%3Des%26f%3Dsale','','menubar=no,toolbar=no,resizable=yes,scrollbars=yes,height=600,width=600');return false;\" ><\/a>\r\n\t\t\t\t\t\t\t\t\t\t\t\t\t\t\t\t\t<a class=\"wpb--dropdown-item wpb--icon-pinterest\" href=\"#\" onclick=\"javascript:window.open('https:\/\/pinterest.com\/pin\/create\/button\/?url=https%3A%2F%2Fwww.lacala.com%2Fes%2Fproperty%2F%3Fag%3D652%26r%3D18202%26l%3Des%26f%3Dsale&media=https:\/\/media.inmobalia.com\/imgV1\/B98Le8~d7M9k3DegpEFZhS0lI_F8U4XZVz~HWxt~mGgYekxX9nCAxh0ZjtE2u9zqepXEUrVLqfm8KeIGW6Gtyd4X99d_a7kcwdoJVS0Kli9OAqwsRMRgikb9oeHbhFa811kkx6hyr6qIHyof1lP7aTW5Yr3lsDIYgQ--.jpg&description=Casa+de+3+dormitorios+con+impresionante+terraza+y+amplio+sol%C3%A1rium.','','menubar=no,toolbar=no,resizable=yes,scrollbars=yes,height=600,width=600');return false;\" ><\/a>\r\n\t\t\t\t\t\t\t\t\t\t\t\t\t\t\t\t\t<a class=\"wpb--dropdown-item wpb--icon-linkedin\" href=\"#\" onclick=\"javascript:window.open('https:\/\/www.linkedin.com\/shareArticle?mini=true&url=https%3A%2F%2Fwww.lacala.com%2Fes%2Fproperty%2F%3Fag%3D652%26r%3D18202%26l%3Des%26f%3Dsale','','menubar=no,toolbar=no,resizable=yes,scrollbars=yes,height=600,width=600');return false;\" ><\/a>\r\n\t\t\t\t\t\t\t\t\t\t\t\t\t\t\t\t\t<a class=\"wpb--dropdown-item wpb--icon-whatsapp\" href=\"#\" onclick=\"javascript:window.open('https:\/\/wa.me\/?text=https%3A%2F%2Fwww.lacala.com%2Fes%2Fproperty%2F%3Fag%3D652%26r%3D18202%26l%3Des%26f%3Dsale','','menubar=no,toolbar=no,resizable=yes,scrollbars=yes,height=600,width=600');return false;\"  data-action=share\/whatsapp\/share><\/a>\r\n\t\t\t\t\t\t\t\t\t\t\t\t\t\t\t<\/div>\r\n\t\t\t\t\t\t<\/div>\r\n\t\t\t\t\t\t<a rel=\"nofollow\" class=\"wpb--btn-clear\" href=\"#\" onclick=\"window.open('https:\/\/service.inmobalia.com\/pdf\/?id=681428&ag=652&rep=ps&ln=es&cid=6c73e29b5c799f2bd212a97678a3a197');return false;\" title=\"Imprimir Folleto\"><span class=\"wpb--print-icon\"><\/span><\/a>\r\n\t\t\t\t\t<\/div>\r\n\t\t\t\t<\/div>\r\n\t\t\t\t\r\n\t\t\t\t<h1>Casa de 3 dormitorios con impresionante terraza y amplio sol\u00e1rium.<\/h1>\r\n\t\t\t\t<div class=\"wpb--property-price\">\r\n\t\t\t\t\tVendida\t\t\t\t<\/div>\r\n\t\t\t\t<hr>\r\n\r\n\t\t\t\t<div class=\"wpb--property-features\">\r\n\t\t\t\t\t<ul>\r\n\t\t\t\t\t\t\t\t\t\t\t\t\t<li>Ref: 18202<\/li>\r\n\t\t\t\t\t\t\t\t\t\t\t\t\t<li>Dormitorios: 2<\/li>\r\n\t\t\t\t\t\t\t\t\t\t\t\t\t<li>Ba\u00f1os: 2<\/li>\r\n\t\t\t\t\t\t\t\t\t\t\t\t\t<li>Const.: 241 m&sup2;<\/li>\r\n\t\t\t\t\t\t\t\t\t\t\t\t\t<li>Terraza: 149 m&sup2;<\/li>\r\n\t\t\t\t\t\t\t\t\t\t\t<\/ul>\r\n\t\t\t\t<\/div>\r\n\t\t\t\t\t\t\t\t<div class=\"wpb--property-description\">\r\n\t\t\t\t\t<p>Con una fant\u00e1stica ubicaci\u00f3n, a poca distancia de la Casa Club, el hotel y el spa, esta propiedad se encuentra en una comunidad cerrada que ofrece dos piscinas y un entorno seguro y tranquilo. Originalmente dise\u00f1ada con tres dormitorios, se ha transformado en una espaciosa casa de dos dormitorios, ambos con ba\u00f1o en suite, adem\u00e1s de un aseo de invitados en la planta principal.<\/p>\n\n<p>La planta principal cuenta con un luminoso sal\u00f3n-comedor de planta abierta que conecta con una magn\u00edfica terraza soleada. La cocina de concepto abierto incluye una elegante pen\u00ednsula, perfecta para disfrutar de comidas informales en taburetes altos. Un aseo de invitados tambi\u00e9n se encuentra convenientemente ubicado en esta planta.<\/p>\n\n<p>El impresionante sol\u00e1rium privado ofrece un espacio \u00fanico para relajarse, rodeado de naturaleza y con vistas abiertas a ambos lados de la propiedad. Es el lugar ideal para una zona de relax, tomar el sol o celebrar reuniones al aire libre.<\/p>\n\n<p>La propiedad est\u00e1 equipada con un ascensor interior privado ThyssenKrupp que conecta el garaje directamente con todas las plantas de la propiedad, incluido el sol\u00e1rium, lo que proporciona una comodidad y accesibilidad excepcionales. Caracter\u00edsticas adicionales:<br \/>\n\u2022 Paneles solares para agua caliente<br \/>\n\u2022 Persianas el\u00e9ctricas<br \/>\n\u2022 Aire acondicionado fr\u00edo\/calor con control independiente en cada planta<br \/>\n\u2022 Iluminaci\u00f3n <span class=\"caps\">LED<\/span> integrada en los falsos techos del sal\u00f3n, la cocina y el dormitorio principal<br \/>\n\u2022 Armarios empotrados en ambos dormitorios y en el recibidor<br \/>\nEl s\u00f3tano es un garaje privado con espacio para dos coches y trastero, con acceso directo a la propiedad para una m\u00e1xima comodidad.<br \/>\nCon certificaci\u00f3n de eficiencia energ\u00e9tica B, esta vivienda combina sostenibilidad, dise\u00f1o moderno y confort en un entorno excepcional.<br \/>\n\u00a1S\u00e9a exclusivo! Y obt\u00e9n tu tarjeta Privilege, disfrutando de beneficios \u00fanicos y tarifas reducidas en nuestro resort. Golf, Hotel, Spa, Restaurantes, Raquet Club, Gimnasio, Fitness, etc.<\/p>\t\t\t\t<\/div>\r\n\r\n\t\t\t\t\t\t\t\t\t<div class=\"wpb--property-features wpb--read-more wpb--short\">\r\n\t\t\t\t\t\t<h3>Caracter\u00edsticas adicionales<\/h3>\r\n\t\t\t\t\t\t<ul class=\"property-extrafeatures\">\r\n\t\t\t\t\t\t\t\t\t\t\t\t\t\t\t<li>Terraza privada<\/li>\r\n\t\t\t\t\t\t\t\t\t\t\t\t\t\t\t<li>Cocina equipada<\/li>\r\n\t\t\t\t\t\t\t\t\t\t\t\t\t\t\t<li>Sal\u00f3n<\/li>\r\n\t\t\t\t\t\t\t\t\t\t\t\t\t\t\t<li>Cerca de la ciudad<\/li>\r\n\t\t\t\t\t\t\t\t\t\t\t\t\t\t\t<li>Colegios cerca<\/li>\r\n\t\t\t\t\t\t\t\t\t\t\t\t\t\t\t<li>Vistas al campo<\/li>\r\n\t\t\t\t\t\t\t\t\t\t\t\t\t\t\t<li>Vistas a la monta\u00f1a<\/li>\r\n\t\t\t\t\t\t\t\t\t\t\t\t\t\t\t<li>Dentro del Golf Resort<\/li>\r\n\t\t\t\t\t\t\t\t\t\t\t\t\t\t\t<li>Vistas al golf<\/li>\r\n\t\t\t\t\t\t\t\t\t\t\t\t\t\t\t<li>Aire acondicionado individual<\/li>\r\n\t\t\t\t\t\t\t\t\t\t\t\t\t\t\t<li>Persianas el\u00e9ctricas<\/li>\r\n\t\t\t\t\t\t\t\t\t\t\t\t\t\t\t<li>Armarios empotrados<\/li>\r\n\t\t\t\t\t\t\t\t\t\t\t\t\t\t\t<li>Comunidad cerrada<\/li>\r\n\t\t\t\t\t\t\t\t\t\t\t\t\t\t\t<li>Internet - Fibra \u00f3ptica<\/li>\r\n\t\t\t\t\t\t\t\t\t\t\t\t\t\t\t<li>Ascensor<\/li>\r\n\t\t\t\t\t\t\t\t\t\t\t\t\t\t\t<li>Vistas a la piscina<\/li>\r\n\t\t\t\t\t\t\t\t\t\t\t\t\t\t\t<li>Vistas panor\u00e1micas<\/li>\r\n\t\t\t\t\t\t\t\t\t\t\t\t\t\t\t<li>Primera linea de golf<\/li>\r\n\t\t\t\t\t\t\t\t\t\t\t\t\t\t\t<li>Pista de tenis \/ p\u00e1del<\/li>\r\n\t\t\t\t\t\t\t\t\t\t\t\t\t\t\t<li>Servicios cercanos<\/li>\r\n\t\t\t\t\t\t\t\t\t\t\t\t\t\t\t<li>Aire acondicionado<\/li>\r\n\t\t\t\t\t\t\t\t\t\t\t\t\t\t\t<li>Suelos de m\u00e1rmol<\/li>\r\n\t\t\t\t\t\t\t\t\t\t\t\t\t\t\t<li>Cerca del golf<\/li>\r\n\t\t\t\t\t\t\t\t\t\t\t\t\t\t\t<li>S\u00f3tano<\/li>\r\n\t\t\t\t\t\t\t\t\t\t\t\t\t\t\t<li>Sala de invitados<\/li>\r\n\t\t\t\t\t\t\t\t\t\t\t\t\t\t\t<li>Almac\u00e9n<\/li>\r\n\t\t\t\t\t\t\t\t\t\t\t\t\t\t\t<li>Gimnasio<\/li>\r\n\t\t\t\t\t\t\t\t\t\t\t\t\t\t\t<li>Cocina americana<\/li>\r\n\t\t\t\t\t\t\t\t\t\t\t\t\t\t\t<li>Alarma<\/li>\r\n\t\t\t\t\t\t\t\t\t\t\t\t\t\t\t<li>Solarium<\/li>\r\n\t\t\t\t\t\t\t\t\t\t\t\t\t\t\t<li>Entrada de seguridad<\/li>\r\n\t\t\t\t\t\t\t\t\t\t\t\t\t\t\t<li>Balneario - SPA<\/li>\r\n\t\t\t\t\t\t\t\t\t\t\t\t\t\t\t<li>Cristal doble<\/li>\r\n\t\t\t\t\t\t\t\t\t\t\t\t\t\t\t<li>Videoportero<\/li>\r\n\t\t\t\t\t\t\t\t\t\t\t\t\t\t\t<li>Excelente estado<\/li>\r\n\t\t\t\t\t\t\t\t\t\t\t\t\t\t\t<li>Comedor<\/li>\r\n\t\t\t\t\t\t\t\t\t\t\t\t\t\t\t<li>Servicio de seguridad 24h<\/li>\r\n\t\t\t\t\t\t\t\t\t\t\t\t\t\t\t<li>Aseo para invitados<\/li>\r\n\t\t\t\t\t\t\t\t\t\t\t\t\t<\/ul>\r\n\t\t\t\t\t\t<span class=\"wpb--btn-read-more\" id=\"wpb--btn-read-more\" role=\"button\">ver todo<\/span>\r\n\t\t\t\t\t<\/div>\r\n\t\t\t\t\t\t\t<\/div>\r\n\t\t\t\r\n\t\t\t<div class=\"wpb--property-aside\">\r\n\t\t\t\t<div class=\"wpb--property-aside-content\">\r\n\t\t\t\t\t<div class=\"wpb--listerinfo\">\r\n\t\t\t\t\t\t<small>Contacte con nosotros<\/small>\r\n\t\t\t\t\t\t\t\t\t\t\t\t\t<strong>Nieves Calderon<\/strong>\r\n\r\n\t\t\t\t\t\t\t\t\t\t\t\t\t\t\t<a href=\"tel:+34 952 66 90 27\">+34 952 66 90 27<\/a>\r\n\t\t\t\t\t\t\t\t\t\t\t\t\t\t\t<a href=\"mailto:property@lacala.com\">property@lacala.com<\/a>\r\n\t\t\t\t\t\t\t\t\t\t\t\t\t                                            \r\n\t\t\t\t\t<\/div>\r\n\r\n\t\t\t\t\t<form id=\"property_form\" class=\"wpb--property-form\" action=\"localhost\" method=\"POST\" data-contact=\"property_form\" data-lead-sent-ok=\"Su mensaje ha sido enviado.\" data-sitekey=\"6LfM4i4pAAAAADpf70lAASLcjwLgBakROGLEu-pz\">\n\t<input type=\"hidden\" name=\"subject\" value=\"Contacto desde Propiedad 18202\" \/>\n\t<input type=\"hidden\" name=\"g-recaptcha-response\" value=\"\" \/>\n\t\t\t<input type=\"hidden\" name=\"filter\" value=\"sale\" \/>\n\t\t<input type=\"hidden\" name=\"properties\" value=\"681428\" \/>\n\t\t<input type=\"hidden\" name=\"source\" value=\"https:\/\/www.lacala.com\/es\/\"\/>\n\t<input name=\"name\" type=\"text\" autocomplete=\"off\" placeholder=\"Nombre completo\" required data-error=\"Nombre obligatorio\" \/>\n\t<input name=\"email\" type=\"email\" autocomplete=\"off\" placeholder=\"Email\" required data-error=\"Email obligatorio\" \/>\n\t<input name=\"phone\" type=\"tel\" autocomplete=\"off\" placeholder=\"Tel\u00e9fono\" data-error=\"Los n\u00fameros de tel\u00e9fono deben tener entre 8 y 20 d\u00edgitos\" \/>\n\t<input name=\"source\" type=\"hidden\" value=\"https:\/\/www.lacala.com\/es\/wp-json\/wp\/v2\/pages\/44532\" \/>\n\t<textarea name=\"comment\" rows=\"6\">Por favor, enviadme m\u00e1s informaci\u00f3n sobre la ref 18202, Adosado en La Cala Golf Resort, Mijas Costa o propiedades similares.<\/textarea>\n\t\n\t<div class=\"wpb--custom-checkbox\">\n\t\t<input type=\"checkbox\" id=\"property_form-property_form-customCheck1\" name=\"privacy_policy\" required data-error=\"Campo Obligatorio\" \/>\n\t\t<label for=\"property_form-property_form-customCheck1\">Acepto la  <a href=\"\" target=\"_blank\">Pol\u00edtica de privacidad<\/a><\/label>\n\t<\/div>\n\t<div class=\"wpb--custom-checkbox\">\n\t\t<input type=\"checkbox\" id=\"property_form-property_form-customCheck2\" name=\"commercial_information\" \/>\n\t\t<label for=\"property_form-property_form-customCheck2\">Acepto recibir informaci\u00f3n por email<\/label>\n\t<\/div>\n\t<button data-ids=\"property_form\" data-lang=\"es\" class=\"btn wpb--formbutton g-recaptcha\" type=\"submit\"><span id=\"text-send\">Enviar<\/span> <span id=\"spinner-send\"><\/span><\/button>\n\t<p id=\"result\" class=\"wpb--form-msg\"><\/p>\n<\/form>\n\t<script src=\"https:\/\/www.google.com\/recaptcha\/api.js?render=6LfM4i4pAAAAADpf70lAASLcjwLgBakROGLEu-pz&hl=es\"><\/script>\n\t\t\t\t<\/div>\r\n\t\t\t<\/div>\r\n\t\t<\/div>\r\n\t\t\t<div class=\"wpb--property-similar\">\n\t\t<h3>Propiedades Similares<\/h3>\n\t\t<div class=\"wpb--card-container\">\n\t\t\t<div class=\"wpb--card\">\n\t<div class=\"wpb--aspect-box wpb--panoramic\">\n\t\t<a class=\"wpb--stretched-link\" href=\"\/es\/property\/?ag=652&r=200901&l=es&f=sale\">\n\t\t\t\t\t\t\t<img decoding=\"async\" loading=\"lazy\" class=\"wpb--image-fit\" src=\"https:\/\/www.lacala.com\/wp-content\/uploads\/inmoba\/thumb-all-651287.jpg\" alt=\"Estupenda adosada de lujo con 3 dormitorios y jard\u00edn privado\" \/>\n\t\t\t\n\t\t\t\t\t<\/a>\n\t<\/div>\n\t<div class=\"wpb--card-body\">\n\t\t<h4 class=\"wpb--card-title\">\n\t\t\t<a class=\"wpb--stretched-link\" href=\"\/es\/property\/?ag=652&r=200901&l=es&f=sale\">\n\t\t\t\t<small>La Cala Golf Resort - Mijas Costa<\/small>\n\t\t\t\tEstupenda adosada de lujo con 3 dormitorios y jard\u00edn privado<\/a>\n\t\t<\/h4>\n\t\t<div class=\"wpb--card-price\">\n\t\t\t530.000 &euro;\t\t<\/div>\n\t\t<ul class=\"wpb--card-features\">\n\t\t\t\t\t\t\t\t<li>3  Dormitorios<\/li>\n\t\t\t\t\t\t\t\t<li>3  Ba\u00f1os<\/li>\n\t\t\t\t\t\t\t\t<li>85 m&sup2; Plano<\/li>\n\t\t\t\t\t\t\t\t<li>202 m&sup2; Const.<\/li>\n\t\t\t\t\t<\/ul>\n\t\t<span class=\"wpb--card-reference\">200901<\/span>\n\t<\/div>\n<\/div>\n\t\t<\/div>\n\t<\/div>\n\t<\/div>\r\n\n","protected":false},"excerpt":{"rendered":"","protected":false},"author":1,"featured_media":0,"parent":0,"menu_order":29,"comment_status":"close","ping_status":"close","template":"wp-custom-template-landing-real-estate","meta":{"footnotes":""},"class_list":["post-44532","page","type-page","status-publish","hentry"],"_links":{"self":[{"href":"https:\/\/www.lacala.com\/es\/wp-json\/wp\/v2\/pages\/44532","targetHints":{"allow":["GET"]}}],"collection":[{"href":"https:\/\/www.lacala.com\/es\/wp-json\/wp\/v2\/pages"}],"about":[{"href":"https:\/\/www.lacala.com\/es\/wp-json\/wp\/v2\/types\/page"}],"author":[{"embeddable":true,"href":"https:\/\/www.lacala.com\/es\/wp-json\/wp\/v2\/users\/1"}],"replies":[{"embeddable":true,"href":"https:\/\/www.lacala.com\/es\/wp-json\/wp\/v2\/comments?post=44532"}],"version-history":[{"count":0,"href":"https:\/\/www.lacala.com\/es\/wp-json\/wp\/v2\/pages\/44532\/revisions"}],"wp:attachment":[{"href":"https:\/\/www.lacala.com\/es\/wp-json\/wp\/v2\/media?parent=44532"}],"curies":[{"name":"wp","href":"https:\/\/api.w.org\/{rel}","templated":true}]}}