{"id":45118,"date":"2025-01-23T10:04:43","date_gmt":"2025-01-23T10:04:43","guid":{"rendered":"https:\/\/www.lacala.com\/golf\/academy\/instructores\/"},"modified":"2025-04-23T15:30:07","modified_gmt":"2025-04-23T15:30:07","slug":"instructores","status":"publish","type":"page","link":"https:\/\/www.lacala.com\/es\/golf\/academy\/instructores\/","title":{"rendered":"Instructores"},"content":{"rendered":"<!--blockstudio\/banner\/banner-gallery--><section class=\"main-banner-section half-height\">\r\n    <div class=\"main-banner\">\r\n\r\n        <img loading=\"lazy\" decoding=\"async\" width=\"1920\" height=\"624\" src=\"https:\/\/www.lacala.com\/wp-content\/uploads\/2025\/01\/Driving_Range_1-Custom-1920x624.jpg\" class=\"main-banner-file desktop\" alt=\"\">\r\n        <div class=\"banner-overlay\"><\/div>\r\n        <div class=\"main-banner-content\">            \r\n            <h2 class=\"main-banner-title\">Instructores<\/h2>   \r\n             \r\n        <\/div>\r\n       \r\n    <\/div>\r\n<\/section><!--blockstudio\/carousel-landing\/carousel-landing--><div class=\"carousel-landing-illustration\">\r\n<section class=\"carousel-landing\">\r\n\r\n<div\r\ndata-slides=\"[{&quot;title&quot;:&quot;Murdo McCorquodale&quot;,&quot;content&quot;:&quot;&lt;p&gt;&lt;strong&gt;Profesional PGA brit\\u00e1nico y espa\\u00f1ol desde 1991 y 2007 respectivamente.&lt;\\\/strong&gt;&lt;\\\/p&gt;&lt;p&gt;Murdo aporta una gran experiencia a la Academia de Golf, ya que ha jugado golf profesionalmente y ense\\u00f1ado a todos los niveles de golf en Escocia, Alemania, Portugal, Egipto y Espa\\u00f1a durante los \\u00faltimos 25 a\\u00f1os.&lt;\\\/p&gt;&lt;p&gt;Despu\\u00e9s de 10 a\\u00f1os como Director de Golf y Director Profesional en Fuerteventura, Islas Canarias, est\\u00e1 encantado de unirse al equipo de La Cala y tener la oportunidad de trabajar en una instalaci\\u00f3n de golf de clase mundial.&lt;\\\/p&gt;&lt;p&gt;La mayor pasi\\u00f3n de Murdo es ense\\u00f1ar a los ni\\u00f1os y sacar lo mejor de todos los golfistas haci\\u00e9ndoles sentir c\\u00f3modos y a gusto con su clara visi\\u00f3n de c\\u00f3mo se debe jugar el juego.&lt;\\\/p&gt;&lt;p&gt;&lt;em&gt;Instructor certificado por TPI, entrenador de psicolog\\u00eda del golf, instructor de golf SNAG.&lt;\\\/em&gt;&lt;br&gt;&lt;em&gt;V\\u00eddeoan\\u00e1lisis personalizado: Sistema de Coaching Digital V1 Pro.&lt;\\\/em&gt;&lt;br&gt;&lt;em&gt;Putt y fitting avanzado: SAM Putt Lab 5.&lt;\\\/em&gt;&lt;br&gt;&lt;em&gt;An\\u00e1lisis de ajuste e impacto: FlightScope Xi+, GC2.&lt;\\\/em&gt;&lt;\\\/p&gt;&lt;p&gt;&lt;em&gt;Idiomas: Ingl\\u00e9s, Espa\\u00f1ol y Alem\\u00e1n.&lt;\\\/em&gt;&lt;\\\/p&gt;&quot;,&quot;image&quot;:false,&quot;item-01-link&quot;:false,&quot;item-02-link&quot;:false},{&quot;title&quot;:&quot;Pilar Scenna&quot;,&quot;content&quot;:&quot;&lt;p&gt;&lt;strong&gt;PGA GOLF PRO&lt;\\\/strong&gt;&lt;\\\/p&gt;&lt;p&gt;Nacida en Argentina y criada en la provincia de M\\u00e1laga, cuenta con m\\u00e1s de 17 a\\u00f1os de experiencia en golf. Descubri\\u00f3 su pasi\\u00f3n por el golf de ni\\u00f1a y a los 10 a\\u00f1os gan\\u00f3 la Copa Andaluc\\u00eda. Posteriormente, cosech\\u00f3 \\u00e9xitos en otras competiciones, incluyendo el torneo de Pitch &amp; Putt del Campeonato de Espa\\u00f1a. Estudi\\u00f3 en Estados Unidos con una beca de golf y fue nombrada \\&quot;Freshman del A\\u00f1o\\&quot;, adem\\u00e1s de ser galardonada por su rendimiento acad\\u00e9mico y golf\\u00edstico. Tras regresar a Espa\\u00f1a, se ha centrado en ofrecer clases de golf personalizadas. Afirma: \\&quot;Mi enfoque de ense\\u00f1anza es muy personalizado, y una de mis especialidades es ense\\u00f1ar a mis alumnos a encontrar su propio swing, lo cual es clave\\&quot;.     &lt;\\\/p&gt;&lt;p&gt;&lt;em&gt;Idiomas: Ingl\\u00e9s y Espa\\u00f1ol.&lt;\\\/em&gt;&lt;\\\/p&gt;&quot;,&quot;image&quot;:false,&quot;item-01-link&quot;:false,&quot;item-02-link&quot;:false}]\" data-carousel-settings-group-carousel-settings-autoplay-speed=\"2000\" data-carousel-settings-group-carousel-settings-gradient-slide=\"1\" data-carousel-settings-group-carousel-settings-gradient=\"1\" class=\"carousel-landing-container js-carousel-landing-slick\"\r\ndata-autoplay=\"false\"\r\ndata-autoplay-speed=\"2000\"\r\n>\t\r\n\r\n\t\t\t\t\t\t<div class=\"carousel-landing-item \">\r\n\t\t\t\t<div class=\"carousel-landing-item-image \">\r\n\t\t\t\t\t<img loading=\"lazy\" decoding=\"async\" width=\"48\" height=\"64\" src=\"https:\/\/www.lacala.com\/wp-includes\/images\/media\/default.svg\" class=\"attachment-carouselLanding size-carouselLanding\" alt=\"\" \/>\t\t\t\t<\/div>\r\n\t\t\t\t<div class=\"carousel-landing-item-content \">\r\n\t\t\t\t\t\t\t\t\t\t<div class=\"carousel-landing-item-titles\">\r\n\t\t\t\t\t\t<h3 class=\"carousel-landing-title\">Murdo McCorquodale<\/h3>\r\n\t\t\t\t\t<\/div>\r\n\t\t\t\t\t\t\t\t\t\t\t\t\t\t\t<div class=\"carousel-landing-item-subtitle\">\r\n\t\t\t\t\t\t<p><strong>Profesional PGA brit\u00e1nico y espa\u00f1ol desde 1991 y 2007 respectivamente.<\/strong><\/p><p>Murdo aporta una gran experiencia a la Academia de Golf, ya que ha jugado golf profesionalmente y ense\u00f1ado a todos los niveles de golf en Escocia, Alemania, Portugal, Egipto y Espa\u00f1a durante los \u00faltimos 25 a\u00f1os.<\/p><p>Despu\u00e9s de 10 a\u00f1os como Director de Golf y Director Profesional en Fuerteventura, Islas Canarias, est\u00e1 encantado de unirse al equipo de La Cala y tener la oportunidad de trabajar en una instalaci\u00f3n de golf de clase mundial.<\/p><p>La mayor pasi\u00f3n de Murdo es ense\u00f1ar a los ni\u00f1os y sacar lo mejor de todos los golfistas haci\u00e9ndoles sentir c\u00f3modos y a gusto con su clara visi\u00f3n de c\u00f3mo se debe jugar el juego.<\/p><p><em>Instructor certificado por TPI, entrenador de psicolog\u00eda del golf, instructor de golf SNAG.<\/em><br><em>V\u00eddeoan\u00e1lisis personalizado: Sistema de Coaching Digital V1 Pro.<\/em><br><em>Putt y fitting avanzado: SAM Putt Lab 5.<\/em><br><em>An\u00e1lisis de ajuste e impacto: FlightScope Xi+, GC2.<\/em><\/p><p><em>Idiomas: Ingl\u00e9s, Espa\u00f1ol y Alem\u00e1n.<\/em><\/p>\t\t\t\t\t<\/div>\r\n\t\t\t\t\t\t\t\t\t\t\r\n\t\t\t\t\t\t\t\t\t\t\r\n\t\t\t\t<\/div>\r\n\t\t\t<\/div>\r\n\r\n\t\t\t\t\t\t<div class=\"carousel-landing-item \">\r\n\t\t\t\t<div class=\"carousel-landing-item-image \">\r\n\t\t\t\t\t<img loading=\"lazy\" decoding=\"async\" width=\"48\" height=\"64\" src=\"https:\/\/www.lacala.com\/wp-includes\/images\/media\/default.svg\" class=\"attachment-carouselLanding size-carouselLanding\" alt=\"\" \/>\t\t\t\t<\/div>\r\n\t\t\t\t<div class=\"carousel-landing-item-content \">\r\n\t\t\t\t\t\t\t\t\t\t<div class=\"carousel-landing-item-titles\">\r\n\t\t\t\t\t\t<h3 class=\"carousel-landing-title\">Pilar Scenna<\/h3>\r\n\t\t\t\t\t<\/div>\r\n\t\t\t\t\t\t\t\t\t\t\t\t\t\t\t<div class=\"carousel-landing-item-subtitle\">\r\n\t\t\t\t\t\t<p><strong>PGA GOLF PRO<\/strong><\/p><p>Nacida en Argentina y criada en la provincia de M\u00e1laga, cuenta con m\u00e1s de 17 a\u00f1os de experiencia en golf. Descubri\u00f3 su pasi\u00f3n por el golf de ni\u00f1a y a los 10 a\u00f1os gan\u00f3 la Copa Andaluc\u00eda. Posteriormente, cosech\u00f3 \u00e9xitos en otras competiciones, incluyendo el torneo de Pitch &amp; Putt del Campeonato de Espa\u00f1a. Estudi\u00f3 en Estados Unidos con una beca de golf y fue nombrada \u00abFreshman del A\u00f1o\u00bb, adem\u00e1s de ser galardonada por su rendimiento acad\u00e9mico y golf\u00edstico. Tras regresar a Espa\u00f1a, se ha centrado en ofrecer clases de golf personalizadas. Afirma: \u00abMi enfoque de ense\u00f1anza es muy personalizado, y una de mis especialidades es ense\u00f1ar a mis alumnos a encontrar su propio swing, lo cual es clave\u00bb.     <\/p><p><em>Idiomas: Ingl\u00e9s y Espa\u00f1ol.<\/em><\/p>\t\t\t\t\t<\/div>\r\n\t\t\t\t\t\t\t\t\t\t\r\n\t\t\t\t\t\t\t\t\t\t\r\n\t\t\t\t<\/div>\r\n\t\t\t<\/div>\r\n\r\n\t\t\t\t\t\r\n<\/div>\r\n<\/section>\r\n<\/div><!--blockstudio\/full-width\/full-width-one--><section class=\"fullwidth-section\">\r\n    <div class=\"fullwidth-image-wrap\">\r\n        <img loading=\"lazy\" decoding=\"async\" width=\"1665\" height=\"455\" src=\"https:\/\/www.lacala.com\/wp-content\/uploads\/2025\/02\/parallax-lacalaplus-1665x455.webp\" class=\"fullwidth-image\" alt=\"\" \/>    <\/div>\r\n    <div class=\"fullwidth-content\">\r\n        <div class=\"fullwidth-content-wrap\">\r\n            <div class=\"fullwidth-logo-wrap\">\r\n                <img loading=\"lazy\" decoding=\"async\" width=\"508\" height=\"160\" src=\"https:\/\/www.lacala.com\/wp-content\/uploads\/2025\/02\/logo-lacalaplus.png\" class=\"fullwidth-logo\" alt=\"\" srcset=\"https:\/\/www.lacala.com\/wp-content\/uploads\/2025\/02\/logo-lacalaplus.png 508w, https:\/\/www.lacala.com\/wp-content\/uploads\/2025\/02\/logo-lacalaplus-300x94.png 300w\" sizes=\"auto, (max-width: 508px) 100vw, 508px\" \/>            <\/div>\r\n            <div class=\"fullwidth-text\">\r\n                <div class=\"fullwidth-text-01\">Porque jugar al Golf en La Cala Resort tiene Recompensa\u2026<\/div>\r\n                <div class=\"fullwidth-text-02\">Juega al golf y consigue Green Fees GRATIS<\/div>\r\n            <\/div>\r\n                            <a class=\"fullwidth-cta main-btn\" href=\"https:\/\/www.lacala.com\/es\/golf\/la-cala-plus\/\" target=\"\">Explora La Cala Plus<\/a>\r\n                    <\/div>\r\n    <\/div>\r\n<\/section><!--blockstudio\/full-width\/location--><section class=\"fullwidth-two-section\">\r\n    <div class=\"fullwidth-two-image-wrap\">\r\n        <img loading=\"lazy\" decoding=\"async\" width=\"1920\" height=\"455\" src=\"https:\/\/www.lacala.com\/wp-content\/uploads\/2024\/12\/map_desktop_lcr_full-1920x455.png\" class=\"fullwidth-two-image\" alt=\"\" srcset=\"https:\/\/www.lacala.com\/wp-content\/uploads\/2024\/12\/map_desktop_lcr_full-1920x455.png 1920w, https:\/\/www.lacala.com\/wp-content\/uploads\/2024\/12\/map_desktop_lcr_full-300x71.png 300w, https:\/\/www.lacala.com\/wp-content\/uploads\/2024\/12\/map_desktop_lcr_full-1024x243.png 1024w, https:\/\/www.lacala.com\/wp-content\/uploads\/2024\/12\/map_desktop_lcr_full-768x182.png 768w, https:\/\/www.lacala.com\/wp-content\/uploads\/2024\/12\/map_desktop_lcr_full-1536x364.png 1536w, https:\/\/www.lacala.com\/wp-content\/uploads\/2024\/12\/map_desktop_lcr_full.png 2000w\" sizes=\"auto, (max-width: 1920px) 100vw, 1920px\">    <\/div>\r\n    <div class=\"fullwidth-two-content\">\r\n            <div class=\"fullwidth-two-logo-wrap\">\r\n                <img loading=\"lazy\" decoding=\"async\" width=\"300\" height=\"267\" src=\"https:\/\/www.lacala.com\/wp-content\/uploads\/2025\/03\/map-icon-1.png\" class=\"fullwidth-two-logo\" alt=\"\">            <\/div>\r\n            <div class=\"fullwidth-two-text-content\">\r\n                <h3 class=\"fullwidth-two-title\">Localizaci&oacute;n<\/h3>\r\n                <p class=\"fullwidth-two-text\">C. Mirador del Golf, 1, 29649 La Cala de Mijas, M&aacute;laga, Spain <br>Email: <a href=\"mailto:academia@lacala.com\"><\/a><a href=\"mailto:academia@lacala.com\" target=\"_blank\" rel=\"noreferrer noopener\">academia<\/a>@lacala.com<br>Tel: <a href=\"tel:0034952669000\">(+34) 952 669 037<\/a><\/p>\r\n            <\/div>\r\n                            <a class=\"fullwidth-two-cta main-btn\" href=\"https:\/\/maps.app.goo.gl\/HEnmvYuunFpr89HT9\" target=\"\" rel=\"noopener\">\r\n                Localizaci&oacute;n<\/a>\r\n                <\/div>\r\n<\/section>","protected":false},"excerpt":{"rendered":"","protected":false},"author":5,"featured_media":0,"parent":43820,"menu_order":7,"comment_status":"closed","ping_status":"closed","template":"wp-custom-template-inside","meta":{"footnotes":""},"class_list":["post-45118","page","type-page","status-publish","hentry"],"_links":{"self":[{"href":"https:\/\/www.lacala.com\/es\/wp-json\/wp\/v2\/pages\/45118","targetHints":{"allow":["GET"]}}],"collection":[{"href":"https:\/\/www.lacala.com\/es\/wp-json\/wp\/v2\/pages"}],"about":[{"href":"https:\/\/www.lacala.com\/es\/wp-json\/wp\/v2\/types\/page"}],"author":[{"embeddable":true,"href":"https:\/\/www.lacala.com\/es\/wp-json\/wp\/v2\/users\/5"}],"replies":[{"embeddable":true,"href":"https:\/\/www.lacala.com\/es\/wp-json\/wp\/v2\/comments?post=45118"}],"version-history":[{"count":0,"href":"https:\/\/www.lacala.com\/es\/wp-json\/wp\/v2\/pages\/45118\/revisions"}],"up":[{"embeddable":true,"href":"https:\/\/www.lacala.com\/es\/wp-json\/wp\/v2\/pages\/43820"}],"wp:attachment":[{"href":"https:\/\/www.lacala.com\/es\/wp-json\/wp\/v2\/media?parent=45118"}],"curies":[{"name":"wp","href":"https:\/\/api.w.org\/{rel}","templated":true}]}}