{"id":45302,"date":"2025-02-07T12:10:41","date_gmt":"2025-02-07T12:10:41","guid":{"rendered":"https:\/\/www.lacala.com\/?page_id=45302"},"modified":"2025-04-23T15:23:49","modified_gmt":"2025-04-23T15:23:49","slug":"belaria-adosadas","status":"publish","type":"page","link":"https:\/\/www.lacala.com\/es\/belaria-adosadas\/","title":{"rendered":"Belaria Adosadas"},"content":{"rendered":"<!--blockstudio\/banner\/banner-gallery--><section class=\"main-banner-section half-height\">\r\n    <div class=\"main-banner\">\r\n\r\n                      <div class=\"main-banner-gallery js-main-banner-slick\">\r\n                                                  <div class=\"swiper-slide\"><img loading=\"lazy\" decoding=\"async\" width=\"1920\" height=\"1080\" src=\"https:\/\/www.lacala.com\/wp-content\/uploads\/2025\/03\/BELARIA03-1920x1080.jpg\" class=\"attachment-bannerDesktop size-bannerDesktop\" alt=\"\"><\/div>\r\n                                          <\/div>\r\n            \r\n        <div class=\"banner-overlay\"><\/div>\r\n        <div class=\"main-banner-content\">            \r\n            <h2 class=\"main-banner-title\">Belaria Adosadas<\/h2>   \r\n             \r\n        <\/div>\r\n       \r\n    <\/div>\r\n<\/section><!--blockstudio\/primary-content-inside\/primary-content-inside--><div class=\"primary-content-wrap\">\r\n    <section class=\"breadcrumb-container\">\r\n        <div class=\"breadcrumbs\" xmlns:v=\"http:\/\/rdf.data-vocabulary.org\/#\"><a href=\"https:\/\/www.lacala.com\/es\/\" rel=\"v:url\" property=\"v:title\">Home<\/a> \/ <span class=\"current\">P&aacute;gina<\/span><\/div><!-- .breadcrumbs -->    <\/section>\r\n    \r\n    <section class=\"primary-content-section \">\r\n        <div class=\"primary-content no-image\">\r\n                        <div class=\"primary-text main-cont-txt\"><p><strong>Belaria, Adosados a estrenar en venta en La Cala Golf Resort, Mijas, Costa del Sol<\/strong><\/p><p>Belaria ofrece una colecci&oacute;n de 21 adosados &uacute;nicos de 3 dormitorios en venta, situados en La Cala Golf Resort en Mijas, Costa del Sol. La urbanizaci&oacute;n cuenta con impresionantes vistas panor&aacute;micas al mar, a los campos de golf y al valle de Mijas. Las casas se distribuyen en dos niveles, complementados por un s&oacute;tano que incluye un garaje privado y un exquisito solarium. Las viviendas est&aacute;n construidas con los m&aacute;s altos est&aacute;ndares, con dise&ntilde;os contempor&aacute;neos que combinan a la perfecci&oacute;n con el encantador estilo andaluz. Adem&aacute;s, la promoci&oacute;n incorpora las &uacute;ltimas tecnolog&iacute;as energ&eacute;ticas renovables y sostenibles, lo que se traduce en un certificado &laquo;A&raquo; de eficiencia.    <\/p><p>Cada casa ofrece la oportunidad de instalar un ascensor privado interior. Adem&aacute;s, las propiedades est&aacute;n situadas dentro de una exclusiva comunidad cerrada con jardines y una impresionante piscina, por lo que es el lugar ideal para disfrutar del estilo de vida que la Costa del Sol tiene para ofrecer. Belaria presenta una oportunidad &uacute;nica para seleccionar su casa de vacaciones preferida, residencia principal o propiedad de inversi&oacute;n.  <\/p>                <div class=\"table-wrapper\"><\/div>\r\n            <\/div>\r\n            \r\n                        <div class=\"primary-tagline\"><span class=\"primary-tagline-line-before\"><\/span>&iexcl;VENDIDO!<span class=\"primary-tagline-line-after\"><\/span><\/div>\r\n            \r\n\r\n\r\n            \r\n        <\/div>\r\n            <\/section>\r\n<\/div><!--blockstudio\/secondary-content\/secondary-content--><section class=\"secondary-content\">\r\n<div class=\"secondary-content-wrap\">    \r\n    <div class=\"secondary-content-content\">\r\n                    <h3 class=\"secondary-content-title\">Ubicaci\u00f3n<\/h3>\r\n                <div class=\"secondary-content-text\">\r\n            <p>La Cala Resort ofrece una amplia gama de instalaciones de ocio y deportivas, que se adaptan a las preferencias de cada persona, haciendo que cada d\u00eda sea perfecto. Estas instalaciones incluyen la pr\u00e1ctica de sus deportes favoritos, relajarse en el galardonado spa, saborear la cocina mediterr\u00e1nea que ofrecen varios restaurantes, o simplemente disfrutar de las espectaculares vistas desde su terraza bajo el sol espa\u00f1ol. <\/p><p>La Cala de Mijas est\u00e1 convenientemente situada entre Marbella y Fuengirola, con el aeropuerto internacional de M\u00e1laga a s\u00f3lo 30 minutos. Adem\u00e1s, las tiendas y playas de la ciudad se encuentran a un corto trayecto en coche, mientras que las propiedades ofrecen la tranquilidad de un entorno natural. <\/p><p>Belaria es el proyecto que satisface todos sus deseos, \u00a1presentando una oportunidad para vivir la vida con la que siempre ha so\u00f1ado!<\/p><p><strong>21 Unidades &#8211; Vendido &#8211; Fecha de finalizaci\u00f3n SEPTIEMBRE 2025<\/strong><\/p><p><a target=\"_self\" rel=\"nofollow\" href=\"https:\/\/www.lacala.com\/residential\/completed-developments\/belaria-townhouses\/\">Memoria de calidades<\/a><\/p>                    <\/div>\r\n    <\/div>\r\n    <div class=\"secondary-content-image\">\r\n        <img loading=\"lazy\" decoding=\"async\" width=\"713\" height=\"500\" src=\"https:\/\/www.lacala.com\/wp-content\/uploads\/2025\/03\/C1_Belaria-townhouses-La-Cala-Golf-aerial_Mar-3_2-713x500.jpg\" class=\"secondary-content-img\" alt=\"\" \/>    <\/div>\r\n<\/div>\r\n<\/section><!--blockstudio\/gallery\/gallery--><section class=\"inside-gallery\">\r\n    <div class=\"inside-gallery-header\">\r\n        <h2 class=\"inside-gallery-title\">Gallery<\/h2> \r\n        <div class=\"inside-gallery-cta\">\r\n         \r\n        <\/div>\r\n    <\/div>\r\n\r\n        <div class=\"inside-gallery-widget js-gallery-lightg js-inside-gallery-slick\" id=\"main-gallery\">\r\n        \r\n                <a href=\"https:\/\/www.lacala.com\/wp-content\/uploads\/2025\/03\/BELARIA04.jpg\" class=\"inside-gallery-item\"> \r\n            <div class=\"gallery-item-image\">\r\n                <img loading=\"lazy\" decoding=\"async\" width=\"400\" height=\"400\" src=\"https:\/\/www.lacala.com\/wp-content\/uploads\/2025\/03\/BELARIA04-400x400.jpg\" class=\"gallery-image\" alt=\"\" srcset=\"https:\/\/www.lacala.com\/wp-content\/uploads\/2025\/03\/BELARIA04-400x400.jpg 400w, https:\/\/www.lacala.com\/wp-content\/uploads\/2025\/03\/BELARIA04-150x150.jpg 150w, https:\/\/www.lacala.com\/wp-content\/uploads\/2025\/03\/BELARIA04-50x50.jpg 50w\" sizes=\"auto, (max-width: 400px) 100vw, 400px\">            <\/div>\r\n        <\/a>\r\n                <a href=\"https:\/\/www.lacala.com\/wp-content\/uploads\/2025\/03\/B1_Belaria-townhouses-La-Cala-Golf-salon_Mar-23.jpg\" class=\"inside-gallery-item\"> \r\n            <div class=\"gallery-item-image\">\r\n                <img loading=\"lazy\" decoding=\"async\" width=\"400\" height=\"400\" src=\"https:\/\/www.lacala.com\/wp-content\/uploads\/2025\/03\/B1_Belaria-townhouses-La-Cala-Golf-salon_Mar-23-400x400.jpg\" class=\"gallery-image\" alt=\"\" srcset=\"https:\/\/www.lacala.com\/wp-content\/uploads\/2025\/03\/B1_Belaria-townhouses-La-Cala-Golf-salon_Mar-23-400x400.jpg 400w, https:\/\/www.lacala.com\/wp-content\/uploads\/2025\/03\/B1_Belaria-townhouses-La-Cala-Golf-salon_Mar-23-150x150.jpg 150w, https:\/\/www.lacala.com\/wp-content\/uploads\/2025\/03\/B1_Belaria-townhouses-La-Cala-Golf-salon_Mar-23-50x50.jpg 50w\" sizes=\"auto, (max-width: 400px) 100vw, 400px\">            <\/div>\r\n        <\/a>\r\n                <a href=\"https:\/\/www.lacala.com\/wp-content\/uploads\/2025\/03\/B3_Belaria-townhouses-La-Cala-Golf-salon_Mar-23.jpg\" class=\"inside-gallery-item\"> \r\n            <div class=\"gallery-item-image\">\r\n                <img loading=\"lazy\" decoding=\"async\" width=\"400\" height=\"400\" src=\"https:\/\/www.lacala.com\/wp-content\/uploads\/2025\/03\/B3_Belaria-townhouses-La-Cala-Golf-salon_Mar-23-400x400.jpg\" class=\"gallery-image\" alt=\"\" srcset=\"https:\/\/www.lacala.com\/wp-content\/uploads\/2025\/03\/B3_Belaria-townhouses-La-Cala-Golf-salon_Mar-23-400x400.jpg 400w, https:\/\/www.lacala.com\/wp-content\/uploads\/2025\/03\/B3_Belaria-townhouses-La-Cala-Golf-salon_Mar-23-150x150.jpg 150w, https:\/\/www.lacala.com\/wp-content\/uploads\/2025\/03\/B3_Belaria-townhouses-La-Cala-Golf-salon_Mar-23-50x50.jpg 50w\" sizes=\"auto, (max-width: 400px) 100vw, 400px\">            <\/div>\r\n        <\/a>\r\n                <a href=\"https:\/\/www.lacala.com\/wp-content\/uploads\/2025\/03\/C1_Belaria-townhouses-La-Cala-Golf-aerial_Mar-3_2.jpg\" class=\"inside-gallery-item\"> \r\n            <div class=\"gallery-item-image\">\r\n                <img loading=\"lazy\" decoding=\"async\" width=\"400\" height=\"400\" src=\"https:\/\/www.lacala.com\/wp-content\/uploads\/2025\/03\/C1_Belaria-townhouses-La-Cala-Golf-aerial_Mar-3_2-400x400.jpg\" class=\"gallery-image\" alt=\"\" srcset=\"https:\/\/www.lacala.com\/wp-content\/uploads\/2025\/03\/C1_Belaria-townhouses-La-Cala-Golf-aerial_Mar-3_2-400x400.jpg 400w, https:\/\/www.lacala.com\/wp-content\/uploads\/2025\/03\/C1_Belaria-townhouses-La-Cala-Golf-aerial_Mar-3_2-150x150.jpg 150w, https:\/\/www.lacala.com\/wp-content\/uploads\/2025\/03\/C1_Belaria-townhouses-La-Cala-Golf-aerial_Mar-3_2-50x50.jpg 50w\" sizes=\"auto, (max-width: 400px) 100vw, 400px\">            <\/div>\r\n        <\/a>\r\n                <a href=\"https:\/\/www.lacala.com\/wp-content\/uploads\/2025\/03\/B2_Belaria-townhouses-La-Cala-Golf-salon_Mar-23.jpg\" class=\"inside-gallery-item\"> \r\n            <div class=\"gallery-item-image\">\r\n                <img loading=\"lazy\" decoding=\"async\" width=\"400\" height=\"400\" src=\"https:\/\/www.lacala.com\/wp-content\/uploads\/2025\/03\/B2_Belaria-townhouses-La-Cala-Golf-salon_Mar-23-400x400.jpg\" class=\"gallery-image\" alt=\"\" srcset=\"https:\/\/www.lacala.com\/wp-content\/uploads\/2025\/03\/B2_Belaria-townhouses-La-Cala-Golf-salon_Mar-23-400x400.jpg 400w, https:\/\/www.lacala.com\/wp-content\/uploads\/2025\/03\/B2_Belaria-townhouses-La-Cala-Golf-salon_Mar-23-150x150.jpg 150w, https:\/\/www.lacala.com\/wp-content\/uploads\/2025\/03\/B2_Belaria-townhouses-La-Cala-Golf-salon_Mar-23-50x50.jpg 50w\" sizes=\"auto, (max-width: 400px) 100vw, 400px\">            <\/div>\r\n        <\/a>\r\n                <a href=\"https:\/\/www.lacala.com\/wp-content\/uploads\/2025\/03\/BELARIA05.jpg\" class=\"inside-gallery-item\"> \r\n            <div class=\"gallery-item-image\">\r\n                <img loading=\"lazy\" decoding=\"async\" width=\"400\" height=\"400\" src=\"https:\/\/www.lacala.com\/wp-content\/uploads\/2025\/03\/BELARIA05-400x400.jpg\" class=\"gallery-image\" alt=\"\" srcset=\"https:\/\/www.lacala.com\/wp-content\/uploads\/2025\/03\/BELARIA05-400x400.jpg 400w, https:\/\/www.lacala.com\/wp-content\/uploads\/2025\/03\/BELARIA05-150x150.jpg 150w, https:\/\/www.lacala.com\/wp-content\/uploads\/2025\/03\/BELARIA05-50x50.jpg 50w\" sizes=\"auto, (max-width: 400px) 100vw, 400px\">            <\/div>\r\n        <\/a>\r\n        \r\n    <\/div>\r\n     \r\n<\/section><!--blockstudio\/full-width\/full-width-one--><section class=\"fullwidth-section with-gradient\">\r\n    <div class=\"fullwidth-image-wrap\">\r\n        <img loading=\"lazy\" decoding=\"async\" width=\"1920\" height=\"455\" src=\"https:\/\/www.lacala.com\/wp-content\/uploads\/2025\/01\/14TH_ASIA-1-Custom-1920x455.jpg\" class=\"fullwidth-image\" alt=\"\" \/>    <\/div>\r\n    <div class=\"fullwidth-content\">\r\n        <div class=\"fullwidth-content-wrap\">\r\n            <div class=\"fullwidth-logo-wrap\">\r\n                            <\/div>\r\n            <div class=\"fullwidth-text\">\r\n                <div class=\"fullwidth-text-01\">Tarjeta de Privilegios<\/div>\r\n                <div class=\"fullwidth-text-02\">La Cala \u00abPrivilege Card\u00bb ofrece al titular una serie de descuentos en las distintas instalaciones de La Cala Resort.<\/div>\r\n            <\/div>\r\n                            <a class=\"fullwidth-cta main-btn\" href=\"https:\/\/www.lacala.com\/es\/real-estate\/the-privilege-card\/\" target=\"\">Saber m\u00e1s<\/a>\r\n                    <\/div>\r\n    <\/div>\r\n<\/section><!--blockstudio\/full-width\/location--><section class=\"fullwidth-two-section\">\r\n    <div class=\"fullwidth-two-image-wrap\">\r\n        <img loading=\"lazy\" decoding=\"async\" width=\"1920\" height=\"455\" src=\"https:\/\/www.lacala.com\/wp-content\/uploads\/2024\/12\/map_desktop_lcr_full-1920x455.png\" class=\"fullwidth-two-image\" alt=\"\" srcset=\"https:\/\/www.lacala.com\/wp-content\/uploads\/2024\/12\/map_desktop_lcr_full-1920x455.png 1920w, https:\/\/www.lacala.com\/wp-content\/uploads\/2024\/12\/map_desktop_lcr_full-300x71.png 300w, https:\/\/www.lacala.com\/wp-content\/uploads\/2024\/12\/map_desktop_lcr_full-1024x243.png 1024w, https:\/\/www.lacala.com\/wp-content\/uploads\/2024\/12\/map_desktop_lcr_full-768x182.png 768w, https:\/\/www.lacala.com\/wp-content\/uploads\/2024\/12\/map_desktop_lcr_full-1536x364.png 1536w, https:\/\/www.lacala.com\/wp-content\/uploads\/2024\/12\/map_desktop_lcr_full.png 2000w\" sizes=\"auto, (max-width: 1920px) 100vw, 1920px\">    <\/div>\r\n    <div class=\"fullwidth-two-content\">\r\n            <div class=\"fullwidth-two-logo-wrap\">\r\n                <img loading=\"lazy\" decoding=\"async\" width=\"300\" height=\"267\" src=\"https:\/\/www.lacala.com\/wp-content\/uploads\/2025\/03\/map-icon-1.png\" class=\"fullwidth-two-logo\" alt=\"\">            <\/div>\r\n            <div class=\"fullwidth-two-text-content\">\r\n                <h3 class=\"fullwidth-two-title\">Localizaci&oacute;n<\/h3>\r\n                <p class=\"fullwidth-two-text\">C. Mirador del Golf, 1, 29649 La Cala de Mijas, M&aacute;laga, Spain <br>Email: <a href=\"mailto:realestate@lacala.com\">realestate@lacala.com<\/a><br>Tel: <a href=\"tel:0034952669027\">(+34) 952 669 027<\/a><\/p>\r\n            <\/div>\r\n                            <a class=\"fullwidth-two-cta main-btn\" href=\"https:\/\/maps.app.goo.gl\/HEnmvYuunFpr89HT9\" target=\"\" rel=\"noopener\">\r\n                Localizaci&oacute;n<\/a>\r\n                <\/div>\r\n<\/section>","protected":false},"excerpt":{"rendered":"","protected":false},"author":4,"featured_media":0,"parent":0,"menu_order":5,"comment_status":"closed","ping_status":"closed","template":"wp-custom-template-inside-real-estate","meta":{"footnotes":""},"class_list":["post-45302","page","type-page","status-publish","hentry"],"_links":{"self":[{"href":"https:\/\/www.lacala.com\/es\/wp-json\/wp\/v2\/pages\/45302","targetHints":{"allow":["GET"]}}],"collection":[{"href":"https:\/\/www.lacala.com\/es\/wp-json\/wp\/v2\/pages"}],"about":[{"href":"https:\/\/www.lacala.com\/es\/wp-json\/wp\/v2\/types\/page"}],"author":[{"embeddable":true,"href":"https:\/\/www.lacala.com\/es\/wp-json\/wp\/v2\/users\/4"}],"replies":[{"embeddable":true,"href":"https:\/\/www.lacala.com\/es\/wp-json\/wp\/v2\/comments?post=45302"}],"version-history":[{"count":0,"href":"https:\/\/www.lacala.com\/es\/wp-json\/wp\/v2\/pages\/45302\/revisions"}],"wp:attachment":[{"href":"https:\/\/www.lacala.com\/es\/wp-json\/wp\/v2\/media?parent=45302"}],"curies":[{"name":"wp","href":"https:\/\/api.w.org\/{rel}","templated":true}]}}