{"id":45792,"date":"2025-03-21T10:09:01","date_gmt":"2025-03-21T10:09:01","guid":{"rendered":"https:\/\/www.lacala.com\/property\/"},"modified":"2026-02-13T13:18:02","modified_gmt":"2026-02-13T13:18:02","slug":"property","status":"publish","type":"page","link":"https:\/\/www.lacala.com\/es\/property\/","title":{"rendered":"Property"},"content":{"rendered":"\t<div class=\"wpb--container\" id=\"wpb__style_container\">\t\r\n\t\t<style>\r\n\t\t\thtml {\r\n\t\t\t\tscroll-behavior: smooth;\r\n\t\t\t}\r\n\r\n\t\t\tbody {\r\n\t\t\t\toverflow-x: visible;\r\n\t\t\t}\r\n\r\n\t\t\tbody>.wrapper:not(.et-fb-iframe-ancestor) {\r\n\t\t\t\toverflow: visible;\r\n\t\t\t}\r\n\t\t<\/style>\r\n\t\t<div class=\"wpb--property-images\">\n\t<div class=\"wpb--aspect-box wpb--panoramic wpb--lg-normal\">\n\t\t<a class=\"wpb--stretched-link\" href=\"https:\/\/media.inmobalia.com\/imgV1\/B98Le8~d7M9k3DegpEFZhS0lI_F8U4XZVz~HWxt~mGgYekxX9nCAxh0ZjtE2u9zqepXEUrVLqfm8KeIGW6Gtyd4X99d_a7kcwdoJVS0NTvDYGlVVn5LG4flpCKbqkyQLI8jmwvU~~6mAgxbdFydEVhDNDXKycSAreQ--.jpg\" data-fancybox=\"gallery\" target=\"_blank\" rel=\"noopener\">\n\t\t\t<img decoding=\"async\" class=\"wpb--image-fit\" src=\"https:\/\/media.inmobalia.com\/imgV1\/B98Le8~d7M9k3DegpEFZhS0lI_F8U4XZVz~HWxt~mGgYekxX9nCAxh0ZjtE2u9zqepXEUrVLqfm8KeIGW6Gtyd4X99d_a7kcwdoJVS0NTvDYGlVVn5LG4flpCKbqkyQLI8jmwvU~~6mAgxbdFydEVhDNDXKycSAreQ--.jpg\" alt=\"Impresionante apartamento de 3 habitaciones en la primera planta\">\n\t\t<\/a>\n\t<\/div>\n\t<div class=\"wpb--property-image-column d-flex flex-row flex-lg-column position-relative second-images\">\n\t\t\t\t\t\t<a class=\"wpb--square-image wpb--stretched-link\" href=\"https:\/\/media.inmobalia.com\/imgV1\/B98Le8~d7M9k3DegpEFZhS0lI_F8U4XZVz~HWxt~mGgYekxX9nCAxh0ZjtE2u9zqepXEUrVLqfm8KeIGW6Gtyd4X99d_a7kcwdoJVS0NTvDYGYfeheSwjFOhc_LZTD7IhB6t~PTseVbO3ijLIeC~J98csWJToU0h7w--.jpg\" data-fancybox=\"gallery\" target=\"_blank\" rel=\"noopener\">\n\t\t\t\t\t<img decoding=\"async\" class=\"wpb--image-fit\" src=\"\/wp-content\/plugins\/inmobaliaplugin\/image.php?u=B98Le8~d7M9k3DegpEFZhS0lI_F8U4XZVz~HWxt~mGgYekxX9nCAxh0ZjtE2u9zqepXEUrVLqfm8KeIGW6Gtyd4X99d_a7kcwdoJVS0NTvDYGYfeheSwjFOhc_LZTD7IhB6t~PTseVbO3ijLIeC~J98csWJToU0h7w--&i=698235-0&s=400\" alt=\"Impresionante apartamento de 3 habitaciones en la primera planta\">\n\t\t\t\t<\/a>\n\t\t\t\t\t\t\t<a class=\"wpb--square-image wpb--stretched-link\" href=\"https:\/\/media.inmobalia.com\/imgV1\/B98Le8~d7M9k3DegpEFZhS0lI_F8U4XZVz~HWxt~mGgYekxX9nCAxh0ZjtE2u9zqepXEUrVLqfm8KeIGW6Gtyd4X99d_a7kcwdoJVS0NTvDYSBm83xvrdeduv9lCTpchYfsK132LicfiqffzoOT3Coxn5Em497CyWw--.jpg\" data-fancybox=\"gallery\" target=\"_blank\" rel=\"noopener\">\n\t\t\t\t\t<img decoding=\"async\" class=\"wpb--image-fit\" src=\"\/wp-content\/plugins\/inmobaliaplugin\/image.php?u=B98Le8~d7M9k3DegpEFZhS0lI_F8U4XZVz~HWxt~mGgYekxX9nCAxh0ZjtE2u9zqepXEUrVLqfm8KeIGW6Gtyd4X99d_a7kcwdoJVS0NTvDYSBm83xvrdeduv9lCTpchYfsK132LicfiqffzoOT3Coxn5Em497CyWw--&i=698235-1&s=400\" alt=\"Impresionante apartamento de 3 habitaciones en la primera planta\">\n\t\t\t\t<\/a>\n\t\t\t\t\t<div class=\"wpb--d-none\">\n\t\t\t\t\t\t\t<a href=\"https:\/\/media.inmobalia.com\/imgV1\/B98Le8~d7M9k3DegpEFZhS0lI_F8U4XZVz~HWxt~mGgYekxX9nCAxh0ZjtE2u9zqepXEUrVLqfm8KeIGW6Gtyd4X99d_a7kcwdoJVS0NTvDYGgJSc1uaAzvNkDjLKsEj~79C181~JXKGgLb_eKGLtdVv2CwH9jMt3Q--.jpg\" data-fancybox=\"gallery\" target=\"_blank\" rel=\"noopener\">\n\t\t\t\t\t<img decoding=\"async\" class=\"image-fit position-absolute\" src=\"https:\/\/media.inmobalia.com\/imgV1\/B98Le8~d7M9k3DegpEFZhS0lI_F8U4XZVz~HWxt~mGgYekxX9nCAxh0ZjtE2u9zqepXEUrVLqfm8KeIGW6Gtyd4X99d_a7kcwdoJVS0NTvDYGgJSc1uaAzvNkDjLKsEj~79C181~JXKGgLb_eKGLtdVv2CwH9jMt3Q--.jpg\" alt=\"Impresionante apartamento de 3 habitaciones en la primera planta\">\n\t\t\t\t<\/a>\n\t\t\t\t\t\t\t<a href=\"https:\/\/media.inmobalia.com\/imgV1\/B98Le8~d7M9k3DegpEFZhS0lI_F8U4XZVz~HWxt~mGgYekxX9nCAxh0ZjtE2u9zqepXEUrVLqfm8KeIGW6Gtyd4X99d_a7kcwdoJVS0NTvDYGgGejQ9FTzDc0zyIKm1wtHm5MQy~PQKsuI8B38GooaAwEr8Iim10Dg--.jpg\" data-fancybox=\"gallery\" target=\"_blank\" rel=\"noopener\">\n\t\t\t\t\t<img decoding=\"async\" class=\"image-fit position-absolute\" src=\"https:\/\/media.inmobalia.com\/imgV1\/B98Le8~d7M9k3DegpEFZhS0lI_F8U4XZVz~HWxt~mGgYekxX9nCAxh0ZjtE2u9zqepXEUrVLqfm8KeIGW6Gtyd4X99d_a7kcwdoJVS0NTvDYGgGejQ9FTzDc0zyIKm1wtHm5MQy~PQKsuI8B38GooaAwEr8Iim10Dg--.jpg\" alt=\"Impresionante apartamento de 3 habitaciones en la primera planta\">\n\t\t\t\t<\/a>\n\t\t\t\t\t\t\t<a href=\"https:\/\/media.inmobalia.com\/imgV1\/B98Le8~d7M9k3DegpEFZhS0lI_F8U4XZVz~HWxt~mGgYekxX9nCAxh0ZjtE2u9zqepXEUrVLqfm8KeIGW6Gtyd4X99d_a7kcwdoJVS0NTvDYSlzDw8tNFSpFfDbWyLsAGoj6xCehw6zpIXLD6P_k5B3kTyJlviAgHg--.jpg\" data-fancybox=\"gallery\" target=\"_blank\" rel=\"noopener\">\n\t\t\t\t\t<img decoding=\"async\" class=\"image-fit position-absolute\" src=\"https:\/\/media.inmobalia.com\/imgV1\/B98Le8~d7M9k3DegpEFZhS0lI_F8U4XZVz~HWxt~mGgYekxX9nCAxh0ZjtE2u9zqepXEUrVLqfm8KeIGW6Gtyd4X99d_a7kcwdoJVS0NTvDYSlzDw8tNFSpFfDbWyLsAGoj6xCehw6zpIXLD6P_k5B3kTyJlviAgHg--.jpg\" alt=\"Impresionante apartamento de 3 habitaciones en la primera planta\">\n\t\t\t\t<\/a>\n\t\t\t\t\t\t\t<a href=\"https:\/\/media.inmobalia.com\/imgV1\/B98Le8~d7M9k3DegpEFZhS0lI_F8U4XZVz~HWxt~mGgYekxX9nCAxh0ZjtE2u9zqepXEUrVLqfm8KeIGW6Gtyd4X99d_a7kcwdoJVS0NTvDYHOA986WwUYfVe13NsP3jDLEqpeo~5JMx3MClagKSSBq6_6S09rO_WA--.jpg\" data-fancybox=\"gallery\" target=\"_blank\" rel=\"noopener\">\n\t\t\t\t\t<img decoding=\"async\" class=\"image-fit position-absolute\" src=\"https:\/\/media.inmobalia.com\/imgV1\/B98Le8~d7M9k3DegpEFZhS0lI_F8U4XZVz~HWxt~mGgYekxX9nCAxh0ZjtE2u9zqepXEUrVLqfm8KeIGW6Gtyd4X99d_a7kcwdoJVS0NTvDYHOA986WwUYfVe13NsP3jDLEqpeo~5JMx3MClagKSSBq6_6S09rO_WA--.jpg\" alt=\"Impresionante apartamento de 3 habitaciones en la primera planta\">\n\t\t\t\t<\/a>\n\t\t\t\t\t\t\t<a href=\"https:\/\/media.inmobalia.com\/imgV1\/B98Le8~d7M9k3DegpEFZhS0lI_F8U4XZVz~HWxt~mGgYekxX9nCAxh0ZjtE2u9zqepXEUrVLqfm8KeIGW6Gtyd4X99d_a7kcwdoJVS0NTvDYGY3HWC5AFfhLBANflYeesC5XPjkzkTgBhjflI8NiDSFgxTb6FJTLeQ--.jpg\" data-fancybox=\"gallery\" target=\"_blank\" rel=\"noopener\">\n\t\t\t\t\t<img decoding=\"async\" class=\"image-fit position-absolute\" src=\"https:\/\/media.inmobalia.com\/imgV1\/B98Le8~d7M9k3DegpEFZhS0lI_F8U4XZVz~HWxt~mGgYekxX9nCAxh0ZjtE2u9zqepXEUrVLqfm8KeIGW6Gtyd4X99d_a7kcwdoJVS0NTvDYGY3HWC5AFfhLBANflYeesC5XPjkzkTgBhjflI8NiDSFgxTb6FJTLeQ--.jpg\" alt=\"Impresionante apartamento de 3 habitaciones en la primera planta\">\n\t\t\t\t<\/a>\n\t\t\t\t\t\t\t<a href=\"https:\/\/media.inmobalia.com\/imgV1\/B98Le8~d7M9k3DegpEFZhS0lI_F8U4XZVz~HWxt~mGgYekxX9nCAxh0ZjtE2u9zqepXEUrVLqfm8KeIGW6Gtyd4X99d_a7kcwdoJVS0NTvDYT0HWpgBBrLpUfTr7KR44lYUKQCw94M6n8wUEp9OA39pot2YZvjPnjw--.jpg\" data-fancybox=\"gallery\" target=\"_blank\" rel=\"noopener\">\n\t\t\t\t\t<img decoding=\"async\" class=\"image-fit position-absolute\" src=\"https:\/\/media.inmobalia.com\/imgV1\/B98Le8~d7M9k3DegpEFZhS0lI_F8U4XZVz~HWxt~mGgYekxX9nCAxh0ZjtE2u9zqepXEUrVLqfm8KeIGW6Gtyd4X99d_a7kcwdoJVS0NTvDYT0HWpgBBrLpUfTr7KR44lYUKQCw94M6n8wUEp9OA39pot2YZvjPnjw--.jpg\" alt=\"Impresionante apartamento de 3 habitaciones en la primera planta\">\n\t\t\t\t<\/a>\n\t\t\t\t\t\t\t<a href=\"https:\/\/media.inmobalia.com\/imgV1\/B98Le8~d7M9k3DegpEFZhS0lI_F8U4XZVz~HWxt~mGgYekxX9nCAxh0ZjtE2u9zqepXEUrVLqfm8KeIGW6Gtyd4X99d_a7kcwdoJVS0NTvDYSBsAbPzXuFSf38uP4mXWj4s5nlUd6ND3p4jMB7NzRfSueE~SB3hC8A--.jpg\" data-fancybox=\"gallery\" target=\"_blank\" rel=\"noopener\">\n\t\t\t\t\t<img decoding=\"async\" class=\"image-fit position-absolute\" src=\"https:\/\/media.inmobalia.com\/imgV1\/B98Le8~d7M9k3DegpEFZhS0lI_F8U4XZVz~HWxt~mGgYekxX9nCAxh0ZjtE2u9zqepXEUrVLqfm8KeIGW6Gtyd4X99d_a7kcwdoJVS0NTvDYSBsAbPzXuFSf38uP4mXWj4s5nlUd6ND3p4jMB7NzRfSueE~SB3hC8A--.jpg\" alt=\"Impresionante apartamento de 3 habitaciones en la primera planta\">\n\t\t\t\t<\/a>\n\t\t\t\t\t\t\t<a href=\"https:\/\/media.inmobalia.com\/imgV1\/B98Le8~d7M9k3DegpEFZhS0lI_F8U4XZVz~HWxt~mGgYekxX9nCAxh0ZjtE2u9zqepXEUrVLqfm8KeIGW6Gtyd4X99d_a7kcwdoJVS0NTvDYFEI1ag5bihv47qmE~4fITDyHywCk440bEgDqZZpe5xfXzC8m0uVKHA--.jpg\" data-fancybox=\"gallery\" target=\"_blank\" rel=\"noopener\">\n\t\t\t\t\t<img decoding=\"async\" class=\"image-fit position-absolute\" src=\"https:\/\/media.inmobalia.com\/imgV1\/B98Le8~d7M9k3DegpEFZhS0lI_F8U4XZVz~HWxt~mGgYekxX9nCAxh0ZjtE2u9zqepXEUrVLqfm8KeIGW6Gtyd4X99d_a7kcwdoJVS0NTvDYFEI1ag5bihv47qmE~4fITDyHywCk440bEgDqZZpe5xfXzC8m0uVKHA--.jpg\" alt=\"Impresionante apartamento de 3 habitaciones en la primera planta\">\n\t\t\t\t<\/a>\n\t\t\t\t\t\t\t<a href=\"https:\/\/media.inmobalia.com\/imgV1\/B98Le8~d7M9k3DegpEFZhS0lI_F8U4XZVz~HWxt~mGgYekxX9nCAxh0ZjtE2u9zqepXEUrVLqfm8KeIGW6Gtyd4X99d_a7kcwdoJVS0NTvDYScuwQyxxDasxBnPHTWLloEvo7B6zR4mjFsDsGO68LKTtW4ji4__s7A--.jpg\" data-fancybox=\"gallery\" target=\"_blank\" rel=\"noopener\">\n\t\t\t\t\t<img decoding=\"async\" class=\"image-fit position-absolute\" src=\"https:\/\/media.inmobalia.com\/imgV1\/B98Le8~d7M9k3DegpEFZhS0lI_F8U4XZVz~HWxt~mGgYekxX9nCAxh0ZjtE2u9zqepXEUrVLqfm8KeIGW6Gtyd4X99d_a7kcwdoJVS0NTvDYScuwQyxxDasxBnPHTWLloEvo7B6zR4mjFsDsGO68LKTtW4ji4__s7A--.jpg\" alt=\"Impresionante apartamento de 3 habitaciones en la primera planta\">\n\t\t\t\t<\/a>\n\t\t\t\t\t<\/div>\n\t\t<button class=\"wpb--button\" data-fancybox-trigger=\"gallery\" href=\"javascript:;\">12 Im\u00e1genes<\/button>\n\t<\/div>\n<\/div>\n\t\t\r\n\t\t<div class=\"wpb--property-info\">\r\n\t\t\t<div class=\"wpb--property-column\">\r\n\t\t\t\t<div class=\"wpb--property-utils\">\r\n\t\t\t\t\t<span class=\"wpb--property-location\">Apartamento en venta en La Cala Golf Resort, Mijas Costa<\/span>\r\n\t\t\t\t\t<div class=\"wpb-property-buttons\">\r\n\t\t\t\t\t\t<div class=\"wpb--share\" role=\"group\">\r\n\t\t\t\t\t\t\t<button class=\"wpb--btn-clear\" id=\"wpb--share-launcher\" type=\"button\" data-toggle=\"dropdown\" aria-haspopup=\"true\" aria-expanded=\"true\">\r\n\t\t\t\t\t\t\t\t<span class=\"wpb--share-icon\"><\/span>\r\n\t\t\t\t\t\t\t<\/button>\r\n\t\t\t\t\t\t\t<div class=\"wpb--dropdown-menu\" aria-labelledby=\"share-launcher\">\r\n\t\t\t\t\t\t\t\t\t\t\t\t\t\t\t\t<a class=\"wpb--dropdown-item wpb--icon-facebook\" href=\"#\" onclick=\"javascript:window.open('https:\/\/www.facebook.com\/sharer.php?u=https%3A%2F%2Fwww.lacala.com%2Fes%2Fproperty%2F%3Fag%3D652%26r%3D190101%26l%3Des%26f%3Dsale','','menubar=no,toolbar=no,resizable=yes,scrollbars=yes,height=600,width=600');return false;\" ><\/a>\r\n\t\t\t\t\t\t\t\t\t\t\t\t\t\t\t\t\t<a class=\"wpb--dropdown-item wpb--icon-twitter\" href=\"#\" onclick=\"javascript:window.open('http:\/\/www.twitter.com\/share?url=https%3A%2F%2Fwww.lacala.com%2Fes%2Fproperty%2F%3Fag%3D652%26r%3D190101%26l%3Des%26f%3Dsale','','menubar=no,toolbar=no,resizable=yes,scrollbars=yes,height=600,width=600');return false;\" ><\/a>\r\n\t\t\t\t\t\t\t\t\t\t\t\t\t\t\t\t\t<a class=\"wpb--dropdown-item wpb--icon-pinterest\" href=\"#\" onclick=\"javascript:window.open('https:\/\/pinterest.com\/pin\/create\/button\/?url=https%3A%2F%2Fwww.lacala.com%2Fes%2Fproperty%2F%3Fag%3D652%26r%3D190101%26l%3Des%26f%3Dsale&media=https:\/\/media.inmobalia.com\/imgV1\/B98Le8~d7M9k3DegpEFZhS0lI_F8U4XZVz~HWxt~mGgYekxX9nCAxh0ZjtE2u9zqepXEUrVLqfm8KeIGW6Gtyd4X99d_a7kcwdoJVS0NTvDYGlVVn5LG4flpCKbqkyQLI8jmwvU~~6mAgxbdFydEVhDNDXKycSAreQ--.jpg&description=Impresionante+apartamento+de+3+habitaciones+en+la+primera+planta','','menubar=no,toolbar=no,resizable=yes,scrollbars=yes,height=600,width=600');return false;\" ><\/a>\r\n\t\t\t\t\t\t\t\t\t\t\t\t\t\t\t\t\t<a class=\"wpb--dropdown-item wpb--icon-linkedin\" href=\"#\" onclick=\"javascript:window.open('https:\/\/www.linkedin.com\/shareArticle?mini=true&url=https%3A%2F%2Fwww.lacala.com%2Fes%2Fproperty%2F%3Fag%3D652%26r%3D190101%26l%3Des%26f%3Dsale','','menubar=no,toolbar=no,resizable=yes,scrollbars=yes,height=600,width=600');return false;\" ><\/a>\r\n\t\t\t\t\t\t\t\t\t\t\t\t\t\t\t\t\t<a class=\"wpb--dropdown-item wpb--icon-whatsapp\" href=\"#\" onclick=\"javascript:window.open('https:\/\/wa.me\/?text=https%3A%2F%2Fwww.lacala.com%2Fes%2Fproperty%2F%3Fag%3D652%26r%3D190101%26l%3Des%26f%3Dsale','','menubar=no,toolbar=no,resizable=yes,scrollbars=yes,height=600,width=600');return false;\"  data-action=share\/whatsapp\/share><\/a>\r\n\t\t\t\t\t\t\t\t\t\t\t\t\t\t\t<\/div>\r\n\t\t\t\t\t\t<\/div>\r\n\t\t\t\t\t\t<a rel=\"nofollow\" class=\"wpb--btn-clear\" href=\"#\" onclick=\"window.open('https:\/\/service.inmobalia.com\/pdf\/?id=698235&ag=652&rep=ps&ln=es&cid=6c73e29b5c799f2bd212a97678a3a197');return false;\" title=\"Imprimir Folleto\"><span class=\"wpb--print-icon\"><\/span><\/a>\r\n\t\t\t\t\t<\/div>\r\n\t\t\t\t<\/div>\r\n\t\t\t\t\r\n\t\t\t\t<h1>Impresionante apartamento de 3 habitaciones en la primera planta<\/h1>\r\n\t\t\t\t<div class=\"wpb--property-price\">\r\n\t\t\t\t\t<strong class='wpb--price'>510.000 &euro;<\/strong>\t\t\t\t<\/div>\r\n\t\t\t\t<hr>\r\n\r\n\t\t\t\t<div class=\"wpb--property-features\">\r\n\t\t\t\t\t<ul>\r\n\t\t\t\t\t\t\t\t\t\t\t\t\t<li>Ref: 190101<\/li>\r\n\t\t\t\t\t\t\t\t\t\t\t\t\t<li>Dormitorios: 3<\/li>\r\n\t\t\t\t\t\t\t\t\t\t\t\t\t<li>Ba\u00f1os: 2<\/li>\r\n\t\t\t\t\t\t\t\t\t\t\t\t\t<li>Const.: 106 m&sup2;<\/li>\r\n\t\t\t\t\t\t\t\t\t\t\t\t\t<li>Terraza: 30 m&sup2;<\/li>\r\n\t\t\t\t\t\t\t\t\t\t\t<\/ul>\r\n\t\t\t\t<\/div>\r\n\t\t\t\t        <div class=\"wpb--image-icon wpb--property-video \">\n            <div class=\"wpb--aspect-box wpb--ultrapanoramic\">\n                <a class=\"wpb--stretched-link\" href=\"https:\/\/www.lacala.com\/wp-content\/uploads\/2026\/04\/Show-House-GV-B1.7_LQ.mp4\" data-fancybox=\"video\">\n                    <img decoding=\"async\" class=\"wpb--image-fit\" src=\"https:\/\/media.inmobalia.com\/imgV1\/B98Le8~d7M9k3DegpEFZhS0lI_F8U4XZVz~HWxt~mGgYekxX9nCAxh0ZjtE2u9zqepXEUrVLqfm8KeIGW6Gtyd4X99d_a7kcwdoJVS0NTvDYSBm83xvrdeduv9lCTpchYfsK132LicfiqffzoOT3Coxn5Em497CyWw--.jpg\">\n                <\/a>\n                <span><\/span>\n            <\/div>\n        <\/div>\n    \t\t\t\t<div class=\"wpb--property-description\">\r\n\t\t\t\t\t<p>Este elegante apartamento en la primera planta de una exclusiva urbanizaci\u00f3n ofrece una combinaci\u00f3n de confort moderno, espacios abiertos y vistas panor\u00e1micas que capturan la esencia de la vida en La Cala Resort. Dise\u00f1ado pensando en el espacio, la luz y el estilo de vida, el apartamento cuenta con una generosa distribuci\u00f3n di\u00e1fana que conecta a la perfecci\u00f3n la cocina, el comedor y la sala de estar, con acceso directo a una amplia terraza privada.<\/p>\n\n<p>Con tres dormitorios de generosas dimensiones, incluyendo una suite principal, la propiedad es ideal tanto para vivir permanentemente como para disfrutar de unas vacaciones de lujo. Los ventanales de suelo a techo inundan el interior de luz natural, mientras que su elevada ubicaci\u00f3n en la primera planta ofrece vistas panor\u00e1micas al campo de golf, las colinas circundantes y los preciosos jardines comunitarios.<\/p>\n\n<p>El apartamento est\u00e1 acabado con materiales de alta calidad, una cocina moderna totalmente equipada y caracter\u00edsticas de eficiencia energ\u00e9tica en toda la vivienda. Los residentes disfrutan de acceso a las instalaciones de primer nivel del complejo, incluyendo campos de golf de campeonato, un spa, restaurantes y seguridad las 24 horas.<\/p>\n\n<p>Una plaza de aparcamiento privada y un trastero completan esta excepcional propiedad.<\/p>\t\t\t\t<\/div>\r\n\r\n\t\t\t\t\t\t\t\t\t<div class=\"wpb--property-features wpb--read-more wpb--short\">\r\n\t\t\t\t\t\t<h3>Caracter\u00edsticas adicionales<\/h3>\r\n\t\t\t\t\t\t<ul class=\"property-extrafeatures\">\r\n\t\t\t\t\t\t\t\t\t\t\t\t\t\t\t<li>Colegios cerca<\/li>\r\n\t\t\t\t\t\t\t\t\t\t\t\t\t\t\t<li>Vistas a la monta\u00f1a<\/li>\r\n\t\t\t\t\t\t\t\t\t\t\t\t\t\t\t<li>Dentro del Golf Resort<\/li>\r\n\t\t\t\t\t\t\t\t\t\t\t\t\t\t\t<li>Vistas al golf<\/li>\r\n\t\t\t\t\t\t\t\t\t\t\t\t\t\t\t<li>Vistas a la piscina<\/li>\r\n\t\t\t\t\t\t\t\t\t\t\t\t\t\t\t<li>Cerca del golf<\/li>\r\n\t\t\t\t\t\t\t\t\t\t\t\t\t\t\t<li>Vistas panor\u00e1micas<\/li>\r\n\t\t\t\t\t\t\t\t\t\t\t\t\t<\/ul>\r\n\t\t\t\t\t\t<span class=\"wpb--btn-read-more\" id=\"wpb--btn-read-more\" role=\"button\">ver todo<\/span>\r\n\t\t\t\t\t<\/div>\r\n\t\t\t\t\t\t\t<\/div>\r\n\t\t\t\r\n\t\t\t<div class=\"wpb--property-aside\">\r\n\t\t\t\t<div class=\"wpb--property-aside-content\">\r\n\t\t\t\t\t<div class=\"wpb--listerinfo\">\r\n\t\t\t\t\t\t<small>Contacte con nosotros<\/small>\r\n\t\t\t\t\t\t\t\t\t\t\t\t\t<strong>Nicole Kniesel<\/strong>\r\n\r\n\t\t\t\t\t\t\t\t\t\t\t\t\t\t\t<a href=\"tel:+34 952 66 90 27\">+34 952 66 90 27<\/a>\r\n\t\t\t\t\t\t\t\t\t\t\t\t\t\t\t<a href=\"mailto:property@lacala.com\">property@lacala.com<\/a>\r\n\t\t\t\t\t\t\t\t\t\t\t\t\t                                            \r\n\t\t\t\t\t<\/div>\r\n\r\n\t\t\t\t\t<form id=\"property_form\" class=\"wpb--property-form\" action=\"localhost\" method=\"POST\" data-contact=\"property_form\" data-lead-sent-ok=\"Su mensaje ha sido enviado.\" data-sitekey=\"6LfM4i4pAAAAADpf70lAASLcjwLgBakROGLEu-pz\">\n\t<input type=\"hidden\" name=\"subject\" value=\"Contacto desde Propiedad 190101\" \/>\n\t<input type=\"hidden\" name=\"g-recaptcha-response\" value=\"\" \/>\n\t\t\t<input type=\"hidden\" name=\"filter\" value=\"sale\" \/>\n\t\t<input type=\"hidden\" name=\"properties\" value=\"698235\" \/>\n\t\t<input type=\"hidden\" name=\"source\" value=\"https:\/\/www.lacala.com\/es\/\"\/>\n\t<input name=\"name\" type=\"text\" autocomplete=\"off\" placeholder=\"Nombre completo\" required data-error=\"Nombre obligatorio\" \/>\n\t<input name=\"email\" type=\"email\" autocomplete=\"off\" placeholder=\"Email\" required data-error=\"Email obligatorio\" \/>\n\t<input name=\"phone\" type=\"tel\" autocomplete=\"off\" placeholder=\"Tel\u00e9fono\" data-error=\"Los n\u00fameros de tel\u00e9fono deben tener entre 8 y 20 d\u00edgitos\" \/>\n\t<input name=\"source\" type=\"hidden\" value=\"https:\/\/www.lacala.com\/es\/wp-json\/wp\/v2\/pages\/45792\" \/>\n\t<textarea name=\"comment\" rows=\"6\">Por favor, enviadme m\u00e1s informaci\u00f3n sobre la ref 190101, Apartamento en La Cala Golf Resort, Mijas Costa o propiedades similares.<\/textarea>\n\t\n\t<div class=\"wpb--custom-checkbox\">\n\t\t<input type=\"checkbox\" id=\"property_form-property_form-customCheck1\" name=\"privacy_policy\" required data-error=\"Campo Obligatorio\" \/>\n\t\t<label for=\"property_form-property_form-customCheck1\">Acepto la  <a href=\"\" target=\"_blank\">Pol\u00edtica de privacidad<\/a><\/label>\n\t<\/div>\n\t<div class=\"wpb--custom-checkbox\">\n\t\t<input type=\"checkbox\" id=\"property_form-property_form-customCheck2\" name=\"commercial_information\" \/>\n\t\t<label for=\"property_form-property_form-customCheck2\">Acepto recibir informaci\u00f3n por email<\/label>\n\t<\/div>\n\t<button data-ids=\"property_form\" data-lang=\"es\" class=\"btn wpb--formbutton g-recaptcha\" type=\"submit\"><span id=\"text-send\">Enviar<\/span> <span id=\"spinner-send\"><\/span><\/button>\n\t<p id=\"result\" class=\"wpb--form-msg\"><\/p>\n<\/form>\n\t<script src=\"https:\/\/www.google.com\/recaptcha\/api.js?render=6LfM4i4pAAAAADpf70lAASLcjwLgBakROGLEu-pz&hl=es\"><\/script>\n\t\t\t\t<\/div>\r\n\t\t\t<\/div>\r\n\t\t<\/div>\r\n\t\t\t<div class=\"wpb--property-similar\">\n\t\t<h3>Propiedades Similares<\/h3>\n\t\t<div class=\"wpb--card-container\">\n\t\t\t<div class=\"wpb--card\">\n\t<div class=\"wpb--aspect-box wpb--panoramic\">\n\t\t<a class=\"wpb--stretched-link\" href=\"\/es\/property\/?ag=652&r=2407&l=es&f=sale\">\n\t\t\t\t\t\t\t<img decoding=\"async\" loading=\"lazy\" class=\"wpb--image-fit\" src=\"https:\/\/www.lacala.com\/wp-content\/uploads\/inmoba\/thumb-all-698046.jpg\" alt=\"Magnifico apartamento en primera l\u00ednea de golf con orientaci\u00f3n sur.\" \/>\n\t\t\t\n\t\t\t\t\t<\/a>\n\t<\/div>\n\t<div class=\"wpb--card-body\">\n\t\t<h4 class=\"wpb--card-title\">\n\t\t\t<a class=\"wpb--stretched-link\" href=\"\/es\/property\/?ag=652&r=2407&l=es&f=sale\">\n\t\t\t\t<small>La Cala Golf Resort - Mijas Costa<\/small>\n\t\t\t\tMagnifico apartamento en primera l\u00ednea de golf con orientaci\u00f3n sur.<\/a>\n\t\t<\/h4>\n\t\t<div class=\"wpb--card-price\">\n\t\t\t550.000 &euro;\t\t<\/div>\n\t\t<ul class=\"wpb--card-features\">\n\t\t\t\t\t\t\t\t<li>3  Dormitorios<\/li>\n\t\t\t\t\t\t\t\t<li>2  Ba\u00f1os<\/li>\n\t\t\t\t\t\t\t\t<li>107 m&sup2; Const.<\/li>\n\t\t\t\t\t<\/ul>\n\t\t<span class=\"wpb--card-reference\">2407<\/span>\n\t<\/div>\n<\/div>\n<div class=\"wpb--card\">\n\t<div class=\"wpb--aspect-box wpb--panoramic\">\n\t\t<a class=\"wpb--stretched-link\" href=\"\/es\/property\/?ag=652&r=261261&l=es&f=sale\">\n\t\t\t\t\t\t\t<img decoding=\"async\" loading=\"lazy\" class=\"wpb--image-fit\" src=\"https:\/\/www.lacala.com\/wp-content\/uploads\/inmoba\/thumb-all-487043.jpg\" alt=\"Fant\u00e1stico \u00e1tico d\u00faplex en primera l\u00ednea de golf\" \/>\n\t\t\t\n\t\t\t\t\t<\/a>\n\t<\/div>\n\t<div class=\"wpb--card-body\">\n\t\t<h4 class=\"wpb--card-title\">\n\t\t\t<a class=\"wpb--stretched-link\" href=\"\/es\/property\/?ag=652&r=261261&l=es&f=sale\">\n\t\t\t\t<small>La Cala Golf Resort - Mijas Costa<\/small>\n\t\t\t\tFant\u00e1stico \u00e1tico d\u00faplex en primera l\u00ednea de golf<\/a>\n\t\t<\/h4>\n\t\t<div class=\"wpb--card-price\">\n\t\t\t540.000 &euro;\t\t<\/div>\n\t\t<ul class=\"wpb--card-features\">\n\t\t\t\t\t\t\t\t<li>3  Dormitorios<\/li>\n\t\t\t\t\t\t\t\t<li>3  Ba\u00f1os<\/li>\n\t\t\t\t\t\t\t\t<li>149 m&sup2; Const.<\/li>\n\t\t\t\t\t<\/ul>\n\t\t<span class=\"wpb--card-reference\">261261<\/span>\n\t<\/div>\n<\/div>\n\t\t<\/div>\n\t<\/div>\n\t<\/div>\r\n\n","protected":false},"excerpt":{"rendered":"","protected":false},"author":1,"featured_media":0,"parent":0,"menu_order":29,"comment_status":"closed","ping_status":"closed","template":"wp-custom-template-landing-real-estate","meta":{"footnotes":""},"class_list":["post-45792","page","type-page","status-publish","hentry"],"_links":{"self":[{"href":"https:\/\/www.lacala.com\/es\/wp-json\/wp\/v2\/pages\/45792","targetHints":{"allow":["GET"]}}],"collection":[{"href":"https:\/\/www.lacala.com\/es\/wp-json\/wp\/v2\/pages"}],"about":[{"href":"https:\/\/www.lacala.com\/es\/wp-json\/wp\/v2\/types\/page"}],"author":[{"embeddable":true,"href":"https:\/\/www.lacala.com\/es\/wp-json\/wp\/v2\/users\/1"}],"replies":[{"embeddable":true,"href":"https:\/\/www.lacala.com\/es\/wp-json\/wp\/v2\/comments?post=45792"}],"version-history":[{"count":0,"href":"https:\/\/www.lacala.com\/es\/wp-json\/wp\/v2\/pages\/45792\/revisions"}],"wp:attachment":[{"href":"https:\/\/www.lacala.com\/es\/wp-json\/wp\/v2\/media?parent=45792"}],"curies":[{"name":"wp","href":"https:\/\/api.w.org\/{rel}","templated":true}]}}