{"id":46354,"date":"2025-05-21T10:38:41","date_gmt":"2025-05-21T10:38:41","guid":{"rendered":"https:\/\/www.lacala.com\/events\/sunset-market\/"},"modified":"2025-09-04T13:51:47","modified_gmt":"2025-09-04T13:51:47","slug":"sunset-market","status":"publish","type":"page","link":"https:\/\/www.lacala.com\/es\/events\/sunset-market\/","title":{"rendered":"Sunset Market"},"content":{"rendered":"<!--blockstudio\/banner\/banner-gallery--><section class=\"main-banner-section half-height\">\r\n    <div class=\"main-banner\">\r\n\r\n        <img loading=\"lazy\" decoding=\"async\" width=\"1920\" height=\"590\" src=\"https:\/\/www.lacala.com\/wp-content\/uploads\/2025\/05\/panoramica.jpg\" class=\"main-banner-file desktop\" alt=\"\" srcset=\"https:\/\/www.lacala.com\/wp-content\/uploads\/2025\/05\/panoramica.jpg 1920w, https:\/\/www.lacala.com\/wp-content\/uploads\/2025\/05\/panoramica-300x92.jpg 300w, https:\/\/www.lacala.com\/wp-content\/uploads\/2025\/05\/panoramica-1024x315.jpg 1024w, https:\/\/www.lacala.com\/wp-content\/uploads\/2025\/05\/panoramica-768x236.jpg 768w, https:\/\/www.lacala.com\/wp-content\/uploads\/2025\/05\/panoramica-1536x472.jpg 1536w\" sizes=\"auto, (max-width: 1920px) 100vw, 1920px\">\r\n        <div class=\"banner-overlay\"><\/div>\r\n        <div class=\"main-banner-content\">            \r\n            <h2 class=\"main-banner-title\">Sunset Market<\/h2>   \r\n             \r\n        <\/div>\r\n       \r\n    <\/div>\r\n<\/section><!--blockstudio\/primary-content-inside\/primary-content-inside--><div class=\"primary-content-wrap\">\r\n    <section class=\"breadcrumb-container\">\r\n        <div class=\"breadcrumbs\" xmlns:v=\"http:\/\/rdf.data-vocabulary.org\/#\"><a href=\"https:\/\/www.lacala.com\/es\/\" rel=\"v:url\" property=\"v:title\">Home<\/a> \/ <span class=\"current\">P&aacute;gina<\/span><\/div><!-- .breadcrumbs -->    <\/section>\r\n    \r\n    <section class=\"primary-content-section \">\r\n        <div class=\"primary-content no-image\">\r\n                        <div class=\"primary-text main-cont-txt\"><p><\/p>                <div class=\"table-wrapper\"><\/div>\r\n            <\/div>\r\n            \r\n            \r\n\r\n\r\n            \r\n        <\/div>\r\n            <\/section>\r\n<\/div><!--blockstudio\/secondary-content\/secondary-content--><section class=\"secondary-content\">\r\n<div class=\"secondary-content-wrap\">    \r\n    <div class=\"secondary-content-content\">\r\n                    <h3 class=\"secondary-content-title\">Detalles del Evento<\/h3>\r\n                <div class=\"secondary-content-text\">\r\n            <p>El <strong>viernes 22 de agosto<\/strong>, de 18.00 a 23.00 horas, The Clubhouse se transformar\u00e1 en el escenario del espectacular <strong>Sunset Market <\/strong>(Mercadillo al atardecer)<\/p><p>Prep\u00e1rense para una tarde y noche m\u00e1gicas, repletas de las mejores marcas, actividades para todos los gustos y edades, <strong>gastronom\u00eda deliciosa y m\u00fasica en vivo <\/strong>que har\u00e1 que ese atardecer sea simplemente inolvidable.<\/p><p>\u00a1No olviden apuntar la fecha en sus agendas y venir a disfrutar de una experiencia que no querr\u00e1n perderse!<\/p>                    <\/div>\r\n    <\/div>\r\n    <div class=\"secondary-content-image\">\r\n        <img loading=\"lazy\" decoding=\"async\" width=\"713\" height=\"500\" src=\"https:\/\/www.lacala.com\/wp-content\/uploads\/2025\/05\/sunset-market1001x701-713x500.jpg\" class=\"secondary-content-img\" alt=\"\" srcset=\"https:\/\/www.lacala.com\/wp-content\/uploads\/2025\/05\/sunset-market1001x701-713x500.jpg 713w, https:\/\/www.lacala.com\/wp-content\/uploads\/2025\/05\/sunset-market1001x701-300x210.jpg 300w, https:\/\/www.lacala.com\/wp-content\/uploads\/2025\/05\/sunset-market1001x701-768x538.jpg 768w, https:\/\/www.lacala.com\/wp-content\/uploads\/2025\/05\/sunset-market1001x701.jpg 1001w\" sizes=\"auto, (max-width: 713px) 100vw, 713px\" \/>    <\/div>\r\n<\/div>\r\n<\/section><!--blockstudio\/gallery\/gallery--><section class=\"inside-gallery\">\r\n    <div class=\"inside-gallery-header\">\r\n        <h2 class=\"inside-gallery-title\">Galer&iacute;a<\/h2> \r\n        <div class=\"inside-gallery-cta\">\r\n         \r\n        <\/div>\r\n    <\/div>\r\n\r\n        <div class=\"inside-gallery-widget js-gallery-lightg js-inside-gallery-slick\" id=\"main-gallery\">\r\n        \r\n                <a href=\"https:\/\/www.lacala.com\/wp-content\/uploads\/2025\/05\/galeria1.jpg\" class=\"inside-gallery-item\"> \r\n            <div class=\"gallery-item-image\">\r\n                <img loading=\"lazy\" decoding=\"async\" width=\"400\" height=\"400\" src=\"https:\/\/www.lacala.com\/wp-content\/uploads\/2025\/05\/galeria1-400x400.jpg\" class=\"gallery-image\" alt=\"\" srcset=\"https:\/\/www.lacala.com\/wp-content\/uploads\/2025\/05\/galeria1-400x400.jpg 400w, https:\/\/www.lacala.com\/wp-content\/uploads\/2025\/05\/galeria1-300x300.jpg 300w, https:\/\/www.lacala.com\/wp-content\/uploads\/2025\/05\/galeria1-150x150.jpg 150w, https:\/\/www.lacala.com\/wp-content\/uploads\/2025\/05\/galeria1-50x50.jpg 50w, https:\/\/www.lacala.com\/wp-content\/uploads\/2025\/05\/galeria1.jpg 410w\" sizes=\"auto, (max-width: 400px) 100vw, 400px\">            <\/div>\r\n        <\/a>\r\n                <a href=\"https:\/\/www.lacala.com\/wp-content\/uploads\/2025\/05\/galeria2.jpg\" class=\"inside-gallery-item\"> \r\n            <div class=\"gallery-item-image\">\r\n                <img loading=\"lazy\" decoding=\"async\" width=\"400\" height=\"400\" src=\"https:\/\/www.lacala.com\/wp-content\/uploads\/2025\/05\/galeria2-400x400.jpg\" class=\"gallery-image\" alt=\"\" srcset=\"https:\/\/www.lacala.com\/wp-content\/uploads\/2025\/05\/galeria2-400x400.jpg 400w, https:\/\/www.lacala.com\/wp-content\/uploads\/2025\/05\/galeria2-300x300.jpg 300w, https:\/\/www.lacala.com\/wp-content\/uploads\/2025\/05\/galeria2-150x150.jpg 150w, https:\/\/www.lacala.com\/wp-content\/uploads\/2025\/05\/galeria2-50x50.jpg 50w, https:\/\/www.lacala.com\/wp-content\/uploads\/2025\/05\/galeria2.jpg 410w\" sizes=\"auto, (max-width: 400px) 100vw, 400px\">            <\/div>\r\n        <\/a>\r\n                <a href=\"https:\/\/www.lacala.com\/wp-content\/uploads\/2025\/05\/galeria6.jpg\" class=\"inside-gallery-item\"> \r\n            <div class=\"gallery-item-image\">\r\n                <img loading=\"lazy\" decoding=\"async\" width=\"400\" height=\"400\" src=\"https:\/\/www.lacala.com\/wp-content\/uploads\/2025\/05\/galeria6-400x400.jpg\" class=\"gallery-image\" alt=\"\" srcset=\"https:\/\/www.lacala.com\/wp-content\/uploads\/2025\/05\/galeria6-400x400.jpg 400w, https:\/\/www.lacala.com\/wp-content\/uploads\/2025\/05\/galeria6-300x300.jpg 300w, https:\/\/www.lacala.com\/wp-content\/uploads\/2025\/05\/galeria6-150x150.jpg 150w, https:\/\/www.lacala.com\/wp-content\/uploads\/2025\/05\/galeria6-50x50.jpg 50w, https:\/\/www.lacala.com\/wp-content\/uploads\/2025\/05\/galeria6.jpg 410w\" sizes=\"auto, (max-width: 400px) 100vw, 400px\">            <\/div>\r\n        <\/a>\r\n                <a href=\"https:\/\/www.lacala.com\/wp-content\/uploads\/2025\/05\/galeria5.jpg\" class=\"inside-gallery-item\"> \r\n            <div class=\"gallery-item-image\">\r\n                <img loading=\"lazy\" decoding=\"async\" width=\"400\" height=\"400\" src=\"https:\/\/www.lacala.com\/wp-content\/uploads\/2025\/05\/galeria5-400x400.jpg\" class=\"gallery-image\" alt=\"\" srcset=\"https:\/\/www.lacala.com\/wp-content\/uploads\/2025\/05\/galeria5-400x400.jpg 400w, https:\/\/www.lacala.com\/wp-content\/uploads\/2025\/05\/galeria5-300x300.jpg 300w, https:\/\/www.lacala.com\/wp-content\/uploads\/2025\/05\/galeria5-150x150.jpg 150w, https:\/\/www.lacala.com\/wp-content\/uploads\/2025\/05\/galeria5-50x50.jpg 50w, https:\/\/www.lacala.com\/wp-content\/uploads\/2025\/05\/galeria5.jpg 410w\" sizes=\"auto, (max-width: 400px) 100vw, 400px\">            <\/div>\r\n        <\/a>\r\n                <a href=\"https:\/\/www.lacala.com\/wp-content\/uploads\/2025\/05\/galeria4.jpg\" class=\"inside-gallery-item\"> \r\n            <div class=\"gallery-item-image\">\r\n                <img loading=\"lazy\" decoding=\"async\" width=\"400\" height=\"400\" src=\"https:\/\/www.lacala.com\/wp-content\/uploads\/2025\/05\/galeria4-400x400.jpg\" class=\"gallery-image\" alt=\"\" srcset=\"https:\/\/www.lacala.com\/wp-content\/uploads\/2025\/05\/galeria4-400x400.jpg 400w, https:\/\/www.lacala.com\/wp-content\/uploads\/2025\/05\/galeria4-300x300.jpg 300w, https:\/\/www.lacala.com\/wp-content\/uploads\/2025\/05\/galeria4-150x150.jpg 150w, https:\/\/www.lacala.com\/wp-content\/uploads\/2025\/05\/galeria4-50x50.jpg 50w, https:\/\/www.lacala.com\/wp-content\/uploads\/2025\/05\/galeria4.jpg 410w\" sizes=\"auto, (max-width: 400px) 100vw, 400px\">            <\/div>\r\n        <\/a>\r\n                <a href=\"https:\/\/www.lacala.com\/wp-content\/uploads\/2025\/05\/galeria3.jpg\" class=\"inside-gallery-item\"> \r\n            <div class=\"gallery-item-image\">\r\n                <img loading=\"lazy\" decoding=\"async\" width=\"400\" height=\"400\" src=\"https:\/\/www.lacala.com\/wp-content\/uploads\/2025\/05\/galeria3-400x400.jpg\" class=\"gallery-image\" alt=\"\" srcset=\"https:\/\/www.lacala.com\/wp-content\/uploads\/2025\/05\/galeria3-400x400.jpg 400w, https:\/\/www.lacala.com\/wp-content\/uploads\/2025\/05\/galeria3-300x300.jpg 300w, https:\/\/www.lacala.com\/wp-content\/uploads\/2025\/05\/galeria3-150x150.jpg 150w, https:\/\/www.lacala.com\/wp-content\/uploads\/2025\/05\/galeria3-50x50.jpg 50w, https:\/\/www.lacala.com\/wp-content\/uploads\/2025\/05\/galeria3.jpg 410w\" sizes=\"auto, (max-width: 400px) 100vw, 400px\">            <\/div>\r\n        <\/a>\r\n        \r\n    <\/div>\r\n     \r\n<\/section><!--blockstudio\/full-width\/location--><section class=\"fullwidth-two-section\">\r\n    <div class=\"fullwidth-two-image-wrap\">\r\n        <img loading=\"lazy\" decoding=\"async\" width=\"1920\" height=\"455\" src=\"https:\/\/www.lacala.com\/wp-content\/uploads\/2024\/12\/map_desktop_lcr_full-1920x455.png\" class=\"fullwidth-two-image\" alt=\"\" srcset=\"https:\/\/www.lacala.com\/wp-content\/uploads\/2024\/12\/map_desktop_lcr_full-1920x455.png 1920w, https:\/\/www.lacala.com\/wp-content\/uploads\/2024\/12\/map_desktop_lcr_full-300x71.png 300w, https:\/\/www.lacala.com\/wp-content\/uploads\/2024\/12\/map_desktop_lcr_full-1024x243.png 1024w, https:\/\/www.lacala.com\/wp-content\/uploads\/2024\/12\/map_desktop_lcr_full-768x182.png 768w, https:\/\/www.lacala.com\/wp-content\/uploads\/2024\/12\/map_desktop_lcr_full-1536x364.png 1536w, https:\/\/www.lacala.com\/wp-content\/uploads\/2024\/12\/map_desktop_lcr_full.png 2000w\" sizes=\"auto, (max-width: 1920px) 100vw, 1920px\">    <\/div>\r\n    <div class=\"fullwidth-two-content\">\r\n            <div class=\"fullwidth-two-logo-wrap\">\r\n                <img loading=\"lazy\" decoding=\"async\" width=\"300\" height=\"267\" src=\"https:\/\/www.lacala.com\/wp-content\/uploads\/2025\/03\/map-icon-1.png\" class=\"fullwidth-two-logo\" alt=\"\">            <\/div>\r\n            <div class=\"fullwidth-two-text-content\">\r\n                <h3 class=\"fullwidth-two-title\">Localizaci&oacute;n<\/h3>\r\n                <p class=\"fullwidth-two-text\">C. Mirador del Golf, 1, 29649 La Cala de Mijas, M&aacute;laga, Spain <br>Email: <a href=\"mailto:lacala@lacala.com\">lacala@lacala.com<\/a><br>Tel: <a href=\"tel:0034952669000\">(+34) 952 669 000<\/a><\/p>\r\n            <\/div>\r\n                            <a class=\"fullwidth-two-cta main-btn\" href=\"https:\/\/maps.app.goo.gl\/HEnmvYuunFpr89HT9\" target=\"\" rel=\"noopener\">\r\n                Localizaci&oacute;n<\/a>\r\n                <\/div>\r\n<\/section>","protected":false},"excerpt":{"rendered":"","protected":false},"author":11,"featured_media":0,"parent":45435,"menu_order":17,"comment_status":"closed","ping_status":"closed","template":"wp-custom-template-inside","meta":{"footnotes":""},"class_list":["post-46354","page","type-page","status-publish","hentry"],"_links":{"self":[{"href":"https:\/\/www.lacala.com\/es\/wp-json\/wp\/v2\/pages\/46354","targetHints":{"allow":["GET"]}}],"collection":[{"href":"https:\/\/www.lacala.com\/es\/wp-json\/wp\/v2\/pages"}],"about":[{"href":"https:\/\/www.lacala.com\/es\/wp-json\/wp\/v2\/types\/page"}],"author":[{"embeddable":true,"href":"https:\/\/www.lacala.com\/es\/wp-json\/wp\/v2\/users\/11"}],"replies":[{"embeddable":true,"href":"https:\/\/www.lacala.com\/es\/wp-json\/wp\/v2\/comments?post=46354"}],"version-history":[{"count":0,"href":"https:\/\/www.lacala.com\/es\/wp-json\/wp\/v2\/pages\/46354\/revisions"}],"up":[{"embeddable":true,"href":"https:\/\/www.lacala.com\/es\/wp-json\/wp\/v2\/pages\/45435"}],"wp:attachment":[{"href":"https:\/\/www.lacala.com\/es\/wp-json\/wp\/v2\/media?parent=46354"}],"curies":[{"name":"wp","href":"https:\/\/api.w.org\/{rel}","templated":true}]}}