{"id":48145,"date":"2025-10-27T15:38:41","date_gmt":"2025-10-27T15:38:41","guid":{"rendered":"https:\/\/www.lacala.com\/events\/artisan-market\/"},"modified":"2025-12-16T08:58:00","modified_gmt":"2025-12-16T08:58:00","slug":"artisan-market","status":"publish","type":"page","link":"https:\/\/www.lacala.com\/es\/events\/artisan-market\/","title":{"rendered":"Mercadillo Artesanal"},"content":{"rendered":"<!--blockstudio\/banner\/banner-gallery--><section class=\"main-banner-section half-height\">\r\n    <div class=\"main-banner\">\r\n\r\n        <img loading=\"lazy\" decoding=\"async\" width=\"1920\" height=\"590\" src=\"https:\/\/www.lacala.com\/wp-content\/uploads\/2025\/10\/artisanmarket-panoramica-1.jpg\" class=\"main-banner-file desktop\" alt=\"\" srcset=\"https:\/\/www.lacala.com\/wp-content\/uploads\/2025\/10\/artisanmarket-panoramica-1.jpg 1920w, https:\/\/www.lacala.com\/wp-content\/uploads\/2025\/10\/artisanmarket-panoramica-1-300x92.jpg 300w, https:\/\/www.lacala.com\/wp-content\/uploads\/2025\/10\/artisanmarket-panoramica-1-1024x315.jpg 1024w, https:\/\/www.lacala.com\/wp-content\/uploads\/2025\/10\/artisanmarket-panoramica-1-768x236.jpg 768w, https:\/\/www.lacala.com\/wp-content\/uploads\/2025\/10\/artisanmarket-panoramica-1-1536x472.jpg 1536w\" sizes=\"auto, (max-width: 1920px) 100vw, 1920px\" \/>\r\n        <div class=\"banner-overlay\"><\/div>\r\n        <div class=\"main-banner-content\">            \r\n               \r\n             \r\n        <\/div>\r\n       \r\n    <\/div>\r\n<\/section><!--blockstudio\/primary-content-inside\/primary-content-inside--><div class=\"primary-content-wrap\">\r\n    <section class=\"breadcrumb-container\">\r\n        <div class=\"breadcrumbs\" xmlns:v=\"http:\/\/rdf.data-vocabulary.org\/#\"><a href=\"https:\/\/www.lacala.com\/es\/\" rel=\"v:url\" property=\"v:title\">Home<\/a> \/ <span class=\"current\">P&aacute;gina<\/span><\/div><!-- .breadcrumbs -->    <\/section>\r\n    \r\n    <section class=\"primary-content-section \">\r\n        <div class=\"primary-content no-image\">\r\n                        <div class=\"primary-text main-cont-txt\"><p><\/p>                <div class=\"table-wrapper\"><\/div>\r\n            <\/div>\r\n            \r\n            \r\n\r\n\r\n            \r\n        <\/div>\r\n            <\/section>\r\n<\/div>\n<div align=\"center\" style=\"padding:20px; background-color: #f44336; color: white; margin-bottom: 15px;display:none\">\nTr\u00e1fico Cerrado por Evento Deportivo en Mijas el <b>Domingo 28 de Septiembre de 9:00 a 12:00<\/b>. <a href=\"https:\/\/lacalagolfresort.com\/pdf\/otros\/comunicado-4-triatlon-mijas.pdf\" style=\"color:white;text-decoration:underline;\" target=\"_blank\" rel=\"noopener\"><br\/><b>M\u00c1S INFORMACI\u00d3N AQU\u00cd<\/b><\/a><br\/>Recomendamos tomar la salida de <a href=\"https:\/\/www.google.com\/maps\/dir\/Marbella,+Spain\/Hotel+La+Cala+Resort,+C.+Mirador+del+Golf,+1,+29649+Mijas,+M%C3%A1laga,+Spain\/@36.5134493,-4.7363822,10261m\/data=!3m1!1e3!4m13!4m12!1m5!1m1!1s0xd72d809904dabdf:0xe6c9db907b5ecab!2m2!1d-4.8852579!2d36.5102831!1m5!1m1!1s0xd72e1274e07fb79:0xb4562fe332fe0223!2m2!1d-4.72001!2d36.5420229?entry=ttu&#038;g_ep=EgoyMDI1MDkyMi4wIKXMDSoASAFQAw%3D%3D\" style=\"color:white; text-decoration:underline;\" target=\"_blank\" rel=\"noopener\"><b>ELVIRIA<\/b><\/a> como ruta alternativa.\n<\/div>\n<div align=\"center\" style=\"padding:20px; background-color: #f44336; color: white; margin-bottom: 15px;display:none\">\nEste domingo 16 de Noviembre no se celebrar\u00e1 nuestro habitual Mercadillo Artesanal debido a la lluvia. Retomaremos con normalidad el domingo 23 y las siguientes fechas en The Clubhouse. \n<\/div>\n<!--blockstudio\/secondary-content\/secondary-content--><section class=\"secondary-content\">\r\n<div class=\"secondary-content-wrap\">    \r\n    <div class=\"secondary-content-content\">\r\n                    <h3 class=\"secondary-content-title\">Detalles del Evento<\/h3>\r\n                <div class=\"secondary-content-text\">\r\n            <p>\u00a1No se pierda la forma perfecta de pasar el domingo! Acomp\u00e1\u00f1enos en nuestro mercado artesanal, seguido de un tradicional asado dominical en The Clubhouse, La Cala Resort. <\/p><p>Empieza el d\u00eda explorando nuestro animado mercado artesanal con m\u00fasica en directo. <strong>Todos los domingos de noviembre, de 12:00 a 17:00.<\/strong><\/p><p>Es la oportunidad perfecta para encontrar piezas \u00fanicas, apoyar el talento local y sumergirte en un mundo de artesan\u00eda y dise\u00f1o de calidad. Descubre y disfruta de: <\/p><p>\u00b7 Artesan\u00eda<br>\u00b7 Moda<br>\u00b7 Accesorios<br>\u00b7 Decoraci\u00f3n<br>\u00b7 Arte<br>\u00b7 Zona gourmet<\/p><p>El mercado ofrece una experiencia de compra inspiradora y aut\u00e9ntica.<\/p>                    <\/div>\r\n    <\/div>\r\n    <div class=\"secondary-content-image\">\r\n        <img loading=\"lazy\" decoding=\"async\" width=\"713\" height=\"500\" src=\"https:\/\/www.lacala.com\/wp-content\/uploads\/2025\/10\/artisanmarket-interna-1-713x500.jpg\" class=\"secondary-content-img\" alt=\"\" srcset=\"https:\/\/www.lacala.com\/wp-content\/uploads\/2025\/10\/artisanmarket-interna-1-713x500.jpg 713w, https:\/\/www.lacala.com\/wp-content\/uploads\/2025\/10\/artisanmarket-interna-1-300x210.jpg 300w, https:\/\/www.lacala.com\/wp-content\/uploads\/2025\/10\/artisanmarket-interna-1.jpg 740w\" sizes=\"auto, (max-width: 713px) 100vw, 713px\" \/>    <\/div>\r\n<\/div>\r\n<\/section><!--blockstudio\/gallery\/gallery--><section class=\"inside-gallery\">\r\n    <div class=\"inside-gallery-header\">\r\n        <h2 class=\"inside-gallery-title\">Galer&iacute;a<\/h2> \r\n        <div class=\"inside-gallery-cta\">\r\n         \r\n        <\/div>\r\n    <\/div>\r\n\r\n        <div class=\"inside-gallery-widget js-gallery-lightg js-inside-gallery-slick\" id=\"main-gallery\">\r\n        \r\n                <a href=\"https:\/\/www.lacala.com\/wp-content\/uploads\/2025\/05\/galeria1.jpg\" class=\"inside-gallery-item\"> \r\n            <div class=\"gallery-item-image\">\r\n                <img loading=\"lazy\" decoding=\"async\" width=\"400\" height=\"400\" src=\"https:\/\/www.lacala.com\/wp-content\/uploads\/2025\/05\/galeria1-400x400.jpg\" class=\"gallery-image\" alt=\"\" srcset=\"https:\/\/www.lacala.com\/wp-content\/uploads\/2025\/05\/galeria1-400x400.jpg 400w, https:\/\/www.lacala.com\/wp-content\/uploads\/2025\/05\/galeria1-300x300.jpg 300w, https:\/\/www.lacala.com\/wp-content\/uploads\/2025\/05\/galeria1-150x150.jpg 150w, https:\/\/www.lacala.com\/wp-content\/uploads\/2025\/05\/galeria1-50x50.jpg 50w, https:\/\/www.lacala.com\/wp-content\/uploads\/2025\/05\/galeria1.jpg 410w\" sizes=\"auto, (max-width: 400px) 100vw, 400px\">            <\/div>\r\n        <\/a>\r\n                <a href=\"https:\/\/www.lacala.com\/wp-content\/uploads\/2025\/05\/galeria2.jpg\" class=\"inside-gallery-item\"> \r\n            <div class=\"gallery-item-image\">\r\n                <img loading=\"lazy\" decoding=\"async\" width=\"400\" height=\"400\" src=\"https:\/\/www.lacala.com\/wp-content\/uploads\/2025\/05\/galeria2-400x400.jpg\" class=\"gallery-image\" alt=\"\" srcset=\"https:\/\/www.lacala.com\/wp-content\/uploads\/2025\/05\/galeria2-400x400.jpg 400w, https:\/\/www.lacala.com\/wp-content\/uploads\/2025\/05\/galeria2-300x300.jpg 300w, https:\/\/www.lacala.com\/wp-content\/uploads\/2025\/05\/galeria2-150x150.jpg 150w, https:\/\/www.lacala.com\/wp-content\/uploads\/2025\/05\/galeria2-50x50.jpg 50w, https:\/\/www.lacala.com\/wp-content\/uploads\/2025\/05\/galeria2.jpg 410w\" sizes=\"auto, (max-width: 400px) 100vw, 400px\">            <\/div>\r\n        <\/a>\r\n                <a href=\"https:\/\/www.lacala.com\/wp-content\/uploads\/2025\/05\/galeria6.jpg\" class=\"inside-gallery-item\"> \r\n            <div class=\"gallery-item-image\">\r\n                <img loading=\"lazy\" decoding=\"async\" width=\"400\" height=\"400\" src=\"https:\/\/www.lacala.com\/wp-content\/uploads\/2025\/05\/galeria6-400x400.jpg\" class=\"gallery-image\" alt=\"\" srcset=\"https:\/\/www.lacala.com\/wp-content\/uploads\/2025\/05\/galeria6-400x400.jpg 400w, https:\/\/www.lacala.com\/wp-content\/uploads\/2025\/05\/galeria6-300x300.jpg 300w, https:\/\/www.lacala.com\/wp-content\/uploads\/2025\/05\/galeria6-150x150.jpg 150w, https:\/\/www.lacala.com\/wp-content\/uploads\/2025\/05\/galeria6-50x50.jpg 50w, https:\/\/www.lacala.com\/wp-content\/uploads\/2025\/05\/galeria6.jpg 410w\" sizes=\"auto, (max-width: 400px) 100vw, 400px\">            <\/div>\r\n        <\/a>\r\n                <a href=\"https:\/\/www.lacala.com\/wp-content\/uploads\/2025\/05\/galeria5.jpg\" class=\"inside-gallery-item\"> \r\n            <div class=\"gallery-item-image\">\r\n                <img loading=\"lazy\" decoding=\"async\" width=\"400\" height=\"400\" src=\"https:\/\/www.lacala.com\/wp-content\/uploads\/2025\/05\/galeria5-400x400.jpg\" class=\"gallery-image\" alt=\"\" srcset=\"https:\/\/www.lacala.com\/wp-content\/uploads\/2025\/05\/galeria5-400x400.jpg 400w, https:\/\/www.lacala.com\/wp-content\/uploads\/2025\/05\/galeria5-300x300.jpg 300w, https:\/\/www.lacala.com\/wp-content\/uploads\/2025\/05\/galeria5-150x150.jpg 150w, https:\/\/www.lacala.com\/wp-content\/uploads\/2025\/05\/galeria5-50x50.jpg 50w, https:\/\/www.lacala.com\/wp-content\/uploads\/2025\/05\/galeria5.jpg 410w\" sizes=\"auto, (max-width: 400px) 100vw, 400px\">            <\/div>\r\n        <\/a>\r\n                <a href=\"https:\/\/www.lacala.com\/wp-content\/uploads\/2025\/05\/galeria4.jpg\" class=\"inside-gallery-item\"> \r\n            <div class=\"gallery-item-image\">\r\n                <img loading=\"lazy\" decoding=\"async\" width=\"400\" height=\"400\" src=\"https:\/\/www.lacala.com\/wp-content\/uploads\/2025\/05\/galeria4-400x400.jpg\" class=\"gallery-image\" alt=\"\" srcset=\"https:\/\/www.lacala.com\/wp-content\/uploads\/2025\/05\/galeria4-400x400.jpg 400w, https:\/\/www.lacala.com\/wp-content\/uploads\/2025\/05\/galeria4-300x300.jpg 300w, https:\/\/www.lacala.com\/wp-content\/uploads\/2025\/05\/galeria4-150x150.jpg 150w, https:\/\/www.lacala.com\/wp-content\/uploads\/2025\/05\/galeria4-50x50.jpg 50w, https:\/\/www.lacala.com\/wp-content\/uploads\/2025\/05\/galeria4.jpg 410w\" sizes=\"auto, (max-width: 400px) 100vw, 400px\">            <\/div>\r\n        <\/a>\r\n                <a href=\"https:\/\/www.lacala.com\/wp-content\/uploads\/2025\/05\/galeria3.jpg\" class=\"inside-gallery-item\"> \r\n            <div class=\"gallery-item-image\">\r\n                <img loading=\"lazy\" decoding=\"async\" width=\"400\" height=\"400\" src=\"https:\/\/www.lacala.com\/wp-content\/uploads\/2025\/05\/galeria3-400x400.jpg\" class=\"gallery-image\" alt=\"\" srcset=\"https:\/\/www.lacala.com\/wp-content\/uploads\/2025\/05\/galeria3-400x400.jpg 400w, https:\/\/www.lacala.com\/wp-content\/uploads\/2025\/05\/galeria3-300x300.jpg 300w, https:\/\/www.lacala.com\/wp-content\/uploads\/2025\/05\/galeria3-150x150.jpg 150w, https:\/\/www.lacala.com\/wp-content\/uploads\/2025\/05\/galeria3-50x50.jpg 50w, https:\/\/www.lacala.com\/wp-content\/uploads\/2025\/05\/galeria3.jpg 410w\" sizes=\"auto, (max-width: 400px) 100vw, 400px\">            <\/div>\r\n        <\/a>\r\n        \r\n    <\/div>\r\n     \r\n<\/section><!--blockstudio\/full-width\/location--><section class=\"fullwidth-two-section\">\r\n    <div class=\"fullwidth-two-image-wrap\">\r\n        <img loading=\"lazy\" decoding=\"async\" width=\"1920\" height=\"455\" src=\"https:\/\/www.lacala.com\/wp-content\/uploads\/2024\/12\/map_desktop_lcr_full-1920x455.png\" class=\"fullwidth-two-image\" alt=\"\" srcset=\"https:\/\/www.lacala.com\/wp-content\/uploads\/2024\/12\/map_desktop_lcr_full-1920x455.png 1920w, https:\/\/www.lacala.com\/wp-content\/uploads\/2024\/12\/map_desktop_lcr_full-300x71.png 300w, https:\/\/www.lacala.com\/wp-content\/uploads\/2024\/12\/map_desktop_lcr_full-1024x243.png 1024w, https:\/\/www.lacala.com\/wp-content\/uploads\/2024\/12\/map_desktop_lcr_full-768x182.png 768w, https:\/\/www.lacala.com\/wp-content\/uploads\/2024\/12\/map_desktop_lcr_full-1536x364.png 1536w, https:\/\/www.lacala.com\/wp-content\/uploads\/2024\/12\/map_desktop_lcr_full.png 2000w\" sizes=\"auto, (max-width: 1920px) 100vw, 1920px\">    <\/div>\r\n    <div class=\"fullwidth-two-content\">\r\n            <div class=\"fullwidth-two-logo-wrap\">\r\n                <img loading=\"lazy\" decoding=\"async\" width=\"300\" height=\"267\" src=\"https:\/\/www.lacala.com\/wp-content\/uploads\/2025\/03\/map-icon-1.png\" class=\"fullwidth-two-logo\" alt=\"\">            <\/div>\r\n            <div class=\"fullwidth-two-text-content\">\r\n                <h3 class=\"fullwidth-two-title\">Localizaci&oacute;n<\/h3>\r\n                <p class=\"fullwidth-two-text\">C. Mirador del Golf, 1, 29649 La Cala de Mijas, M&aacute;laga, Spain <br>Email: <a href=\"mailto:lacala@lacala.com\">lacala@lacala.com<\/a><br>Tel: <a href=\"tel:0034952669000\">(+34) 952 669 000<\/a><\/p>\r\n            <\/div>\r\n                            <a class=\"fullwidth-two-cta main-btn\" href=\"https:\/\/maps.app.goo.gl\/HEnmvYuunFpr89HT9\" target=\"\" rel=\"noopener\">\r\n                Localizaci&oacute;n<\/a>\r\n                <\/div>\r\n<\/section>","protected":false},"excerpt":{"rendered":"","protected":false},"author":11,"featured_media":0,"parent":45435,"menu_order":0,"comment_status":"closed","ping_status":"closed","template":"wp-custom-template-inside","meta":{"footnotes":""},"class_list":["post-48145","page","type-page","status-publish","hentry"],"_links":{"self":[{"href":"https:\/\/www.lacala.com\/es\/wp-json\/wp\/v2\/pages\/48145","targetHints":{"allow":["GET"]}}],"collection":[{"href":"https:\/\/www.lacala.com\/es\/wp-json\/wp\/v2\/pages"}],"about":[{"href":"https:\/\/www.lacala.com\/es\/wp-json\/wp\/v2\/types\/page"}],"author":[{"embeddable":true,"href":"https:\/\/www.lacala.com\/es\/wp-json\/wp\/v2\/users\/11"}],"replies":[{"embeddable":true,"href":"https:\/\/www.lacala.com\/es\/wp-json\/wp\/v2\/comments?post=48145"}],"version-history":[{"count":0,"href":"https:\/\/www.lacala.com\/es\/wp-json\/wp\/v2\/pages\/48145\/revisions"}],"up":[{"embeddable":true,"href":"https:\/\/www.lacala.com\/es\/wp-json\/wp\/v2\/pages\/45435"}],"wp:attachment":[{"href":"https:\/\/www.lacala.com\/es\/wp-json\/wp\/v2\/media?parent=48145"}],"curies":[{"name":"wp","href":"https:\/\/api.w.org\/{rel}","templated":true}]}}