{"id":48276,"date":"2025-11-12T12:16:41","date_gmt":"2025-11-12T12:16:41","guid":{"rendered":"https:\/\/www.lacala.com\/events\/la-cala-golf-world-open\/"},"modified":"2025-12-05T15:22:35","modified_gmt":"2025-12-05T15:22:35","slug":"la-cala-golf-world-open","status":"publish","type":"page","link":"https:\/\/www.lacala.com\/es\/events\/la-cala-golf-world-open\/","title":{"rendered":"La Cala Golf World Open"},"content":{"rendered":"<!--blockstudio\/banner\/banner-gallery--><section class=\"main-banner-section half-height\">\r\n    <div class=\"main-banner\">\r\n\r\n        <img loading=\"lazy\" decoding=\"async\" width=\"1920\" height=\"595\" src=\"https:\/\/www.lacala.com\/wp-content\/uploads\/2025\/11\/cabecera.jpg\" class=\"main-banner-file desktop\" alt=\"\" srcset=\"https:\/\/www.lacala.com\/wp-content\/uploads\/2025\/11\/cabecera.jpg 1920w, https:\/\/www.lacala.com\/wp-content\/uploads\/2025\/11\/cabecera-300x93.jpg 300w, https:\/\/www.lacala.com\/wp-content\/uploads\/2025\/11\/cabecera-1024x317.jpg 1024w, https:\/\/www.lacala.com\/wp-content\/uploads\/2025\/11\/cabecera-768x238.jpg 768w, https:\/\/www.lacala.com\/wp-content\/uploads\/2025\/11\/cabecera-1536x476.jpg 1536w\" sizes=\"auto, (max-width: 1920px) 100vw, 1920px\" \/>\r\n        <div class=\"banner-overlay\"><\/div>\r\n        <div class=\"main-banner-content\">            \r\n               \r\n             \r\n        <\/div>\r\n       \r\n    <\/div>\r\n<\/section><!--blockstudio\/secondary-content\/secondary-content--><section class=\"secondary-content\">\r\n<div class=\"secondary-content-wrap\">    \r\n    <div class=\"secondary-content-content\">\r\n                    <h3 class=\"secondary-content-title\">LA CALA GOLF WORLD OPEN<\/h3>\r\n                <div class=\"secondary-content-text\">\r\n            <p>\u00a1Bienvenidos al <strong>XX aniversario de La Cala Golf World Open! <\/strong>Es un verdadero placer para todo el equipo de La Cala Resort daros la bienvenida a esta edici\u00f3n tan especial de nuestro torneo. La cuenta atr\u00e1s ha comenzado y estamos encantados de compartir con vosotros una semana llena de golf de primer nivel, momentos inolvidables y la mejor experiencia tanto dentro como fuera del campo. <\/p><p>Para ayudarte a planificar tu semana y asegurarte de que no te pierdas nada, hemos preparado el programa completo de la semana. Aqu\u00ed encontrar\u00e1s todos los horarios, actividades y eventos especiales que hemos organizado para ti. <\/p><p>Adem\u00e1s, le rogamos que rellene el siguiente formulario con algunos <strong>datos importantes<\/strong>, como su h\u00e1ndicap, cualquier alergia o requisito diet\u00e9tico especial y otros detalles esenciales. Su colaboraci\u00f3n es fundamental para garantizar que todo salga bien y que podamos ofrecerle la mejor experiencia posible durante el torneo. <\/p>                                            <a class=\"primary-cta main-btn\" href=\"https:\/\/lacalagolfresort.com\/pdf\/eventos\/lcgwo25\/program_eng.pdf\" target=\"_blank\" rel=\"noopener\">VER EL PROGRAMA<\/a>\r\n                \r\n                    <\/div>\r\n    <\/div>\r\n    <div class=\"secondary-content-image\">\r\n        <img loading=\"lazy\" decoding=\"async\" width=\"713\" height=\"500\" src=\"https:\/\/www.lacala.com\/wp-content\/uploads\/2025\/11\/interna.jpg\" class=\"secondary-content-img\" alt=\"\" srcset=\"https:\/\/www.lacala.com\/wp-content\/uploads\/2025\/11\/interna.jpg 713w, https:\/\/www.lacala.com\/wp-content\/uploads\/2025\/11\/interna-300x210.jpg 300w\" sizes=\"auto, (max-width: 713px) 100vw, 713px\" \/>    <\/div>\r\n<\/div>\r\n<\/section>\n<figure class=\"wp-block-table aligncenter\"><table><thead><tr><th><\/th><th class=\"has-text-align-center\" data-align=\"center\">Tee Times \/ Resultados<\/th><\/tr><\/thead><tbody><tr><td>Texas Scramble Grupo 1 &#8211; Asia 25 Noviembre<\/td><td class=\"has-text-align-center\" data-align=\"center\"><a href=\"https:\/\/www.golfdirecto.com\/micro\/game\/69174033feb869828d6ff624\/summary?lang=es\" target=\"_blank\" rel=\"noreferrer noopener\">Ver<\/a><\/td><\/tr><tr><td>Texas Scramble Group 2 &#8211; America 25 Noviembre<\/td><td class=\"has-text-align-center\" data-align=\"center\"><a href=\"https:\/\/www.golfdirecto.com\/micro\/game\/69174070feb869828d989cd5\/summary?lang=es\" target=\"_blank\" rel=\"noreferrer noopener\">Ver<\/a><\/td><\/tr><tr><td>XX LCGWO &#8211; Grupo 1 &#8211; 26-28 Noviembre<\/td><td class=\"has-text-align-center\" data-align=\"center\"><a href=\"https:\/\/www.golfdirecto.com\/micro\/game\/6917413ffeb869828d36349d\/summary?lang=es\" target=\"_blank\" rel=\"noreferrer noopener\">Ver<\/a><\/td><\/tr><tr><td>XX LCGWO &#8211; Grupo 2 &#8211; 26-2 Noviembre<\/td><td class=\"has-text-align-center\" data-align=\"center\"><a href=\"https:\/\/www.golfdirecto.com\/micro\/game\/6917417dfeb869828d64e1e8\/summary?lang=es\" target=\"_blank\" rel=\"noreferrer noopener\">Ver<\/a><\/td><\/tr><tr><td><strong>XX LA CALA GOLF WORLD OPEN &#8211; RESULTADOS<\/strong><\/td><td class=\"has-text-align-center\" data-align=\"center\"><a href=\"https:\/\/www.golfdirecto.com\/embed\/scroll\/6917441bfeb869828d421d69\/detail\" target=\"_blank\" rel=\"noreferrer noopener\">Ver<\/a><\/td><\/tr><\/tbody><\/table><\/figure>\n\n<div style=\"height:100px\" aria-hidden=\"true\" class=\"wp-block-spacer\"><\/div>\n<!--blockstudio\/full-width\/location--><section class=\"fullwidth-two-section\">\r\n    <div class=\"fullwidth-two-image-wrap\">\r\n        <img loading=\"lazy\" decoding=\"async\" width=\"1920\" height=\"455\" src=\"https:\/\/www.lacala.com\/wp-content\/uploads\/2024\/12\/map_desktop_lcr_full-1920x455.png\" class=\"fullwidth-two-image\" alt=\"\" srcset=\"https:\/\/www.lacala.com\/wp-content\/uploads\/2024\/12\/map_desktop_lcr_full-1920x455.png 1920w, https:\/\/www.lacala.com\/wp-content\/uploads\/2024\/12\/map_desktop_lcr_full-300x71.png 300w, https:\/\/www.lacala.com\/wp-content\/uploads\/2024\/12\/map_desktop_lcr_full-1024x243.png 1024w, https:\/\/www.lacala.com\/wp-content\/uploads\/2024\/12\/map_desktop_lcr_full-768x182.png 768w, https:\/\/www.lacala.com\/wp-content\/uploads\/2024\/12\/map_desktop_lcr_full-1536x364.png 1536w, https:\/\/www.lacala.com\/wp-content\/uploads\/2024\/12\/map_desktop_lcr_full.png 2000w\" sizes=\"auto, (max-width: 1920px) 100vw, 1920px\">    <\/div>\r\n    <div class=\"fullwidth-two-content\">\r\n            <div class=\"fullwidth-two-logo-wrap\">\r\n                <img loading=\"lazy\" decoding=\"async\" width=\"300\" height=\"267\" src=\"https:\/\/www.lacala.com\/wp-content\/uploads\/2025\/03\/map-icon-1.png\" class=\"fullwidth-two-logo\" alt=\"\">            <\/div>\r\n            <div class=\"fullwidth-two-text-content\">\r\n                <h3 class=\"fullwidth-two-title\">Localizaci&oacute;n<\/h3>\r\n                <p class=\"fullwidth-two-text\">C. Mirador del Golf, 1, 29649 La Cala de Mijas, M&aacute;laga, Spain <br>Email: <a href=\"mailto:lacala@lacala.com\">lacala@lacala.com<\/a><br>Tel: <a href=\"tel:0034952669000\">(+34) 952 669 000<\/a><\/p>\r\n            <\/div>\r\n                            <a class=\"fullwidth-two-cta main-btn\" href=\"https:\/\/maps.app.goo.gl\/HEnmvYuunFpr89HT9\" target=\"\" rel=\"noopener\">\r\n                Localizaci&oacute;n<\/a>\r\n                <\/div>\r\n<\/section>","protected":false},"excerpt":{"rendered":"<p>Tee Times \/ Resultados Texas Scramble Grupo 1 &#8211; Asia 25 Noviembre Ver Texas Scramble Group 2 &#8211; America 25 Noviembre Ver XX LCGWO &#8211; Grupo 1 &#8211; 26-28 Noviembre Ver XX LCGWO &#8211; Grupo 2 &#8211; 26-2 Noviembre Ver XX LA CALA GOLF WORLD OPEN &#8211; RESULTADOS Ver<\/p>\n","protected":false},"author":11,"featured_media":0,"parent":45435,"menu_order":8,"comment_status":"closed","ping_status":"closed","template":"wp-custom-template-inside","meta":{"footnotes":""},"class_list":["post-48276","page","type-page","status-publish","hentry"],"_links":{"self":[{"href":"https:\/\/www.lacala.com\/es\/wp-json\/wp\/v2\/pages\/48276","targetHints":{"allow":["GET"]}}],"collection":[{"href":"https:\/\/www.lacala.com\/es\/wp-json\/wp\/v2\/pages"}],"about":[{"href":"https:\/\/www.lacala.com\/es\/wp-json\/wp\/v2\/types\/page"}],"author":[{"embeddable":true,"href":"https:\/\/www.lacala.com\/es\/wp-json\/wp\/v2\/users\/11"}],"replies":[{"embeddable":true,"href":"https:\/\/www.lacala.com\/es\/wp-json\/wp\/v2\/comments?post=48276"}],"version-history":[{"count":0,"href":"https:\/\/www.lacala.com\/es\/wp-json\/wp\/v2\/pages\/48276\/revisions"}],"up":[{"embeddable":true,"href":"https:\/\/www.lacala.com\/es\/wp-json\/wp\/v2\/pages\/45435"}],"wp:attachment":[{"href":"https:\/\/www.lacala.com\/es\/wp-json\/wp\/v2\/media?parent=48276"}],"curies":[{"name":"wp","href":"https:\/\/api.w.org\/{rel}","templated":true}]}}