{"id":48319,"date":"2025-11-14T14:08:00","date_gmt":"2025-11-14T14:08:00","guid":{"rendered":"https:\/\/www.lacala.com\/golf\/academy\/la-cala-junior-golf-league\/"},"modified":"2026-04-13T10:56:49","modified_gmt":"2026-04-13T10:56:49","slug":"la-cala-junior-golf-league","status":"publish","type":"page","link":"https:\/\/www.lacala.com\/es\/golf\/academy\/la-cala-junior-golf-league\/","title":{"rendered":"La Cala Junior Golf League"},"content":{"rendered":"<!--blockstudio\/banner\/banner-gallery--><section class=\"main-banner-section half-height\">\r\n    <div class=\"main-banner\">\r\n\r\n        <img loading=\"lazy\" decoding=\"async\" width=\"1920\" height=\"595\" src=\"https:\/\/www.lacala.com\/wp-content\/uploads\/2025\/11\/liga-junior.jpg\" class=\"main-banner-file desktop\" alt=\"\" srcset=\"https:\/\/www.lacala.com\/wp-content\/uploads\/2025\/11\/liga-junior.jpg 1920w, https:\/\/www.lacala.com\/wp-content\/uploads\/2025\/11\/liga-junior-300x93.jpg 300w, https:\/\/www.lacala.com\/wp-content\/uploads\/2025\/11\/liga-junior-1024x317.jpg 1024w, https:\/\/www.lacala.com\/wp-content\/uploads\/2025\/11\/liga-junior-768x238.jpg 768w, https:\/\/www.lacala.com\/wp-content\/uploads\/2025\/11\/liga-junior-1536x476.jpg 1536w\" sizes=\"auto, (max-width: 1920px) 100vw, 1920px\">\r\n        <div class=\"banner-overlay\"><\/div>\r\n        <div class=\"main-banner-content\">            \r\n            <h2 class=\"main-banner-title\">La Cala Junior Golf League<\/h2>   \r\n             \r\n        <\/div>\r\n       \r\n    <\/div>\r\n<\/section><!--blockstudio\/primary-content-inside\/primary-content-inside--><div class=\"primary-content-wrap\">\r\n    <section class=\"breadcrumb-container\">\r\n        <div class=\"breadcrumbs\" xmlns:v=\"http:\/\/rdf.data-vocabulary.org\/#\"><a href=\"https:\/\/www.lacala.com\/es\/\" rel=\"v:url\" property=\"v:title\">Home<\/a> \/ <span class=\"current\">P&aacute;gina<\/span><\/div><!-- .breadcrumbs -->    <\/section>\r\n    \r\n    <section class=\"primary-content-section \">\r\n        <div class=\"primary-content no-image\">\r\n                        <div class=\"primary-text main-cont-txt\"><p>La Cala se complace en presentar su nueva <strong>Liga Juvenil de Golf<\/strong>, una emocionante serie dise&ntilde;ada para que los jugadores j&oacute;venes de entre 6 y 17 a&ntilde;os disfruten de una competici&oacute;n amistosa, desarrollen sus habilidades y sigan su progreso a lo largo de m&uacute;ltiples eventos. Con categor&iacute;as basadas en la edad, divertidos torneos de 9 hoyos y premios otorgados en cada evento, la liga ofrece un ambiente acogedor y motivador para todos los niveles, al tiempo que promueve el esp&iacute;ritu deportivo, la mejora y el amor por el juego. <\/p>                <div class=\"table-wrapper\">\n\n<figure class=\"wp-block-table is-style-stripes\"><table><tbody><tr><td class=\"has-text-align-left\" data-align=\"left\"><strong>Fechas<\/strong><\/td><td class=\"has-text-align-left\" data-align=\"left\"><\/td><\/tr><tr><td class=\"has-text-align-left\" data-align=\"left\">7 Dic 2025<\/td><td class=\"has-text-align-left\" data-align=\"left\"><a href=\"https:\/\/www.golfdirecto.com\/micro\/game\/6914b087cab5b51728d1b31e\/summary?lang=es\" data-type=\"link\" data-id=\"https:\/\/www.golfdirecto.com\/micro\/game\/6914b087cab5b51728d1b31e\/summary?lang=es\" target=\"_blank\" rel=\"noreferrer noopener\">VER RESULTADOS<\/a><\/td><\/tr><tr><td class=\"has-text-align-left\" data-align=\"left\">11 Enero 2026<\/td><td class=\"has-text-align-left\" data-align=\"left\"><a href=\"https:\/\/www.golfdirecto.com\/micro\/game\/69272a27968d52cb6efaad85\/summary?lang=es\" target=\"_blank\" rel=\"noreferrer noopener\">VER RESULTADOS<\/a><\/td><\/tr><tr><td class=\"has-text-align-left\" data-align=\"left\">22 Febrero 2026<\/td><td class=\"has-text-align-left\" data-align=\"left\"><a href=\"https:\/\/www.golfdirecto.com\/micro\/game\/696370bb37fab4f2ae18ecb7\/summary?lang=es\" target=\"_blank\" rel=\"noreferrer noopener\">VER RESULTADOS<\/a><\/td><\/tr><tr><td class=\"has-text-align-left\" data-align=\"left\">1 Marzo 2026<\/td><td class=\"has-text-align-left\" data-align=\"left\"><a href=\"https:\/\/www.golfdirecto.com\/micro\/game\/698dbbd2541d4ec110ea1d6a\/summary?lang=es\" target=\"_blank\" rel=\"noreferrer noopener\">VER RESULTADOS<\/a><\/td><\/tr><tr><td class=\"has-text-align-left\" data-align=\"left\">12 Abril 2026<\/td><td class=\"has-text-align-left\" data-align=\"left\"><a href=\"https:\/\/www.golfdirecto.com\/micro\/game\/69a44547e97c1e7a01b83dff\/summary?lang=es\" target=\"_blank\" rel=\"noreferrer noopener\">VER RESULTADOS<\/a><\/td><\/tr><tr><td class=\"has-text-align-left\" data-align=\"left\">10 Mayo 2026<\/td><td class=\"has-text-align-left\" data-align=\"left\"><a href=\"https:\/\/www.golfdirecto.com\/micro\/game\/69db5d32a298c55c57d8033c\/summary?lang=es\" target=\"_blank\" rel=\"noreferrer noopener\">Inscr&iacute;bete aqu&iacute;<\/a><\/td><\/tr><tr><td class=\"has-text-align-left\" data-align=\"left\">7 Junio 2026<\/td><td class=\"has-text-align-left\" data-align=\"left\"><\/td><\/tr><tr><td class=\"has-text-align-left\" data-align=\"left\">28 Junio 2026<\/td><td class=\"has-text-align-left\" data-align=\"left\"><\/td><\/tr><tr><td class=\"has-text-align-left\" data-align=\"left\">28 Junio 2026<\/td><td class=\"has-text-align-left\" data-align=\"left\">&#129351; 1.&ordm; puesto: Trofeo + Bolsa de golf + Membres&iacute;a anual en The Golf Hub.<br>&#129352; 2.&ordm; puesto: Trofeo + Polo La Cala + Membres&iacute;a de 3 meses en The Golf Hub.<br>&#129353; 3.&ordm; puesto: Trofeo + Gorra + Membres&iacute;a de 1 mes en The Golf Hub.<br>*Sorteo de regalos para todos los participantes durante la ceremonia final de entrega de premios.<\/td><\/tr><\/tbody><\/table><\/figure>\n\n<\/div>\r\n            <\/div>\r\n            \r\n            \r\n\r\n\r\n            \r\n        <\/div>\r\n            <\/section>\r\n<\/div><!--blockstudio\/featured-area\/featured-area--><div class=\"featured-content-wrap\">    \r\n    <section class=\"featured-content-section\">\r\n        <div class=\"featured-content \">\r\n            <div class=\"featured-text\">\r\n                <h3 class=\"featured-title\">Lo m\u00e1s destacado<\/h3>\r\n                <ul><li><p>Todas las ni\u00f1as y ni\u00f1os de entre 6 y 17 a\u00f1os, ambos inclusive, podr\u00e1n participar y competir como jugadores en esta liga.<\/p><\/li><li><p>La cuota de inscripci\u00f3n ser\u00e1 de 10 \u20ac para todas las edades y ambas categor\u00edas, y se realizar\u00e1 a trav\u00e9s del enlace que aparece en el calendario anterior a trav\u00e9s de Golf Directo.<\/p><\/li><li><p>No se requiere handicap oficial<\/p><\/li><li><p>Cada evento tendr\u00e1 un ganador (y un subcampe\u00f3n en la categor\u00eda juvenil). Al final de la liga, habr\u00e1 premios para los tres primeros puestos de la clasificaci\u00f3n general.<\/p><\/li><\/ul><p><\/p>            <\/div>\r\n                    <\/div>\r\n                <div class=\"featured-image-wrap\">\r\n            <img loading=\"lazy\" decoding=\"async\" width=\"862\" height=\"517\" src=\"https:\/\/www.lacala.com\/wp-content\/uploads\/2025\/11\/interna-liga-junior.png\" class=\"featured-image-d\" alt=\"\" srcset=\"https:\/\/www.lacala.com\/wp-content\/uploads\/2025\/11\/interna-liga-junior.png 862w, https:\/\/www.lacala.com\/wp-content\/uploads\/2025\/11\/interna-liga-junior-300x180.png 300w, https:\/\/www.lacala.com\/wp-content\/uploads\/2025\/11\/interna-liga-junior-768x461.png 768w\" sizes=\"auto, (max-width: 862px) 100vw, 862px\" \/> \r\n        <\/div>\r\n            <\/section>\r\n<\/div><!--blockstudio\/full-width\/location--><section class=\"fullwidth-two-section\">\r\n    <div class=\"fullwidth-two-image-wrap\">\r\n        <img loading=\"lazy\" decoding=\"async\" width=\"1920\" height=\"455\" src=\"https:\/\/www.lacala.com\/wp-content\/uploads\/2024\/12\/map_desktop_lcr_full-1920x455.png\" class=\"fullwidth-two-image\" alt=\"\" srcset=\"https:\/\/www.lacala.com\/wp-content\/uploads\/2024\/12\/map_desktop_lcr_full-1920x455.png 1920w, https:\/\/www.lacala.com\/wp-content\/uploads\/2024\/12\/map_desktop_lcr_full-300x71.png 300w, https:\/\/www.lacala.com\/wp-content\/uploads\/2024\/12\/map_desktop_lcr_full-1024x243.png 1024w, https:\/\/www.lacala.com\/wp-content\/uploads\/2024\/12\/map_desktop_lcr_full-768x182.png 768w, https:\/\/www.lacala.com\/wp-content\/uploads\/2024\/12\/map_desktop_lcr_full-1536x364.png 1536w, https:\/\/www.lacala.com\/wp-content\/uploads\/2024\/12\/map_desktop_lcr_full.png 2000w\" sizes=\"auto, (max-width: 1920px) 100vw, 1920px\">    <\/div>\r\n    <div class=\"fullwidth-two-content\">\r\n            <div class=\"fullwidth-two-logo-wrap\">\r\n                <img loading=\"lazy\" decoding=\"async\" width=\"300\" height=\"267\" src=\"https:\/\/www.lacala.com\/wp-content\/uploads\/2025\/03\/map-icon-1.png\" class=\"fullwidth-two-logo\" alt=\"\">            <\/div>\r\n            <div class=\"fullwidth-two-text-content\">\r\n                <h3 class=\"fullwidth-two-title\">Localizaci&oacute;n<\/h3>\r\n                <p class=\"fullwidth-two-text\">C. Mirador del Golf, 1, 29649 La Cala de Mijas, M&aacute;laga, Spain <br>Email: <a href=\"mailto:academia@lacala.com\"><\/a><a href=\"mailto:academia@lacala.com\" target=\"_blank\" rel=\"noreferrer noopener\">academia<\/a>@lacala.com<br>Tel: <a href=\"tel:0034952669000\">(+34) 952 669 037<\/a><\/p>\r\n            <\/div>\r\n                            <a class=\"fullwidth-two-cta main-btn\" href=\"https:\/\/maps.app.goo.gl\/HEnmvYuunFpr89HT9\" target=\"\" rel=\"noopener\">\r\n                Localizaci&oacute;n<\/a>\r\n                <\/div>\r\n<\/section>","protected":false},"excerpt":{"rendered":"","protected":false},"author":11,"featured_media":0,"parent":43820,"menu_order":3,"comment_status":"closed","ping_status":"closed","template":"wp-custom-template-inside","meta":{"footnotes":""},"class_list":["post-48319","page","type-page","status-publish","hentry"],"_links":{"self":[{"href":"https:\/\/www.lacala.com\/es\/wp-json\/wp\/v2\/pages\/48319","targetHints":{"allow":["GET"]}}],"collection":[{"href":"https:\/\/www.lacala.com\/es\/wp-json\/wp\/v2\/pages"}],"about":[{"href":"https:\/\/www.lacala.com\/es\/wp-json\/wp\/v2\/types\/page"}],"author":[{"embeddable":true,"href":"https:\/\/www.lacala.com\/es\/wp-json\/wp\/v2\/users\/11"}],"replies":[{"embeddable":true,"href":"https:\/\/www.lacala.com\/es\/wp-json\/wp\/v2\/comments?post=48319"}],"version-history":[{"count":3,"href":"https:\/\/www.lacala.com\/es\/wp-json\/wp\/v2\/pages\/48319\/revisions"}],"predecessor-version":[{"id":50717,"href":"https:\/\/www.lacala.com\/es\/wp-json\/wp\/v2\/pages\/48319\/revisions\/50717"}],"up":[{"embeddable":true,"href":"https:\/\/www.lacala.com\/es\/wp-json\/wp\/v2\/pages\/43820"}],"wp:attachment":[{"href":"https:\/\/www.lacala.com\/es\/wp-json\/wp\/v2\/media?parent=48319"}],"curies":[{"name":"wp","href":"https:\/\/api.w.org\/{rel}","templated":true}]}}