{"id":49052,"date":"2025-09-25T08:33:42","date_gmt":"2025-09-25T08:33:42","guid":{"rendered":"https:\/\/www.lacala.com\/residential\/alquile-con-nosotros\/"},"modified":"2026-01-29T15:36:55","modified_gmt":"2026-01-29T15:36:55","slug":"alquile-con-nosotros","status":"publish","type":"page","link":"https:\/\/www.lacala.com\/es\/real-estate\/alquile-con-nosotros\/","title":{"rendered":"Alquile con nosotros"},"content":{"rendered":"<!--blockstudio\/banner\/banner-gallery--><section class=\"main-banner-section half-height\">\r\n    <div class=\"main-banner\">\r\n\r\n        <img loading=\"lazy\" decoding=\"async\" width=\"1920\" height=\"624\" src=\"https:\/\/www.lacala.com\/wp-content\/uploads\/2025\/08\/header-rental-1920x624.jpg\" class=\"main-banner-file desktop\" alt=\"\">\r\n        <div class=\"banner-overlay\"><\/div>\r\n        <div class=\"main-banner-content\">            \r\n            <h2 class=\"main-banner-title\">La clave para tu comienzo<\/h2>   \r\n             \r\n        <\/div>\r\n       \r\n    <\/div>\r\n<\/section><!--blockstudio\/primary-content\/primary-content--><div class=\"primary-content-wrap\">\r\n    <section class=\"breadcrumb-container\">\r\n        <div class=\"breadcrumbs\" xmlns:v=\"http:\/\/rdf.data-vocabulary.org\/#\"><a href=\"https:\/\/www.lacala.com\/es\/\" rel=\"v:url\" property=\"v:title\">Home<\/a> \/ <span class=\"current\">P&aacute;gina<\/span><\/div><!-- .breadcrumbs -->    <\/section>\r\n    \r\n    <section class=\"primary-content-section \">\r\n        <div class=\"primary-content no-image\">\r\n            <h1 class=\"primary-title\">Alquila y gana<\/h1>\r\n            <div class=\"primary-text main-cont-txt js-read-more\"><p>Si est&aacute; pensando en sacar el m&aacute;ximo partido a su inversi&oacute;n inmobiliaria, puede alquilarla por periodos cortos para cubrir los gastos anuales, o con mayor frecuencia para obtener mayores ingresos por alquiler.<\/p><p><\/p><p><\/p>                <div class=\"table-wrapper\">\n\n<p>Saca rendimiento de una manera sencilla:<\/p>\n\n\n\n<p>&bull; <strong>Demanda durante todo el a&ntilde;o<\/strong>. La Cala Resort atrae a visitantes internacionales cada mes gracias al golf, el spa, la proximidad a las playas y sus instalaciones de primera categor&iacute;a.<\/p>\n\n\n\n<p>&bull; <strong>Alquileres flexibles<\/strong>. Elija estancias cortas para cubrir los gastos anuales o plazos m&aacute;s largos para obtener rendimientos estables.<\/p>\n\n\n\n<p>&bull; <strong>Alto potencial de rentabilidad<\/strong>. Los alquileres vacacionales bien gestionados en la Costa del Sol generan resultados atractivos, especialmente en temporada alta.<\/p>\n\n\n\n<p><strong>&bull; Ventajas del estilo de vida en un complejo tur&iacute;stico.<\/strong> Las propiedades dentro de La Cala Resort tienen acceso a piscinas, golf, deportes de raqueta, restaurantes y gimnasio, caracter&iacute;sticas muy deseables para los hu&eacute;spedes de temporada.<\/p>\n\n\n\n<p><\/p>\n\n<\/div>\r\n            <\/div>\r\n                    <\/div>\r\n            <\/section>\r\n<\/div><!--blockstudio\/featured-area\/featured-area--><div class=\"featured-content-wrap\">    \r\n    <section class=\"featured-content-section\">\r\n        <div class=\"featured-content \">\r\n            <div class=\"featured-text\">\r\n                <h3 class=\"featured-title\">Tipos de alquileres disponibles<\/h3>\r\n                <ul><li><p><strong>Apartamentos y \u00e1ticos.<\/strong> Viviendas totalmente amuebladas de 2 y 3 dormitorios con piscinas comunitarias, perfectas para parejas o familias peque\u00f1as.<\/p><\/li><li><p><strong>Adosadas.<\/strong> Amplias viviendas con aut\u00e9ntico car\u00e1cter andaluz o dise\u00f1o moderno, ideales para estancias prolongadas o grupos.<\/p><\/li><li><p><strong>Villas de lujo.<\/strong> Propiedades privadas con vistas panor\u00e1micas, jardines y acabados de alta gama para una estancia m\u00e1s exclusiva.<\/p><\/li><\/ul>            <\/div>\r\n                    <\/div>\r\n                <div class=\"featured-image-wrap\">\r\n            <img loading=\"lazy\" decoding=\"async\" width=\"713\" height=\"500\" src=\"https:\/\/www.lacala.com\/wp-content\/uploads\/2025\/08\/rentals-interna-villas.jpg\" class=\"featured-image-d\" alt=\"\" srcset=\"https:\/\/www.lacala.com\/wp-content\/uploads\/2025\/08\/rentals-interna-villas.jpg 713w, https:\/\/www.lacala.com\/wp-content\/uploads\/2025\/08\/rentals-interna-villas-300x210.jpg 300w\" sizes=\"auto, (max-width: 713px) 100vw, 713px\" \/> \r\n        <\/div>\r\n            <\/section>\r\n<\/div><!--blockstudio\/primary-content-inside\/primary-content-inside--><div class=\"primary-content-wrap\">\r\n    \r\n    <section class=\"primary-content-section no-breadcrumb-fix\">\r\n        <div class=\"primary-content no-image\">\r\n                        <div class=\"primary-text main-cont-txt\">                <div class=\"table-wrapper\">\n\n<p><\/p>\n\n<\/div>\r\n            <\/div>\r\n            \r\n            \r\n\r\n\r\n            \r\n        <\/div>\r\n            <\/section>\r\n<\/div><!--blockstudio\/full-width\/location--><section class=\"fullwidth-two-section\">\r\n    <div class=\"fullwidth-two-image-wrap\">\r\n        <img loading=\"lazy\" decoding=\"async\" width=\"1920\" height=\"455\" src=\"https:\/\/www.lacala.com\/wp-content\/uploads\/2024\/12\/map_desktop_lcr_full-1920x455.png\" class=\"fullwidth-two-image\" alt=\"\" srcset=\"https:\/\/www.lacala.com\/wp-content\/uploads\/2024\/12\/map_desktop_lcr_full-1920x455.png 1920w, https:\/\/www.lacala.com\/wp-content\/uploads\/2024\/12\/map_desktop_lcr_full-300x71.png 300w, https:\/\/www.lacala.com\/wp-content\/uploads\/2024\/12\/map_desktop_lcr_full-1024x243.png 1024w, https:\/\/www.lacala.com\/wp-content\/uploads\/2024\/12\/map_desktop_lcr_full-768x182.png 768w, https:\/\/www.lacala.com\/wp-content\/uploads\/2024\/12\/map_desktop_lcr_full-1536x364.png 1536w, https:\/\/www.lacala.com\/wp-content\/uploads\/2024\/12\/map_desktop_lcr_full.png 2000w\" sizes=\"auto, (max-width: 1920px) 100vw, 1920px\">    <\/div>\r\n    <div class=\"fullwidth-two-content\">\r\n            <div class=\"fullwidth-two-logo-wrap\">\r\n                <img loading=\"lazy\" decoding=\"async\" width=\"300\" height=\"267\" src=\"https:\/\/www.lacala.com\/wp-content\/uploads\/2025\/03\/map-icon-1.png\" class=\"fullwidth-two-logo\" alt=\"\">            <\/div>\r\n            <div class=\"fullwidth-two-text-content\">\r\n                <h3 class=\"fullwidth-two-title\">Localizaci&oacute;n<\/h3>\r\n                <p class=\"fullwidth-two-text\">C. Mirador del Golf, 1, 29649 La Cala de Mijas, M&aacute;laga, Spain <br>Email: <a href=\"mailto:realestate@lacala.com\">realestate@lacala.com<\/a><br>Tel: <a href=\"tel:0034952669027\">(+34) 952 669 027<\/a><\/p>\r\n            <\/div>\r\n                            <a class=\"fullwidth-two-cta main-btn\" href=\"https:\/\/maps.app.goo.gl\/HEnmvYuunFpr89HT9\" target=\"\" rel=\"noopener\">\r\n                Localizaci&oacute;n<\/a>\r\n                <\/div>\r\n<\/section>\n<p><\/p>\n","protected":false},"excerpt":{"rendered":"","protected":false},"author":11,"featured_media":0,"parent":44503,"menu_order":6,"comment_status":"closed","ping_status":"closed","template":"wp-custom-template-inside","meta":{"footnotes":""},"class_list":["post-49052","page","type-page","status-publish","hentry"],"_links":{"self":[{"href":"https:\/\/www.lacala.com\/es\/wp-json\/wp\/v2\/pages\/49052","targetHints":{"allow":["GET"]}}],"collection":[{"href":"https:\/\/www.lacala.com\/es\/wp-json\/wp\/v2\/pages"}],"about":[{"href":"https:\/\/www.lacala.com\/es\/wp-json\/wp\/v2\/types\/page"}],"author":[{"embeddable":true,"href":"https:\/\/www.lacala.com\/es\/wp-json\/wp\/v2\/users\/11"}],"replies":[{"embeddable":true,"href":"https:\/\/www.lacala.com\/es\/wp-json\/wp\/v2\/comments?post=49052"}],"version-history":[{"count":0,"href":"https:\/\/www.lacala.com\/es\/wp-json\/wp\/v2\/pages\/49052\/revisions"}],"up":[{"embeddable":true,"href":"https:\/\/www.lacala.com\/es\/wp-json\/wp\/v2\/pages\/44503"}],"wp:attachment":[{"href":"https:\/\/www.lacala.com\/es\/wp-json\/wp\/v2\/media?parent=49052"}],"curies":[{"name":"wp","href":"https:\/\/api.w.org\/{rel}","templated":true}]}}